{"id":474,"date":"2024-02-12T12:31:55","date_gmt":"2024-02-12T11:31:55","guid":{"rendered":"https:\/\/capscrea.com\/?post_type=product&#038;p=474"},"modified":"2024-07-21T11:11:24","modified_gmt":"2024-07-21T09:11:24","slug":"kiwi-bleu-azur","status":"publish","type":"product","link":"https:\/\/capscrea.com\/index.php\/produit\/kiwi-bleu-azur\/","title":{"rendered":"KIWI Ensemble trousses de toilette Bleu azur"},"content":{"rendered":"<p>Ensemble de toilette r\u00e9alis\u00e9\u00a0 avec des\u00a0 capsules de canettes inoxydables recycl\u00e9es: tri\u00e9es, lav\u00e9es, d\u00e9sinfect\u00e9es, calibr\u00e9es, assembl\u00e9es au crochet avec du coton.<\/p>\n<p>Trousse :<\/p>\n<p>Larg. 25 cm Ht 20 cm Epais. 6 cm &#8211; Int\u00e9rieur doubl\u00e9 &#8211; Fermeture \u00e0 glissi\u00e8re<\/p>\n<p>Trousse \u00e0 maquillage :<\/p>\n<p>Larg. 15 Ht 8.5 Epais. 7.5 cm &#8211; Int\u00e9rieur doubl\u00e9\u00a0 &#8211; Fermeture \u00e0 glissi\u00e8re<\/p>\n<p>Etui crayons\/pinceaux :<\/p>\n<p>Long. 17 cm Larg. 5 cm Ht 5 cm &#8211; Fermeture \u00e0 glissi\u00e8re<\/p>\n<p>&nbsp;<\/p>\n<p>Enti\u00e8rement fait main.<\/p>\n<p>Fabrication et fournitures fran\u00e7aises<\/p>\n","protected":false},"excerpt":{"rendered":"<p>Composants : Capsules alu + coton<\/p>\n<p>Enti\u00e8rement fait main<\/p>\n<p>Fabrication artisanale fran\u00e7aise<\/p>\n<p>Lavage manuel \u00e0 basse temp\u00e9rature<\/p>\n<p>&nbsp;<\/p>\n<p>&nbsp;<\/p>\n","protected":false},"featured_media":206,"comment_status":"open","ping_status":"closed","template":"","meta":[],"product_brand":[],"product_cat":[24],"product_tag":[],"class_list":{"0":"post-474","1":"product","2":"type-product","3":"status-publish","4":"has-post-thumbnail","6":"product_cat-accessoires","8":"first","9":"instock","10":"taxable","11":"shipping-taxable","12":"purchasable","13":"product-type-simple"},"yoast_head":"<!-- This site is optimized with the Yoast SEO plugin v27.4 - https:\/\/yoast.com\/product\/yoast-seo-wordpress\/ -->\n<title>KIWI Ensemble trousses de toilette Bleu azur - CAPS CREA<\/title>\n<meta name=\"description\" content=\"Bel ensemble de toilette : trousse de toilette, trousse \u00e0 maquillage, trousse \u00e0 pinceaux entirement fait main, tr\u00e8s \u00e9l\u00e8gant et pratique \u00e0 la fois.\" \/>\n<meta name=\"robots\" content=\"index, follow, max-snippet:-1, max-image-preview:large, max-video-preview:-1\" \/>\n<link rel=\"canonical\" href=\"https:\/\/capscrea.com\/index.php\/produit\/kiwi-bleu-azur\/\" \/>\n<meta property=\"og:locale\" content=\"fr_FR\" \/>\n<meta property=\"og:type\" content=\"article\" \/>\n<meta property=\"og:title\" content=\"KIWI Ensemble trousses de toilette Bleu azur - CAPS CREA\" \/>\n<meta property=\"og:description\" content=\"Bel ensemble de toilette : trousse de toilette, trousse \u00e0 maquillage, trousse \u00e0 pinceaux entirement fait main, tr\u00e8s \u00e9l\u00e8gant et pratique \u00e0 la fois.\" \/>\n<meta property=\"og:url\" content=\"https:\/\/capscrea.com\/index.php\/produit\/kiwi-bleu-azur\/\" \/>\n<meta property=\"og:site_name\" content=\"CAPS CREA\" \/>\n<meta property=\"article:publisher\" content=\"https:\/\/capscrea.com\" \/>\n<meta property=\"article:modified_time\" content=\"2024-07-21T09:11:24+00:00\" \/>\n<meta property=\"og:image\" content=\"https:\/\/capscrea.com\/wp-content\/uploads\/2024\/02\/KIWI-Bleu-azur-IMG_20221114_151324-scaled.jpg\" \/>\n\t<meta property=\"og:image:width\" content=\"2560\" \/>\n\t<meta property=\"og:image:height\" content=\"1920\" \/>\n\t<meta property=\"og:image:type\" content=\"image\/jpeg\" \/>\n<meta name=\"twitter:card\" content=\"summary_large_image\" \/>\n<meta name=\"twitter:site\" content=\"@capscrea\" \/>\n<meta name=\"twitter:label1\" content=\"Dur\u00e9e de lecture estim\u00e9e\" \/>\n\t<meta name=\"twitter:data1\" content=\"1 minute\" \/>\n<script type=\"application\/ld+json\" class=\"yoast-schema-graph\">{\"@context\":\"https:\\\/\\\/schema.org\",\"@graph\":[{\"@type\":\"WebPage\",\"@id\":\"https:\\\/\\\/capscrea.com\\\/index.php\\\/produit\\\/kiwi-bleu-azur\\\/\",\"url\":\"https:\\\/\\\/capscrea.com\\\/index.php\\\/produit\\\/kiwi-bleu-azur\\\/\",\"name\":\"KIWI Ensemble trousses de toilette Bleu azur - CAPS CREA\",\"isPartOf\":{\"@id\":\"https:\\\/\\\/capscrea.com\\\/#website\"},\"primaryImageOfPage\":{\"@id\":\"https:\\\/\\\/capscrea.com\\\/index.php\\\/produit\\\/kiwi-bleu-azur\\\/#primaryimage\"},\"image\":{\"@id\":\"https:\\\/\\\/capscrea.com\\\/index.php\\\/produit\\\/kiwi-bleu-azur\\\/#primaryimage\"},\"thumbnailUrl\":\"https:\\\/\\\/capscrea.com\\\/wp-content\\\/uploads\\\/2024\\\/02\\\/KIWI-Bleu-azur-IMG_20221114_151324-scaled.jpg\",\"datePublished\":\"2024-02-12T11:31:55+00:00\",\"dateModified\":\"2024-07-21T09:11:24+00:00\",\"description\":\"Bel ensemble de toilette : trousse de toilette, trousse \u00e0 maquillage, trousse \u00e0 pinceaux entirement fait main, tr\u00e8s \u00e9l\u00e8gant et pratique \u00e0 la fois.\",\"breadcrumb\":{\"@id\":\"https:\\\/\\\/capscrea.com\\\/index.php\\\/produit\\\/kiwi-bleu-azur\\\/#breadcrumb\"},\"inLanguage\":\"fr-FR\",\"potentialAction\":[{\"@type\":\"ReadAction\",\"target\":[\"https:\\\/\\\/capscrea.com\\\/index.php\\\/produit\\\/kiwi-bleu-azur\\\/\"]}]},{\"@type\":\"ImageObject\",\"inLanguage\":\"fr-FR\",\"@id\":\"https:\\\/\\\/capscrea.com\\\/index.php\\\/produit\\\/kiwi-bleu-azur\\\/#primaryimage\",\"url\":\"https:\\\/\\\/capscrea.com\\\/wp-content\\\/uploads\\\/2024\\\/02\\\/KIWI-Bleu-azur-IMG_20221114_151324-scaled.jpg\",\"contentUrl\":\"https:\\\/\\\/capscrea.com\\\/wp-content\\\/uploads\\\/2024\\\/02\\\/KIWI-Bleu-azur-IMG_20221114_151324-scaled.jpg\",\"width\":2560,\"height\":1920},{\"@type\":\"BreadcrumbList\",\"@id\":\"https:\\\/\\\/capscrea.com\\\/index.php\\\/produit\\\/kiwi-bleu-azur\\\/#breadcrumb\",\"itemListElement\":[{\"@type\":\"ListItem\",\"position\":1,\"name\":\"Accueil\",\"item\":\"https:\\\/\\\/capscrea.com\\\/\"},{\"@type\":\"ListItem\",\"position\":2,\"name\":\"Boutique\",\"item\":\"https:\\\/\\\/capscrea.com\\\/index.php\\\/boutique-s\\\/\"},{\"@type\":\"ListItem\",\"position\":3,\"name\":\"KIWI Ensemble trousses de toilette Bleu azur\"}]},{\"@type\":\"WebSite\",\"@id\":\"https:\\\/\\\/capscrea.com\\\/#website\",\"url\":\"https:\\\/\\\/capscrea.com\\\/\",\"name\":\"CAPS CREA\",\"description\":\"Rien ne se perd tout se transforme !\",\"publisher\":{\"@id\":\"https:\\\/\\\/capscrea.com\\\/#organization\"},\"alternateName\":\"Sacs faits mains\",\"potentialAction\":[{\"@type\":\"SearchAction\",\"target\":{\"@type\":\"EntryPoint\",\"urlTemplate\":\"https:\\\/\\\/capscrea.com\\\/?s={search_term_string}\"},\"query-input\":{\"@type\":\"PropertyValueSpecification\",\"valueRequired\":true,\"valueName\":\"search_term_string\"}}],\"inLanguage\":\"fr-FR\"},{\"@type\":\"Organization\",\"@id\":\"https:\\\/\\\/capscrea.com\\\/#organization\",\"name\":\"CAPS CREA\",\"url\":\"https:\\\/\\\/capscrea.com\\\/\",\"logo\":{\"@type\":\"ImageObject\",\"inLanguage\":\"fr-FR\",\"@id\":\"https:\\\/\\\/capscrea.com\\\/#\\\/schema\\\/logo\\\/image\\\/\",\"url\":\"https:\\\/\\\/capscrea.com\\\/wp-content\\\/uploads\\\/2024\\\/01\\\/cropped-Design-sans-titre-2.png\",\"contentUrl\":\"https:\\\/\\\/capscrea.com\\\/wp-content\\\/uploads\\\/2024\\\/01\\\/cropped-Design-sans-titre-2.png\",\"width\":500,\"height\":450,\"caption\":\"CAPS CREA\"},\"image\":{\"@id\":\"https:\\\/\\\/capscrea.com\\\/#\\\/schema\\\/logo\\\/image\\\/\"},\"sameAs\":[\"https:\\\/\\\/capscrea.com\",\"https:\\\/\\\/x.com\\\/capscrea\"]}]}<\/script>\n<!-- \/ Yoast SEO plugin. -->","yoast_head_json":{"title":"KIWI Ensemble trousses de toilette Bleu azur - CAPS CREA","description":"Bel ensemble de toilette : trousse de toilette, trousse \u00e0 maquillage, trousse \u00e0 pinceaux entirement fait main, tr\u00e8s \u00e9l\u00e8gant et pratique \u00e0 la fois.","robots":{"index":"index","follow":"follow","max-snippet":"max-snippet:-1","max-image-preview":"max-image-preview:large","max-video-preview":"max-video-preview:-1"},"canonical":"https:\/\/capscrea.com\/index.php\/produit\/kiwi-bleu-azur\/","og_locale":"fr_FR","og_type":"article","og_title":"KIWI Ensemble trousses de toilette Bleu azur - CAPS CREA","og_description":"Bel ensemble de toilette : trousse de toilette, trousse \u00e0 maquillage, trousse \u00e0 pinceaux entirement fait main, tr\u00e8s \u00e9l\u00e8gant et pratique \u00e0 la fois.","og_url":"https:\/\/capscrea.com\/index.php\/produit\/kiwi-bleu-azur\/","og_site_name":"CAPS CREA","article_publisher":"https:\/\/capscrea.com","article_modified_time":"2024-07-21T09:11:24+00:00","og_image":[{"width":2560,"height":1920,"url":"https:\/\/capscrea.com\/wp-content\/uploads\/2024\/02\/KIWI-Bleu-azur-IMG_20221114_151324-scaled.jpg","type":"image\/jpeg"}],"twitter_card":"summary_large_image","twitter_site":"@capscrea","twitter_misc":{"Dur\u00e9e de lecture estim\u00e9e":"1 minute"},"schema":{"@context":"https:\/\/schema.org","@graph":[{"@type":"WebPage","@id":"https:\/\/capscrea.com\/index.php\/produit\/kiwi-bleu-azur\/","url":"https:\/\/capscrea.com\/index.php\/produit\/kiwi-bleu-azur\/","name":"KIWI Ensemble trousses de toilette Bleu azur - CAPS CREA","isPartOf":{"@id":"https:\/\/capscrea.com\/#website"},"primaryImageOfPage":{"@id":"https:\/\/capscrea.com\/index.php\/produit\/kiwi-bleu-azur\/#primaryimage"},"image":{"@id":"https:\/\/capscrea.com\/index.php\/produit\/kiwi-bleu-azur\/#primaryimage"},"thumbnailUrl":"https:\/\/capscrea.com\/wp-content\/uploads\/2024\/02\/KIWI-Bleu-azur-IMG_20221114_151324-scaled.jpg","datePublished":"2024-02-12T11:31:55+00:00","dateModified":"2024-07-21T09:11:24+00:00","description":"Bel ensemble de toilette : trousse de toilette, trousse \u00e0 maquillage, trousse \u00e0 pinceaux entirement fait main, tr\u00e8s \u00e9l\u00e8gant et pratique \u00e0 la fois.","breadcrumb":{"@id":"https:\/\/capscrea.com\/index.php\/produit\/kiwi-bleu-azur\/#breadcrumb"},"inLanguage":"fr-FR","potentialAction":[{"@type":"ReadAction","target":["https:\/\/capscrea.com\/index.php\/produit\/kiwi-bleu-azur\/"]}]},{"@type":"ImageObject","inLanguage":"fr-FR","@id":"https:\/\/capscrea.com\/index.php\/produit\/kiwi-bleu-azur\/#primaryimage","url":"https:\/\/capscrea.com\/wp-content\/uploads\/2024\/02\/KIWI-Bleu-azur-IMG_20221114_151324-scaled.jpg","contentUrl":"https:\/\/capscrea.com\/wp-content\/uploads\/2024\/02\/KIWI-Bleu-azur-IMG_20221114_151324-scaled.jpg","width":2560,"height":1920},{"@type":"BreadcrumbList","@id":"https:\/\/capscrea.com\/index.php\/produit\/kiwi-bleu-azur\/#breadcrumb","itemListElement":[{"@type":"ListItem","position":1,"name":"Accueil","item":"https:\/\/capscrea.com\/"},{"@type":"ListItem","position":2,"name":"Boutique","item":"https:\/\/capscrea.com\/index.php\/boutique-s\/"},{"@type":"ListItem","position":3,"name":"KIWI Ensemble trousses de toilette Bleu azur"}]},{"@type":"WebSite","@id":"https:\/\/capscrea.com\/#website","url":"https:\/\/capscrea.com\/","name":"CAPS CREA","description":"Rien ne se perd tout se transforme !","publisher":{"@id":"https:\/\/capscrea.com\/#organization"},"alternateName":"Sacs faits mains","potentialAction":[{"@type":"SearchAction","target":{"@type":"EntryPoint","urlTemplate":"https:\/\/capscrea.com\/?s={search_term_string}"},"query-input":{"@type":"PropertyValueSpecification","valueRequired":true,"valueName":"search_term_string"}}],"inLanguage":"fr-FR"},{"@type":"Organization","@id":"https:\/\/capscrea.com\/#organization","name":"CAPS CREA","url":"https:\/\/capscrea.com\/","logo":{"@type":"ImageObject","inLanguage":"fr-FR","@id":"https:\/\/capscrea.com\/#\/schema\/logo\/image\/","url":"https:\/\/capscrea.com\/wp-content\/uploads\/2024\/01\/cropped-Design-sans-titre-2.png","contentUrl":"https:\/\/capscrea.com\/wp-content\/uploads\/2024\/01\/cropped-Design-sans-titre-2.png","width":500,"height":450,"caption":"CAPS CREA"},"image":{"@id":"https:\/\/capscrea.com\/#\/schema\/logo\/image\/"},"sameAs":["https:\/\/capscrea.com","https:\/\/x.com\/capscrea"]}]}},"jetpack_sharing_enabled":true,"_links":{"self":[{"href":"https:\/\/capscrea.com\/index.php\/wp-json\/wp\/v2\/product\/474","targetHints":{"allow":["GET"]}}],"collection":[{"href":"https:\/\/capscrea.com\/index.php\/wp-json\/wp\/v2\/product"}],"about":[{"href":"https:\/\/capscrea.com\/index.php\/wp-json\/wp\/v2\/types\/product"}],"replies":[{"embeddable":true,"href":"https:\/\/capscrea.com\/index.php\/wp-json\/wp\/v2\/comments?post=474"}],"wp:featuredmedia":[{"embeddable":true,"href":"https:\/\/capscrea.com\/index.php\/wp-json\/wp\/v2\/media\/206"}],"wp:attachment":[{"href":"https:\/\/capscrea.com\/index.php\/wp-json\/wp\/v2\/media?parent=474"}],"wp:term":[{"taxonomy":"product_brand","embeddable":true,"href":"https:\/\/capscrea.com\/index.php\/wp-json\/wp\/v2\/product_brand?post=474"},{"taxonomy":"product_cat","embeddable":true,"href":"https:\/\/capscrea.com\/index.php\/wp-json\/wp\/v2\/product_cat?post=474"},{"taxonomy":"product_tag","embeddable":true,"href":"https:\/\/capscrea.com\/index.php\/wp-json\/wp\/v2\/product_tag?post=474"}],"curies":[{"name":"wp","href":"https:\/\/api.w.org\/{rel}","templated":true}]}}