{"id":449,"date":"2024-02-12T14:15:05","date_gmt":"2024-02-12T13:15:05","guid":{"rendered":"https:\/\/capscrea.com\/?post_type=product&#038;p=449"},"modified":"2025-05-23T09:33:16","modified_gmt":"2025-05-23T07:33:16","slug":"lucie-noir","status":"publish","type":"product","link":"https:\/\/capscrea.com\/index.php\/produit\/lucie-noir\/","title":{"rendered":"SAC CAPSULES LUCIE Noir"},"content":{"rendered":"<p>Ce sac a anses a \u00e9t\u00e9 r\u00e9alis\u00e9\u00a0 \u00a0avec 746 capsules de canettes inoxydables recycl\u00e9es: tri\u00e9es, lav\u00e9es, d\u00e9sinfect\u00e9es, calibr\u00e9es, assembl\u00e9es au crochet avec du coton Noir.<\/p>\n<p>Temps de cr\u00e9ation : 10 heures<\/p>\n<p>Larg. 24 cm\u00a0 \u00a0Ht 22 c m\u00a0 epais. 4 cm\u00a0 Anses 40 cm<\/p>\n<p>Fermeture m\u00e9tal<\/p>\n<p>Int\u00e9rieur doubl\u00e9<\/p>\n<p>Enti\u00e8rement fait main.<\/p>\n<p>Fabrication et fournitures fran\u00e7aises<\/p>\n","protected":false},"excerpt":{"rendered":"<p>Composition : Capsules alu + coton<\/p>\n<p>Tr\u00e8s l\u00e9ger<\/p>\n<p>Lavage manuel \u00e0 basse temp\u00e9rature<\/p>\n","protected":false},"featured_media":225,"comment_status":"open","ping_status":"closed","template":"","meta":[],"product_brand":[],"product_cat":[22],"product_tag":[],"class_list":{"0":"post-449","1":"product","2":"type-product","3":"status-publish","4":"has-post-thumbnail","6":"product_cat-sacs-anses","8":"first","9":"instock","10":"taxable","11":"shipping-taxable","12":"purchasable","13":"product-type-simple"},"yoast_head":"<!-- This site is optimized with the Yoast SEO plugin v27.4 - https:\/\/yoast.com\/product\/yoast-seo-wordpress\/ -->\n<title>SAC CAPSULES LUCIE Noir - CAPS CREA<\/title>\n<meta name=\"description\" content=\"Ce joli sac \u00e0 anses Lucie est \u00e0 la fois atypique, \u00e9l\u00e9gant et upcycl\u00e9. Vous pouvez \u00eatre s\u00fbr qu&#039;il ne laissera personne indiff\u00e9rent. Voil\u00e0 de quoi \u00e9tonner !\" \/>\n<meta name=\"robots\" content=\"index, follow, max-snippet:-1, max-image-preview:large, max-video-preview:-1\" \/>\n<link rel=\"canonical\" href=\"https:\/\/capscrea.com\/index.php\/produit\/lucie-noir\/\" \/>\n<meta property=\"og:locale\" content=\"fr_FR\" \/>\n<meta property=\"og:type\" content=\"article\" \/>\n<meta property=\"og:title\" content=\"SAC CAPSULES LUCIE Noir - CAPS CREA\" \/>\n<meta property=\"og:description\" content=\"Ce joli sac \u00e0 anses Lucie est \u00e0 la fois atypique, \u00e9l\u00e9gant et upcycl\u00e9. Vous pouvez \u00eatre s\u00fbr qu&#039;il ne laissera personne indiff\u00e9rent. Voil\u00e0 de quoi \u00e9tonner !\" \/>\n<meta property=\"og:url\" content=\"https:\/\/capscrea.com\/index.php\/produit\/lucie-noir\/\" \/>\n<meta property=\"og:site_name\" content=\"CAPS CREA\" \/>\n<meta property=\"article:publisher\" content=\"https:\/\/capscrea.com\" \/>\n<meta property=\"article:modified_time\" content=\"2025-05-23T07:33:16+00:00\" \/>\n<meta property=\"og:image\" content=\"https:\/\/capscrea.com\/wp-content\/uploads\/2024\/02\/LUCIE-Noir-IMG_20220309_112921-scaled.jpg\" \/>\n\t<meta property=\"og:image:width\" content=\"1231\" \/>\n\t<meta property=\"og:image:height\" content=\"2560\" \/>\n\t<meta property=\"og:image:type\" content=\"image\/jpeg\" \/>\n<meta name=\"twitter:card\" content=\"summary_large_image\" \/>\n<meta name=\"twitter:site\" content=\"@capscrea\" \/>\n<meta name=\"twitter:label1\" content=\"Dur\u00e9e de lecture estim\u00e9e\" \/>\n\t<meta name=\"twitter:data1\" content=\"1 minute\" \/>\n<script type=\"application\/ld+json\" class=\"yoast-schema-graph\">{\"@context\":\"https:\\\/\\\/schema.org\",\"@graph\":[{\"@type\":\"WebPage\",\"@id\":\"https:\\\/\\\/capscrea.com\\\/index.php\\\/produit\\\/lucie-noir\\\/\",\"url\":\"https:\\\/\\\/capscrea.com\\\/index.php\\\/produit\\\/lucie-noir\\\/\",\"name\":\"SAC CAPSULES LUCIE Noir - CAPS CREA\",\"isPartOf\":{\"@id\":\"https:\\\/\\\/capscrea.com\\\/#website\"},\"primaryImageOfPage\":{\"@id\":\"https:\\\/\\\/capscrea.com\\\/index.php\\\/produit\\\/lucie-noir\\\/#primaryimage\"},\"image\":{\"@id\":\"https:\\\/\\\/capscrea.com\\\/index.php\\\/produit\\\/lucie-noir\\\/#primaryimage\"},\"thumbnailUrl\":\"https:\\\/\\\/capscrea.com\\\/wp-content\\\/uploads\\\/2024\\\/02\\\/LUCIE-Noir-IMG_20220309_112921-scaled.jpg\",\"datePublished\":\"2024-02-12T13:15:05+00:00\",\"dateModified\":\"2025-05-23T07:33:16+00:00\",\"description\":\"Ce joli sac \u00e0 anses Lucie est \u00e0 la fois atypique, \u00e9l\u00e9gant et upcycl\u00e9. Vous pouvez \u00eatre s\u00fbr qu'il ne laissera personne indiff\u00e9rent. Voil\u00e0 de quoi \u00e9tonner !\",\"breadcrumb\":{\"@id\":\"https:\\\/\\\/capscrea.com\\\/index.php\\\/produit\\\/lucie-noir\\\/#breadcrumb\"},\"inLanguage\":\"fr-FR\",\"potentialAction\":[{\"@type\":\"ReadAction\",\"target\":[\"https:\\\/\\\/capscrea.com\\\/index.php\\\/produit\\\/lucie-noir\\\/\"]}]},{\"@type\":\"ImageObject\",\"inLanguage\":\"fr-FR\",\"@id\":\"https:\\\/\\\/capscrea.com\\\/index.php\\\/produit\\\/lucie-noir\\\/#primaryimage\",\"url\":\"https:\\\/\\\/capscrea.com\\\/wp-content\\\/uploads\\\/2024\\\/02\\\/LUCIE-Noir-IMG_20220309_112921-scaled.jpg\",\"contentUrl\":\"https:\\\/\\\/capscrea.com\\\/wp-content\\\/uploads\\\/2024\\\/02\\\/LUCIE-Noir-IMG_20220309_112921-scaled.jpg\",\"width\":1231,\"height\":2560},{\"@type\":\"BreadcrumbList\",\"@id\":\"https:\\\/\\\/capscrea.com\\\/index.php\\\/produit\\\/lucie-noir\\\/#breadcrumb\",\"itemListElement\":[{\"@type\":\"ListItem\",\"position\":1,\"name\":\"Accueil\",\"item\":\"https:\\\/\\\/capscrea.com\\\/\"},{\"@type\":\"ListItem\",\"position\":2,\"name\":\"Boutique\",\"item\":\"https:\\\/\\\/capscrea.com\\\/index.php\\\/boutique-s\\\/\"},{\"@type\":\"ListItem\",\"position\":3,\"name\":\"SAC CAPSULES LUCIE Noir\"}]},{\"@type\":\"WebSite\",\"@id\":\"https:\\\/\\\/capscrea.com\\\/#website\",\"url\":\"https:\\\/\\\/capscrea.com\\\/\",\"name\":\"CAPS CREA\",\"description\":\"Rien ne se perd tout se transforme !\",\"publisher\":{\"@id\":\"https:\\\/\\\/capscrea.com\\\/#organization\"},\"alternateName\":\"Sacs faits mains\",\"potentialAction\":[{\"@type\":\"SearchAction\",\"target\":{\"@type\":\"EntryPoint\",\"urlTemplate\":\"https:\\\/\\\/capscrea.com\\\/?s={search_term_string}\"},\"query-input\":{\"@type\":\"PropertyValueSpecification\",\"valueRequired\":true,\"valueName\":\"search_term_string\"}}],\"inLanguage\":\"fr-FR\"},{\"@type\":\"Organization\",\"@id\":\"https:\\\/\\\/capscrea.com\\\/#organization\",\"name\":\"CAPS CREA\",\"url\":\"https:\\\/\\\/capscrea.com\\\/\",\"logo\":{\"@type\":\"ImageObject\",\"inLanguage\":\"fr-FR\",\"@id\":\"https:\\\/\\\/capscrea.com\\\/#\\\/schema\\\/logo\\\/image\\\/\",\"url\":\"https:\\\/\\\/capscrea.com\\\/wp-content\\\/uploads\\\/2024\\\/01\\\/cropped-Design-sans-titre-2.png\",\"contentUrl\":\"https:\\\/\\\/capscrea.com\\\/wp-content\\\/uploads\\\/2024\\\/01\\\/cropped-Design-sans-titre-2.png\",\"width\":500,\"height\":450,\"caption\":\"CAPS CREA\"},\"image\":{\"@id\":\"https:\\\/\\\/capscrea.com\\\/#\\\/schema\\\/logo\\\/image\\\/\"},\"sameAs\":[\"https:\\\/\\\/capscrea.com\",\"https:\\\/\\\/x.com\\\/capscrea\"]}]}<\/script>\n<!-- \/ Yoast SEO plugin. -->","yoast_head_json":{"title":"SAC CAPSULES LUCIE Noir - CAPS CREA","description":"Ce joli sac \u00e0 anses Lucie est \u00e0 la fois atypique, \u00e9l\u00e9gant et upcycl\u00e9. Vous pouvez \u00eatre s\u00fbr qu'il ne laissera personne indiff\u00e9rent. Voil\u00e0 de quoi \u00e9tonner !","robots":{"index":"index","follow":"follow","max-snippet":"max-snippet:-1","max-image-preview":"max-image-preview:large","max-video-preview":"max-video-preview:-1"},"canonical":"https:\/\/capscrea.com\/index.php\/produit\/lucie-noir\/","og_locale":"fr_FR","og_type":"article","og_title":"SAC CAPSULES LUCIE Noir - CAPS CREA","og_description":"Ce joli sac \u00e0 anses Lucie est \u00e0 la fois atypique, \u00e9l\u00e9gant et upcycl\u00e9. Vous pouvez \u00eatre s\u00fbr qu'il ne laissera personne indiff\u00e9rent. Voil\u00e0 de quoi \u00e9tonner !","og_url":"https:\/\/capscrea.com\/index.php\/produit\/lucie-noir\/","og_site_name":"CAPS CREA","article_publisher":"https:\/\/capscrea.com","article_modified_time":"2025-05-23T07:33:16+00:00","og_image":[{"width":1231,"height":2560,"url":"https:\/\/capscrea.com\/wp-content\/uploads\/2024\/02\/LUCIE-Noir-IMG_20220309_112921-scaled.jpg","type":"image\/jpeg"}],"twitter_card":"summary_large_image","twitter_site":"@capscrea","twitter_misc":{"Dur\u00e9e de lecture estim\u00e9e":"1 minute"},"schema":{"@context":"https:\/\/schema.org","@graph":[{"@type":"WebPage","@id":"https:\/\/capscrea.com\/index.php\/produit\/lucie-noir\/","url":"https:\/\/capscrea.com\/index.php\/produit\/lucie-noir\/","name":"SAC CAPSULES LUCIE Noir - CAPS CREA","isPartOf":{"@id":"https:\/\/capscrea.com\/#website"},"primaryImageOfPage":{"@id":"https:\/\/capscrea.com\/index.php\/produit\/lucie-noir\/#primaryimage"},"image":{"@id":"https:\/\/capscrea.com\/index.php\/produit\/lucie-noir\/#primaryimage"},"thumbnailUrl":"https:\/\/capscrea.com\/wp-content\/uploads\/2024\/02\/LUCIE-Noir-IMG_20220309_112921-scaled.jpg","datePublished":"2024-02-12T13:15:05+00:00","dateModified":"2025-05-23T07:33:16+00:00","description":"Ce joli sac \u00e0 anses Lucie est \u00e0 la fois atypique, \u00e9l\u00e9gant et upcycl\u00e9. Vous pouvez \u00eatre s\u00fbr qu'il ne laissera personne indiff\u00e9rent. Voil\u00e0 de quoi \u00e9tonner !","breadcrumb":{"@id":"https:\/\/capscrea.com\/index.php\/produit\/lucie-noir\/#breadcrumb"},"inLanguage":"fr-FR","potentialAction":[{"@type":"ReadAction","target":["https:\/\/capscrea.com\/index.php\/produit\/lucie-noir\/"]}]},{"@type":"ImageObject","inLanguage":"fr-FR","@id":"https:\/\/capscrea.com\/index.php\/produit\/lucie-noir\/#primaryimage","url":"https:\/\/capscrea.com\/wp-content\/uploads\/2024\/02\/LUCIE-Noir-IMG_20220309_112921-scaled.jpg","contentUrl":"https:\/\/capscrea.com\/wp-content\/uploads\/2024\/02\/LUCIE-Noir-IMG_20220309_112921-scaled.jpg","width":1231,"height":2560},{"@type":"BreadcrumbList","@id":"https:\/\/capscrea.com\/index.php\/produit\/lucie-noir\/#breadcrumb","itemListElement":[{"@type":"ListItem","position":1,"name":"Accueil","item":"https:\/\/capscrea.com\/"},{"@type":"ListItem","position":2,"name":"Boutique","item":"https:\/\/capscrea.com\/index.php\/boutique-s\/"},{"@type":"ListItem","position":3,"name":"SAC CAPSULES LUCIE Noir"}]},{"@type":"WebSite","@id":"https:\/\/capscrea.com\/#website","url":"https:\/\/capscrea.com\/","name":"CAPS CREA","description":"Rien ne se perd tout se transforme !","publisher":{"@id":"https:\/\/capscrea.com\/#organization"},"alternateName":"Sacs faits mains","potentialAction":[{"@type":"SearchAction","target":{"@type":"EntryPoint","urlTemplate":"https:\/\/capscrea.com\/?s={search_term_string}"},"query-input":{"@type":"PropertyValueSpecification","valueRequired":true,"valueName":"search_term_string"}}],"inLanguage":"fr-FR"},{"@type":"Organization","@id":"https:\/\/capscrea.com\/#organization","name":"CAPS CREA","url":"https:\/\/capscrea.com\/","logo":{"@type":"ImageObject","inLanguage":"fr-FR","@id":"https:\/\/capscrea.com\/#\/schema\/logo\/image\/","url":"https:\/\/capscrea.com\/wp-content\/uploads\/2024\/01\/cropped-Design-sans-titre-2.png","contentUrl":"https:\/\/capscrea.com\/wp-content\/uploads\/2024\/01\/cropped-Design-sans-titre-2.png","width":500,"height":450,"caption":"CAPS CREA"},"image":{"@id":"https:\/\/capscrea.com\/#\/schema\/logo\/image\/"},"sameAs":["https:\/\/capscrea.com","https:\/\/x.com\/capscrea"]}]}},"jetpack_sharing_enabled":true,"_links":{"self":[{"href":"https:\/\/capscrea.com\/index.php\/wp-json\/wp\/v2\/product\/449","targetHints":{"allow":["GET"]}}],"collection":[{"href":"https:\/\/capscrea.com\/index.php\/wp-json\/wp\/v2\/product"}],"about":[{"href":"https:\/\/capscrea.com\/index.php\/wp-json\/wp\/v2\/types\/product"}],"replies":[{"embeddable":true,"href":"https:\/\/capscrea.com\/index.php\/wp-json\/wp\/v2\/comments?post=449"}],"wp:featuredmedia":[{"embeddable":true,"href":"https:\/\/capscrea.com\/index.php\/wp-json\/wp\/v2\/media\/225"}],"wp:attachment":[{"href":"https:\/\/capscrea.com\/index.php\/wp-json\/wp\/v2\/media?parent=449"}],"wp:term":[{"taxonomy":"product_brand","embeddable":true,"href":"https:\/\/capscrea.com\/index.php\/wp-json\/wp\/v2\/product_brand?post=449"},{"taxonomy":"product_cat","embeddable":true,"href":"https:\/\/capscrea.com\/index.php\/wp-json\/wp\/v2\/product_cat?post=449"},{"taxonomy":"product_tag","embeddable":true,"href":"https:\/\/capscrea.com\/index.php\/wp-json\/wp\/v2\/product_tag?post=449"}],"curies":[{"name":"wp","href":"https:\/\/api.w.org\/{rel}","templated":true}]}}