{"id":444,"date":"2024-02-12T14:17:05","date_gmt":"2024-02-12T13:17:05","guid":{"rendered":"https:\/\/capscrea.com\/?post_type=product&#038;p=444"},"modified":"2025-05-06T14:30:17","modified_gmt":"2025-05-06T12:30:17","slug":"ida-gris-perle","status":"publish","type":"product","link":"https:\/\/capscrea.com\/index.php\/produit\/ida-gris-perle\/","title":{"rendered":"SAC IDA Gris perle"},"content":{"rendered":"<p>Ce sac \u00e0 bandouli\u00e8re\u00a0 a \u00e9t\u00e9 r\u00e9alis\u00e9\u00a0 avec 490 capsules de canettes inoxydables recycl\u00e9es: tri\u00e9es, lav\u00e9es, d\u00e9sinfect\u00e9es, calibr\u00e9es, assembl\u00e9es avec du coton Gris perle.<\/p>\n<p>Temps de cr\u00e9ation : 6 heures<\/p>\n<p>Diam\u00e8tre 20 cm\u00a0 \u00a0Bandouli\u00e8re 70 cm<\/p>\n<p>Fermeture m\u00e9tal<\/p>\n<p>Int\u00e9rieur doubl\u00e9<\/p>\n<p>Enti\u00e8rement fait main.<\/p>\n<p>Fabrication\u00a0 et fournitures fran\u00e7aises<\/p>\n","protected":false},"excerpt":{"rendered":"<p>Sac en capsules alu + coton<\/p>\n<p>Tr\u00e8s l\u00e9ger<\/p>\n<p>lavage manuel \u00e0 basse temp\u00e9rature.<\/p>\n","protected":false},"featured_media":186,"comment_status":"open","ping_status":"closed","template":"","meta":[],"product_brand":[],"product_cat":[20],"product_tag":[],"class_list":{"0":"post-444","1":"product","2":"type-product","3":"status-publish","4":"has-post-thumbnail","6":"product_cat-sacs-bandouliere","8":"first","9":"instock","10":"taxable","11":"shipping-taxable","12":"purchasable","13":"product-type-simple"},"yoast_head":"<!-- This site is optimized with the Yoast SEO plugin v27.4 - https:\/\/yoast.com\/product\/yoast-seo-wordpress\/ -->\n<title>SAC IDA Gris perle - CAPS CREA<\/title>\n<meta name=\"description\" content=\"Ultra tendance ce sac \u00e0 bandouli\u00e8res s&#039;adresse aux femmes dans l&#039;air du temps. Il incarne l&#039;\u00e9l\u00e8gance et apporte caract\u00e8re et allure \u00e0 votre look.\" \/>\n<meta name=\"robots\" content=\"index, follow, max-snippet:-1, max-image-preview:large, max-video-preview:-1\" \/>\n<link rel=\"canonical\" href=\"https:\/\/capscrea.com\/index.php\/produit\/ida-gris-perle\/\" \/>\n<meta property=\"og:locale\" content=\"fr_FR\" \/>\n<meta property=\"og:type\" content=\"article\" \/>\n<meta property=\"og:title\" content=\"SAC IDA Gris perle - CAPS CREA\" \/>\n<meta property=\"og:description\" content=\"Ultra tendance ce sac \u00e0 bandouli\u00e8res s&#039;adresse aux femmes dans l&#039;air du temps. Il incarne l&#039;\u00e9l\u00e8gance et apporte caract\u00e8re et allure \u00e0 votre look.\" \/>\n<meta property=\"og:url\" content=\"https:\/\/capscrea.com\/index.php\/produit\/ida-gris-perle\/\" \/>\n<meta property=\"og:site_name\" content=\"CAPS CREA\" \/>\n<meta property=\"article:publisher\" content=\"https:\/\/capscrea.com\" \/>\n<meta property=\"article:modified_time\" content=\"2025-05-06T12:30:17+00:00\" \/>\n<meta property=\"og:image\" content=\"https:\/\/capscrea.com\/wp-content\/uploads\/2024\/02\/IDA-Gris-perle-IMG_20220512_135747-scaled.jpg\" \/>\n\t<meta property=\"og:image:width\" content=\"1920\" \/>\n\t<meta property=\"og:image:height\" content=\"2560\" \/>\n\t<meta property=\"og:image:type\" content=\"image\/jpeg\" \/>\n<meta name=\"twitter:card\" content=\"summary_large_image\" \/>\n<meta name=\"twitter:site\" content=\"@capscrea\" \/>\n<meta name=\"twitter:label1\" content=\"Dur\u00e9e de lecture estim\u00e9e\" \/>\n\t<meta name=\"twitter:data1\" content=\"1 minute\" \/>\n<script type=\"application\/ld+json\" class=\"yoast-schema-graph\">{\"@context\":\"https:\\\/\\\/schema.org\",\"@graph\":[{\"@type\":\"WebPage\",\"@id\":\"https:\\\/\\\/capscrea.com\\\/index.php\\\/produit\\\/ida-gris-perle\\\/\",\"url\":\"https:\\\/\\\/capscrea.com\\\/index.php\\\/produit\\\/ida-gris-perle\\\/\",\"name\":\"SAC IDA Gris perle - CAPS CREA\",\"isPartOf\":{\"@id\":\"https:\\\/\\\/capscrea.com\\\/#website\"},\"primaryImageOfPage\":{\"@id\":\"https:\\\/\\\/capscrea.com\\\/index.php\\\/produit\\\/ida-gris-perle\\\/#primaryimage\"},\"image\":{\"@id\":\"https:\\\/\\\/capscrea.com\\\/index.php\\\/produit\\\/ida-gris-perle\\\/#primaryimage\"},\"thumbnailUrl\":\"https:\\\/\\\/capscrea.com\\\/wp-content\\\/uploads\\\/2024\\\/02\\\/IDA-Gris-perle-IMG_20220512_135747-scaled.jpg\",\"datePublished\":\"2024-02-12T13:17:05+00:00\",\"dateModified\":\"2025-05-06T12:30:17+00:00\",\"description\":\"Ultra tendance ce sac \u00e0 bandouli\u00e8res s'adresse aux femmes dans l'air du temps. Il incarne l'\u00e9l\u00e8gance et apporte caract\u00e8re et allure \u00e0 votre look.\",\"breadcrumb\":{\"@id\":\"https:\\\/\\\/capscrea.com\\\/index.php\\\/produit\\\/ida-gris-perle\\\/#breadcrumb\"},\"inLanguage\":\"fr-FR\",\"potentialAction\":[{\"@type\":\"ReadAction\",\"target\":[\"https:\\\/\\\/capscrea.com\\\/index.php\\\/produit\\\/ida-gris-perle\\\/\"]}]},{\"@type\":\"ImageObject\",\"inLanguage\":\"fr-FR\",\"@id\":\"https:\\\/\\\/capscrea.com\\\/index.php\\\/produit\\\/ida-gris-perle\\\/#primaryimage\",\"url\":\"https:\\\/\\\/capscrea.com\\\/wp-content\\\/uploads\\\/2024\\\/02\\\/IDA-Gris-perle-IMG_20220512_135747-scaled.jpg\",\"contentUrl\":\"https:\\\/\\\/capscrea.com\\\/wp-content\\\/uploads\\\/2024\\\/02\\\/IDA-Gris-perle-IMG_20220512_135747-scaled.jpg\",\"width\":1920,\"height\":2560},{\"@type\":\"BreadcrumbList\",\"@id\":\"https:\\\/\\\/capscrea.com\\\/index.php\\\/produit\\\/ida-gris-perle\\\/#breadcrumb\",\"itemListElement\":[{\"@type\":\"ListItem\",\"position\":1,\"name\":\"Accueil\",\"item\":\"https:\\\/\\\/capscrea.com\\\/\"},{\"@type\":\"ListItem\",\"position\":2,\"name\":\"Boutique\",\"item\":\"https:\\\/\\\/capscrea.com\\\/index.php\\\/boutique-s\\\/\"},{\"@type\":\"ListItem\",\"position\":3,\"name\":\"SAC IDA Gris perle\"}]},{\"@type\":\"WebSite\",\"@id\":\"https:\\\/\\\/capscrea.com\\\/#website\",\"url\":\"https:\\\/\\\/capscrea.com\\\/\",\"name\":\"CAPS CREA\",\"description\":\"Rien ne se perd tout se transforme !\",\"publisher\":{\"@id\":\"https:\\\/\\\/capscrea.com\\\/#organization\"},\"alternateName\":\"Sacs faits mains\",\"potentialAction\":[{\"@type\":\"SearchAction\",\"target\":{\"@type\":\"EntryPoint\",\"urlTemplate\":\"https:\\\/\\\/capscrea.com\\\/?s={search_term_string}\"},\"query-input\":{\"@type\":\"PropertyValueSpecification\",\"valueRequired\":true,\"valueName\":\"search_term_string\"}}],\"inLanguage\":\"fr-FR\"},{\"@type\":\"Organization\",\"@id\":\"https:\\\/\\\/capscrea.com\\\/#organization\",\"name\":\"CAPS CREA\",\"url\":\"https:\\\/\\\/capscrea.com\\\/\",\"logo\":{\"@type\":\"ImageObject\",\"inLanguage\":\"fr-FR\",\"@id\":\"https:\\\/\\\/capscrea.com\\\/#\\\/schema\\\/logo\\\/image\\\/\",\"url\":\"https:\\\/\\\/capscrea.com\\\/wp-content\\\/uploads\\\/2024\\\/01\\\/cropped-Design-sans-titre-2.png\",\"contentUrl\":\"https:\\\/\\\/capscrea.com\\\/wp-content\\\/uploads\\\/2024\\\/01\\\/cropped-Design-sans-titre-2.png\",\"width\":500,\"height\":450,\"caption\":\"CAPS CREA\"},\"image\":{\"@id\":\"https:\\\/\\\/capscrea.com\\\/#\\\/schema\\\/logo\\\/image\\\/\"},\"sameAs\":[\"https:\\\/\\\/capscrea.com\",\"https:\\\/\\\/x.com\\\/capscrea\"]}]}<\/script>\n<!-- \/ Yoast SEO plugin. -->","yoast_head_json":{"title":"SAC IDA Gris perle - CAPS CREA","description":"Ultra tendance ce sac \u00e0 bandouli\u00e8res s'adresse aux femmes dans l'air du temps. Il incarne l'\u00e9l\u00e8gance et apporte caract\u00e8re et allure \u00e0 votre look.","robots":{"index":"index","follow":"follow","max-snippet":"max-snippet:-1","max-image-preview":"max-image-preview:large","max-video-preview":"max-video-preview:-1"},"canonical":"https:\/\/capscrea.com\/index.php\/produit\/ida-gris-perle\/","og_locale":"fr_FR","og_type":"article","og_title":"SAC IDA Gris perle - CAPS CREA","og_description":"Ultra tendance ce sac \u00e0 bandouli\u00e8res s'adresse aux femmes dans l'air du temps. Il incarne l'\u00e9l\u00e8gance et apporte caract\u00e8re et allure \u00e0 votre look.","og_url":"https:\/\/capscrea.com\/index.php\/produit\/ida-gris-perle\/","og_site_name":"CAPS CREA","article_publisher":"https:\/\/capscrea.com","article_modified_time":"2025-05-06T12:30:17+00:00","og_image":[{"width":1920,"height":2560,"url":"https:\/\/capscrea.com\/wp-content\/uploads\/2024\/02\/IDA-Gris-perle-IMG_20220512_135747-scaled.jpg","type":"image\/jpeg"}],"twitter_card":"summary_large_image","twitter_site":"@capscrea","twitter_misc":{"Dur\u00e9e de lecture estim\u00e9e":"1 minute"},"schema":{"@context":"https:\/\/schema.org","@graph":[{"@type":"WebPage","@id":"https:\/\/capscrea.com\/index.php\/produit\/ida-gris-perle\/","url":"https:\/\/capscrea.com\/index.php\/produit\/ida-gris-perle\/","name":"SAC IDA Gris perle - CAPS CREA","isPartOf":{"@id":"https:\/\/capscrea.com\/#website"},"primaryImageOfPage":{"@id":"https:\/\/capscrea.com\/index.php\/produit\/ida-gris-perle\/#primaryimage"},"image":{"@id":"https:\/\/capscrea.com\/index.php\/produit\/ida-gris-perle\/#primaryimage"},"thumbnailUrl":"https:\/\/capscrea.com\/wp-content\/uploads\/2024\/02\/IDA-Gris-perle-IMG_20220512_135747-scaled.jpg","datePublished":"2024-02-12T13:17:05+00:00","dateModified":"2025-05-06T12:30:17+00:00","description":"Ultra tendance ce sac \u00e0 bandouli\u00e8res s'adresse aux femmes dans l'air du temps. Il incarne l'\u00e9l\u00e8gance et apporte caract\u00e8re et allure \u00e0 votre look.","breadcrumb":{"@id":"https:\/\/capscrea.com\/index.php\/produit\/ida-gris-perle\/#breadcrumb"},"inLanguage":"fr-FR","potentialAction":[{"@type":"ReadAction","target":["https:\/\/capscrea.com\/index.php\/produit\/ida-gris-perle\/"]}]},{"@type":"ImageObject","inLanguage":"fr-FR","@id":"https:\/\/capscrea.com\/index.php\/produit\/ida-gris-perle\/#primaryimage","url":"https:\/\/capscrea.com\/wp-content\/uploads\/2024\/02\/IDA-Gris-perle-IMG_20220512_135747-scaled.jpg","contentUrl":"https:\/\/capscrea.com\/wp-content\/uploads\/2024\/02\/IDA-Gris-perle-IMG_20220512_135747-scaled.jpg","width":1920,"height":2560},{"@type":"BreadcrumbList","@id":"https:\/\/capscrea.com\/index.php\/produit\/ida-gris-perle\/#breadcrumb","itemListElement":[{"@type":"ListItem","position":1,"name":"Accueil","item":"https:\/\/capscrea.com\/"},{"@type":"ListItem","position":2,"name":"Boutique","item":"https:\/\/capscrea.com\/index.php\/boutique-s\/"},{"@type":"ListItem","position":3,"name":"SAC IDA Gris perle"}]},{"@type":"WebSite","@id":"https:\/\/capscrea.com\/#website","url":"https:\/\/capscrea.com\/","name":"CAPS CREA","description":"Rien ne se perd tout se transforme !","publisher":{"@id":"https:\/\/capscrea.com\/#organization"},"alternateName":"Sacs faits mains","potentialAction":[{"@type":"SearchAction","target":{"@type":"EntryPoint","urlTemplate":"https:\/\/capscrea.com\/?s={search_term_string}"},"query-input":{"@type":"PropertyValueSpecification","valueRequired":true,"valueName":"search_term_string"}}],"inLanguage":"fr-FR"},{"@type":"Organization","@id":"https:\/\/capscrea.com\/#organization","name":"CAPS CREA","url":"https:\/\/capscrea.com\/","logo":{"@type":"ImageObject","inLanguage":"fr-FR","@id":"https:\/\/capscrea.com\/#\/schema\/logo\/image\/","url":"https:\/\/capscrea.com\/wp-content\/uploads\/2024\/01\/cropped-Design-sans-titre-2.png","contentUrl":"https:\/\/capscrea.com\/wp-content\/uploads\/2024\/01\/cropped-Design-sans-titre-2.png","width":500,"height":450,"caption":"CAPS CREA"},"image":{"@id":"https:\/\/capscrea.com\/#\/schema\/logo\/image\/"},"sameAs":["https:\/\/capscrea.com","https:\/\/x.com\/capscrea"]}]}},"jetpack_sharing_enabled":true,"_links":{"self":[{"href":"https:\/\/capscrea.com\/index.php\/wp-json\/wp\/v2\/product\/444","targetHints":{"allow":["GET"]}}],"collection":[{"href":"https:\/\/capscrea.com\/index.php\/wp-json\/wp\/v2\/product"}],"about":[{"href":"https:\/\/capscrea.com\/index.php\/wp-json\/wp\/v2\/types\/product"}],"replies":[{"embeddable":true,"href":"https:\/\/capscrea.com\/index.php\/wp-json\/wp\/v2\/comments?post=444"}],"wp:featuredmedia":[{"embeddable":true,"href":"https:\/\/capscrea.com\/index.php\/wp-json\/wp\/v2\/media\/186"}],"wp:attachment":[{"href":"https:\/\/capscrea.com\/index.php\/wp-json\/wp\/v2\/media?parent=444"}],"wp:term":[{"taxonomy":"product_brand","embeddable":true,"href":"https:\/\/capscrea.com\/index.php\/wp-json\/wp\/v2\/product_brand?post=444"},{"taxonomy":"product_cat","embeddable":true,"href":"https:\/\/capscrea.com\/index.php\/wp-json\/wp\/v2\/product_cat?post=444"},{"taxonomy":"product_tag","embeddable":true,"href":"https:\/\/capscrea.com\/index.php\/wp-json\/wp\/v2\/product_tag?post=444"}],"curies":[{"name":"wp","href":"https:\/\/api.w.org\/{rel}","templated":true}]}}