{"id":1188,"date":"2026-02-18T12:20:06","date_gmt":"2026-02-18T11:20:06","guid":{"rendered":"https:\/\/capscrea.com\/?post_type=product&#038;p=1188"},"modified":"2026-02-18T12:21:57","modified_gmt":"2026-02-18T11:21:57","slug":"sac-capsules-jenny-marine","status":"publish","type":"product","link":"https:\/\/capscrea.com\/index.php\/produit\/sac-capsules-jenny-marine\/","title":{"rendered":"SAC CAPSULES JENNY  Marine"},"content":{"rendered":"<p>&nbsp;<\/p>\n<p>D\u00e9couvrez le sac\u00a0 JENNY r\u00e9alis\u00e9 10h 30 heures avec 416 capsules de canettes recycl\u00e9es assembl\u00e9e au crochet avec du coton bleu marine.<\/p>\n<p>Tr\u00e8s \u00e9l\u00e9gant, tendance il sublimera toutes vos tenues. Chic de jour comme de nuit, c\u2019est l\u2019accessoire mode incontournable de la saison.<\/p>\n<p>Enti\u00e8rement fait main . Artisanat fran\u00e7ais<\/p>\n<ul>\n<li>Larg. 20 cm Ht 16 cm Epais. cm Bandouli\u00e8re 105 cm<\/li>\n<li>Tr\u00e8s l\u00e9ger = 162 gr<\/li>\n<li>Enti\u00e8rement doubl\u00e9<\/li>\n<li>Fermeture \u00e0 glissi\u00e8re<\/li>\n<li>lavage manuel \u00e0 basse temp\u00e9rature<\/li>\n<\/ul>\n","protected":false},"excerpt":{"rendered":"<p>&nbsp; D\u00e9couvrez le sac\u00a0 JENNY r\u00e9alis\u00e9 10h 30 heures avec 416 capsules de canettes recycl\u00e9es assembl\u00e9e au crochet avec du coton bleu marine. Tr\u00e8s \u00e9l\u00e9gant, tendance il sublimera toutes vos tenues. Chic de jour comme de nuit, c\u2019est l\u2019accessoire mode incontournable de la saison. Enti\u00e8rement fait main . Artisanat fran\u00e7ais Larg. 20 cm Ht 16 [&hellip;]<\/p>\n","protected":false},"featured_media":1187,"comment_status":"open","ping_status":"closed","template":"","meta":[],"product_brand":[],"product_cat":[20],"product_tag":[],"class_list":{"0":"post-1188","1":"product","2":"type-product","3":"status-publish","4":"has-post-thumbnail","6":"product_cat-sacs-bandouliere","8":"first","9":"instock","10":"taxable","11":"shipping-taxable","12":"purchasable","13":"product-type-simple"},"yoast_head":"<!-- This site is optimized with the Yoast SEO plugin v27.4 - https:\/\/yoast.com\/product\/yoast-seo-wordpress\/ -->\n<title>SAC CAPSULES JENNY Marine - CAPS CREA<\/title>\n<meta name=\"description\" content=\"D\u00e9couvrez le sac Jenny \u00e9l\u00e9gant et tendance qui sublimera toutes vos tenues. Chic de jour comme de nuit, c\u2019est l\u2019accessoire mode incontournable de\" \/>\n<meta name=\"robots\" content=\"index, follow, max-snippet:-1, max-image-preview:large, max-video-preview:-1\" \/>\n<link rel=\"canonical\" href=\"https:\/\/capscrea.com\/index.php\/produit\/sac-capsules-jenny-marine\/\" \/>\n<meta property=\"og:locale\" content=\"fr_FR\" \/>\n<meta property=\"og:type\" content=\"article\" \/>\n<meta property=\"og:title\" content=\"SAC CAPSULES JENNY Marine - CAPS CREA\" \/>\n<meta property=\"og:description\" content=\"D\u00e9couvrez le sac Jenny \u00e9l\u00e9gant et tendance qui sublimera toutes vos tenues. Chic de jour comme de nuit, c\u2019est l\u2019accessoire mode incontournable de\" \/>\n<meta property=\"og:url\" content=\"https:\/\/capscrea.com\/index.php\/produit\/sac-capsules-jenny-marine\/\" \/>\n<meta property=\"og:site_name\" content=\"CAPS CREA\" \/>\n<meta property=\"article:publisher\" content=\"https:\/\/capscrea.com\" \/>\n<meta property=\"article:modified_time\" content=\"2026-02-18T11:21:57+00:00\" \/>\n<meta property=\"og:image\" content=\"https:\/\/capscrea.com\/wp-content\/uploads\/2026\/02\/JENNIE-marine-600.jpg\" \/>\n\t<meta property=\"og:image:width\" content=\"450\" \/>\n\t<meta property=\"og:image:height\" content=\"600\" \/>\n\t<meta property=\"og:image:type\" content=\"image\/jpeg\" \/>\n<meta name=\"twitter:card\" content=\"summary_large_image\" \/>\n<meta name=\"twitter:site\" content=\"@capscrea\" \/>\n<meta name=\"twitter:label1\" content=\"Dur\u00e9e de lecture estim\u00e9e\" \/>\n\t<meta name=\"twitter:data1\" content=\"1 minute\" \/>\n<script type=\"application\/ld+json\" class=\"yoast-schema-graph\">{\"@context\":\"https:\\\/\\\/schema.org\",\"@graph\":[{\"@type\":\"WebPage\",\"@id\":\"https:\\\/\\\/capscrea.com\\\/index.php\\\/produit\\\/sac-capsules-jenny-marine\\\/\",\"url\":\"https:\\\/\\\/capscrea.com\\\/index.php\\\/produit\\\/sac-capsules-jenny-marine\\\/\",\"name\":\"SAC CAPSULES JENNY Marine - CAPS CREA\",\"isPartOf\":{\"@id\":\"https:\\\/\\\/capscrea.com\\\/#website\"},\"primaryImageOfPage\":{\"@id\":\"https:\\\/\\\/capscrea.com\\\/index.php\\\/produit\\\/sac-capsules-jenny-marine\\\/#primaryimage\"},\"image\":{\"@id\":\"https:\\\/\\\/capscrea.com\\\/index.php\\\/produit\\\/sac-capsules-jenny-marine\\\/#primaryimage\"},\"thumbnailUrl\":\"https:\\\/\\\/capscrea.com\\\/wp-content\\\/uploads\\\/2026\\\/02\\\/JENNIE-marine-600.jpg\",\"datePublished\":\"2026-02-18T11:20:06+00:00\",\"dateModified\":\"2026-02-18T11:21:57+00:00\",\"description\":\"D\u00e9couvrez le sac Jenny \u00e9l\u00e9gant et tendance qui sublimera toutes vos tenues. Chic de jour comme de nuit, c\u2019est l\u2019accessoire mode incontournable de\",\"breadcrumb\":{\"@id\":\"https:\\\/\\\/capscrea.com\\\/index.php\\\/produit\\\/sac-capsules-jenny-marine\\\/#breadcrumb\"},\"inLanguage\":\"fr-FR\",\"potentialAction\":[{\"@type\":\"ReadAction\",\"target\":[\"https:\\\/\\\/capscrea.com\\\/index.php\\\/produit\\\/sac-capsules-jenny-marine\\\/\"]}]},{\"@type\":\"ImageObject\",\"inLanguage\":\"fr-FR\",\"@id\":\"https:\\\/\\\/capscrea.com\\\/index.php\\\/produit\\\/sac-capsules-jenny-marine\\\/#primaryimage\",\"url\":\"https:\\\/\\\/capscrea.com\\\/wp-content\\\/uploads\\\/2026\\\/02\\\/JENNIE-marine-600.jpg\",\"contentUrl\":\"https:\\\/\\\/capscrea.com\\\/wp-content\\\/uploads\\\/2026\\\/02\\\/JENNIE-marine-600.jpg\",\"width\":450,\"height\":600},{\"@type\":\"BreadcrumbList\",\"@id\":\"https:\\\/\\\/capscrea.com\\\/index.php\\\/produit\\\/sac-capsules-jenny-marine\\\/#breadcrumb\",\"itemListElement\":[{\"@type\":\"ListItem\",\"position\":1,\"name\":\"Accueil\",\"item\":\"https:\\\/\\\/capscrea.com\\\/\"},{\"@type\":\"ListItem\",\"position\":2,\"name\":\"Boutique\",\"item\":\"https:\\\/\\\/capscrea.com\\\/index.php\\\/boutique-s\\\/\"},{\"@type\":\"ListItem\",\"position\":3,\"name\":\"SAC CAPSULES JENNY Marine\"}]},{\"@type\":\"WebSite\",\"@id\":\"https:\\\/\\\/capscrea.com\\\/#website\",\"url\":\"https:\\\/\\\/capscrea.com\\\/\",\"name\":\"CAPS CREA\",\"description\":\"Rien ne se perd tout se transforme !\",\"publisher\":{\"@id\":\"https:\\\/\\\/capscrea.com\\\/#organization\"},\"alternateName\":\"Sacs faits mains\",\"potentialAction\":[{\"@type\":\"SearchAction\",\"target\":{\"@type\":\"EntryPoint\",\"urlTemplate\":\"https:\\\/\\\/capscrea.com\\\/?s={search_term_string}\"},\"query-input\":{\"@type\":\"PropertyValueSpecification\",\"valueRequired\":true,\"valueName\":\"search_term_string\"}}],\"inLanguage\":\"fr-FR\"},{\"@type\":\"Organization\",\"@id\":\"https:\\\/\\\/capscrea.com\\\/#organization\",\"name\":\"CAPS CREA\",\"url\":\"https:\\\/\\\/capscrea.com\\\/\",\"logo\":{\"@type\":\"ImageObject\",\"inLanguage\":\"fr-FR\",\"@id\":\"https:\\\/\\\/capscrea.com\\\/#\\\/schema\\\/logo\\\/image\\\/\",\"url\":\"https:\\\/\\\/capscrea.com\\\/wp-content\\\/uploads\\\/2024\\\/01\\\/cropped-Design-sans-titre-2.png\",\"contentUrl\":\"https:\\\/\\\/capscrea.com\\\/wp-content\\\/uploads\\\/2024\\\/01\\\/cropped-Design-sans-titre-2.png\",\"width\":500,\"height\":450,\"caption\":\"CAPS CREA\"},\"image\":{\"@id\":\"https:\\\/\\\/capscrea.com\\\/#\\\/schema\\\/logo\\\/image\\\/\"},\"sameAs\":[\"https:\\\/\\\/capscrea.com\",\"https:\\\/\\\/x.com\\\/capscrea\"]}]}<\/script>\n<!-- \/ Yoast SEO plugin. -->","yoast_head_json":{"title":"SAC CAPSULES JENNY Marine - CAPS CREA","description":"D\u00e9couvrez le sac Jenny \u00e9l\u00e9gant et tendance qui sublimera toutes vos tenues. Chic de jour comme de nuit, c\u2019est l\u2019accessoire mode incontournable de","robots":{"index":"index","follow":"follow","max-snippet":"max-snippet:-1","max-image-preview":"max-image-preview:large","max-video-preview":"max-video-preview:-1"},"canonical":"https:\/\/capscrea.com\/index.php\/produit\/sac-capsules-jenny-marine\/","og_locale":"fr_FR","og_type":"article","og_title":"SAC CAPSULES JENNY Marine - CAPS CREA","og_description":"D\u00e9couvrez le sac Jenny \u00e9l\u00e9gant et tendance qui sublimera toutes vos tenues. Chic de jour comme de nuit, c\u2019est l\u2019accessoire mode incontournable de","og_url":"https:\/\/capscrea.com\/index.php\/produit\/sac-capsules-jenny-marine\/","og_site_name":"CAPS CREA","article_publisher":"https:\/\/capscrea.com","article_modified_time":"2026-02-18T11:21:57+00:00","og_image":[{"width":450,"height":600,"url":"https:\/\/capscrea.com\/wp-content\/uploads\/2026\/02\/JENNIE-marine-600.jpg","type":"image\/jpeg"}],"twitter_card":"summary_large_image","twitter_site":"@capscrea","twitter_misc":{"Dur\u00e9e de lecture estim\u00e9e":"1 minute"},"schema":{"@context":"https:\/\/schema.org","@graph":[{"@type":"WebPage","@id":"https:\/\/capscrea.com\/index.php\/produit\/sac-capsules-jenny-marine\/","url":"https:\/\/capscrea.com\/index.php\/produit\/sac-capsules-jenny-marine\/","name":"SAC CAPSULES JENNY Marine - CAPS CREA","isPartOf":{"@id":"https:\/\/capscrea.com\/#website"},"primaryImageOfPage":{"@id":"https:\/\/capscrea.com\/index.php\/produit\/sac-capsules-jenny-marine\/#primaryimage"},"image":{"@id":"https:\/\/capscrea.com\/index.php\/produit\/sac-capsules-jenny-marine\/#primaryimage"},"thumbnailUrl":"https:\/\/capscrea.com\/wp-content\/uploads\/2026\/02\/JENNIE-marine-600.jpg","datePublished":"2026-02-18T11:20:06+00:00","dateModified":"2026-02-18T11:21:57+00:00","description":"D\u00e9couvrez le sac Jenny \u00e9l\u00e9gant et tendance qui sublimera toutes vos tenues. Chic de jour comme de nuit, c\u2019est l\u2019accessoire mode incontournable de","breadcrumb":{"@id":"https:\/\/capscrea.com\/index.php\/produit\/sac-capsules-jenny-marine\/#breadcrumb"},"inLanguage":"fr-FR","potentialAction":[{"@type":"ReadAction","target":["https:\/\/capscrea.com\/index.php\/produit\/sac-capsules-jenny-marine\/"]}]},{"@type":"ImageObject","inLanguage":"fr-FR","@id":"https:\/\/capscrea.com\/index.php\/produit\/sac-capsules-jenny-marine\/#primaryimage","url":"https:\/\/capscrea.com\/wp-content\/uploads\/2026\/02\/JENNIE-marine-600.jpg","contentUrl":"https:\/\/capscrea.com\/wp-content\/uploads\/2026\/02\/JENNIE-marine-600.jpg","width":450,"height":600},{"@type":"BreadcrumbList","@id":"https:\/\/capscrea.com\/index.php\/produit\/sac-capsules-jenny-marine\/#breadcrumb","itemListElement":[{"@type":"ListItem","position":1,"name":"Accueil","item":"https:\/\/capscrea.com\/"},{"@type":"ListItem","position":2,"name":"Boutique","item":"https:\/\/capscrea.com\/index.php\/boutique-s\/"},{"@type":"ListItem","position":3,"name":"SAC CAPSULES JENNY Marine"}]},{"@type":"WebSite","@id":"https:\/\/capscrea.com\/#website","url":"https:\/\/capscrea.com\/","name":"CAPS CREA","description":"Rien ne se perd tout se transforme !","publisher":{"@id":"https:\/\/capscrea.com\/#organization"},"alternateName":"Sacs faits mains","potentialAction":[{"@type":"SearchAction","target":{"@type":"EntryPoint","urlTemplate":"https:\/\/capscrea.com\/?s={search_term_string}"},"query-input":{"@type":"PropertyValueSpecification","valueRequired":true,"valueName":"search_term_string"}}],"inLanguage":"fr-FR"},{"@type":"Organization","@id":"https:\/\/capscrea.com\/#organization","name":"CAPS CREA","url":"https:\/\/capscrea.com\/","logo":{"@type":"ImageObject","inLanguage":"fr-FR","@id":"https:\/\/capscrea.com\/#\/schema\/logo\/image\/","url":"https:\/\/capscrea.com\/wp-content\/uploads\/2024\/01\/cropped-Design-sans-titre-2.png","contentUrl":"https:\/\/capscrea.com\/wp-content\/uploads\/2024\/01\/cropped-Design-sans-titre-2.png","width":500,"height":450,"caption":"CAPS CREA"},"image":{"@id":"https:\/\/capscrea.com\/#\/schema\/logo\/image\/"},"sameAs":["https:\/\/capscrea.com","https:\/\/x.com\/capscrea"]}]}},"jetpack_sharing_enabled":true,"_links":{"self":[{"href":"https:\/\/capscrea.com\/index.php\/wp-json\/wp\/v2\/product\/1188","targetHints":{"allow":["GET"]}}],"collection":[{"href":"https:\/\/capscrea.com\/index.php\/wp-json\/wp\/v2\/product"}],"about":[{"href":"https:\/\/capscrea.com\/index.php\/wp-json\/wp\/v2\/types\/product"}],"replies":[{"embeddable":true,"href":"https:\/\/capscrea.com\/index.php\/wp-json\/wp\/v2\/comments?post=1188"}],"wp:featuredmedia":[{"embeddable":true,"href":"https:\/\/capscrea.com\/index.php\/wp-json\/wp\/v2\/media\/1187"}],"wp:attachment":[{"href":"https:\/\/capscrea.com\/index.php\/wp-json\/wp\/v2\/media?parent=1188"}],"wp:term":[{"taxonomy":"product_brand","embeddable":true,"href":"https:\/\/capscrea.com\/index.php\/wp-json\/wp\/v2\/product_brand?post=1188"},{"taxonomy":"product_cat","embeddable":true,"href":"https:\/\/capscrea.com\/index.php\/wp-json\/wp\/v2\/product_cat?post=1188"},{"taxonomy":"product_tag","embeddable":true,"href":"https:\/\/capscrea.com\/index.php\/wp-json\/wp\/v2\/product_tag?post=1188"}],"curies":[{"name":"wp","href":"https:\/\/api.w.org\/{rel}","templated":true}]}}