{"id":1157,"date":"2025-12-22T15:29:52","date_gmt":"2025-12-22T14:29:52","guid":{"rendered":"https:\/\/capscrea.com\/?post_type=product&#038;p=1157"},"modified":"2025-12-26T15:45:24","modified_gmt":"2025-12-26T14:45:24","slug":"sac-capsules-nadia","status":"publish","type":"product","link":"https:\/\/capscrea.com\/index.php\/produit\/sac-capsules-nadia\/","title":{"rendered":"SAC CAPSULES  NADIA"},"content":{"rendered":"<p>Sac \u00e0 main chic, il apporte une touche unique \u00e0 votre toilette.<\/p>\n<p>Son design raffin\u00e9 et intemporel en font un accessoire parfait pour une sophistication sans compromis.<\/p>\n<p>R\u00e9alis\u00e9 en 13 heures avec 740 capsules de canettes recycl\u00e9es : lav\u00e9es, d\u00e9sinfect\u00e9es, calibr\u00e9es, assembl\u00e9es au crochet avec du coton vert amande bord\u00e9<\/p>\n<p>beige.<\/p>\n<p>&nbsp;<\/p>\n<p>Int\u00e9rieur doubl\u00e9<\/p>\n<p>Fermeture \u00e0 glissi\u00e8re<\/p>\n<p>Larg. 20 cm Ht 15 cm Epais. 4 cm Bandouli\u00e8re 70 cm<\/p>\n<p>Tr\u00e8s l\u00e9ger = 180 gr<\/p>\n<p>Ne rouille pas<\/p>\n","protected":false},"excerpt":{"rendered":"<p>Sac \u00e0 main chic, il apporte une touche unique \u00e0 votre toilette. Son design raffin\u00e9 et intemporel en font un accessoire parfait pour une sophistication sans compromis. R\u00e9alis\u00e9 en 13 heures avec 740 capsules de canettes recycl\u00e9es : lav\u00e9es, d\u00e9sinfect\u00e9es, calibr\u00e9es, assembl\u00e9es au crochet avec du coton vert amande bord\u00e9 beige. &nbsp; Int\u00e9rieur doubl\u00e9 Fermeture [&hellip;]<\/p>\n","protected":false},"featured_media":868,"comment_status":"open","ping_status":"closed","template":"","meta":[],"product_brand":[],"product_cat":[20],"product_tag":[],"class_list":{"0":"post-1157","1":"product","2":"type-product","3":"status-publish","4":"has-post-thumbnail","6":"product_cat-sacs-bandouliere","8":"first","9":"instock","10":"taxable","11":"shipping-taxable","12":"purchasable","13":"product-type-simple"},"yoast_head":"<!-- This site is optimized with the Yoast SEO plugin v27.4 - https:\/\/yoast.com\/product\/yoast-seo-wordpress\/ -->\n<title>SAC CAPSULES NADIA - CAPS CREA SAC CAPSULES NADIA<\/title>\n<meta name=\"description\" content=\"Ecoresponsable le sac capsules Nadia est aussi tr\u00e8s l\u00e9ger. Lavage manuel \u00e0 basse temp\u00e9rature. Enti\u00e8rement fait main. Artisanat fran\u00e7ais.\" \/>\n<meta name=\"robots\" content=\"index, follow, max-snippet:-1, max-image-preview:large, max-video-preview:-1\" \/>\n<link rel=\"canonical\" href=\"https:\/\/capscrea.com\/index.php\/produit\/sac-capsules-nadia\/\" \/>\n<meta property=\"og:locale\" content=\"fr_FR\" \/>\n<meta property=\"og:type\" content=\"article\" \/>\n<meta property=\"og:title\" content=\"SAC CAPSULES NADIA - CAPS CREA SAC CAPSULES NADIA\" \/>\n<meta property=\"og:description\" content=\"Ecoresponsable le sac capsules Nadia est aussi tr\u00e8s l\u00e9ger. Lavage manuel \u00e0 basse temp\u00e9rature. Enti\u00e8rement fait main. Artisanat fran\u00e7ais.\" \/>\n<meta property=\"og:url\" content=\"https:\/\/capscrea.com\/index.php\/produit\/sac-capsules-nadia\/\" \/>\n<meta property=\"og:site_name\" content=\"CAPS CREA\" \/>\n<meta property=\"article:publisher\" content=\"https:\/\/capscrea.com\" \/>\n<meta property=\"article:modified_time\" content=\"2025-12-26T14:45:24+00:00\" \/>\n<meta property=\"og:image\" content=\"https:\/\/capscrea.com\/wp-content\/uploads\/2024\/04\/NADIA-Vert-amnde-Beige-600-20240404_182334.jpg\" \/>\n\t<meta property=\"og:image:width\" content=\"450\" \/>\n\t<meta property=\"og:image:height\" content=\"600\" \/>\n\t<meta property=\"og:image:type\" content=\"image\/jpeg\" \/>\n<meta name=\"twitter:card\" content=\"summary_large_image\" \/>\n<meta name=\"twitter:site\" content=\"@capscrea\" \/>\n<meta name=\"twitter:label1\" content=\"Dur\u00e9e de lecture estim\u00e9e\" \/>\n\t<meta name=\"twitter:data1\" content=\"1 minute\" \/>\n<script type=\"application\/ld+json\" class=\"yoast-schema-graph\">{\"@context\":\"https:\\\/\\\/schema.org\",\"@graph\":[{\"@type\":\"WebPage\",\"@id\":\"https:\\\/\\\/capscrea.com\\\/index.php\\\/produit\\\/sac-capsules-nadia\\\/\",\"url\":\"https:\\\/\\\/capscrea.com\\\/index.php\\\/produit\\\/sac-capsules-nadia\\\/\",\"name\":\"SAC CAPSULES NADIA - CAPS CREA SAC CAPSULES NADIA\",\"isPartOf\":{\"@id\":\"https:\\\/\\\/capscrea.com\\\/#website\"},\"primaryImageOfPage\":{\"@id\":\"https:\\\/\\\/capscrea.com\\\/index.php\\\/produit\\\/sac-capsules-nadia\\\/#primaryimage\"},\"image\":{\"@id\":\"https:\\\/\\\/capscrea.com\\\/index.php\\\/produit\\\/sac-capsules-nadia\\\/#primaryimage\"},\"thumbnailUrl\":\"https:\\\/\\\/capscrea.com\\\/wp-content\\\/uploads\\\/2024\\\/04\\\/NADIA-Vert-amnde-Beige-600-20240404_182334.jpg\",\"datePublished\":\"2025-12-22T14:29:52+00:00\",\"dateModified\":\"2025-12-26T14:45:24+00:00\",\"description\":\"Ecoresponsable le sac capsules Nadia est aussi tr\u00e8s l\u00e9ger. Lavage manuel \u00e0 basse temp\u00e9rature. Enti\u00e8rement fait main. Artisanat fran\u00e7ais.\",\"breadcrumb\":{\"@id\":\"https:\\\/\\\/capscrea.com\\\/index.php\\\/produit\\\/sac-capsules-nadia\\\/#breadcrumb\"},\"inLanguage\":\"fr-FR\",\"potentialAction\":[{\"@type\":\"ReadAction\",\"target\":[\"https:\\\/\\\/capscrea.com\\\/index.php\\\/produit\\\/sac-capsules-nadia\\\/\"]}]},{\"@type\":\"ImageObject\",\"inLanguage\":\"fr-FR\",\"@id\":\"https:\\\/\\\/capscrea.com\\\/index.php\\\/produit\\\/sac-capsules-nadia\\\/#primaryimage\",\"url\":\"https:\\\/\\\/capscrea.com\\\/wp-content\\\/uploads\\\/2024\\\/04\\\/NADIA-Vert-amnde-Beige-600-20240404_182334.jpg\",\"contentUrl\":\"https:\\\/\\\/capscrea.com\\\/wp-content\\\/uploads\\\/2024\\\/04\\\/NADIA-Vert-amnde-Beige-600-20240404_182334.jpg\",\"width\":450,\"height\":600},{\"@type\":\"BreadcrumbList\",\"@id\":\"https:\\\/\\\/capscrea.com\\\/index.php\\\/produit\\\/sac-capsules-nadia\\\/#breadcrumb\",\"itemListElement\":[{\"@type\":\"ListItem\",\"position\":1,\"name\":\"Accueil\",\"item\":\"https:\\\/\\\/capscrea.com\\\/\"},{\"@type\":\"ListItem\",\"position\":2,\"name\":\"Boutique\",\"item\":\"https:\\\/\\\/capscrea.com\\\/index.php\\\/boutique-s\\\/\"},{\"@type\":\"ListItem\",\"position\":3,\"name\":\"SAC CAPSULES NADIA\"}]},{\"@type\":\"WebSite\",\"@id\":\"https:\\\/\\\/capscrea.com\\\/#website\",\"url\":\"https:\\\/\\\/capscrea.com\\\/\",\"name\":\"CAPS CREA\",\"description\":\"Rien ne se perd tout se transforme !\",\"publisher\":{\"@id\":\"https:\\\/\\\/capscrea.com\\\/#organization\"},\"alternateName\":\"Sacs faits mains\",\"potentialAction\":[{\"@type\":\"SearchAction\",\"target\":{\"@type\":\"EntryPoint\",\"urlTemplate\":\"https:\\\/\\\/capscrea.com\\\/?s={search_term_string}\"},\"query-input\":{\"@type\":\"PropertyValueSpecification\",\"valueRequired\":true,\"valueName\":\"search_term_string\"}}],\"inLanguage\":\"fr-FR\"},{\"@type\":\"Organization\",\"@id\":\"https:\\\/\\\/capscrea.com\\\/#organization\",\"name\":\"CAPS CREA\",\"url\":\"https:\\\/\\\/capscrea.com\\\/\",\"logo\":{\"@type\":\"ImageObject\",\"inLanguage\":\"fr-FR\",\"@id\":\"https:\\\/\\\/capscrea.com\\\/#\\\/schema\\\/logo\\\/image\\\/\",\"url\":\"https:\\\/\\\/capscrea.com\\\/wp-content\\\/uploads\\\/2024\\\/01\\\/cropped-Design-sans-titre-2.png\",\"contentUrl\":\"https:\\\/\\\/capscrea.com\\\/wp-content\\\/uploads\\\/2024\\\/01\\\/cropped-Design-sans-titre-2.png\",\"width\":500,\"height\":450,\"caption\":\"CAPS CREA\"},\"image\":{\"@id\":\"https:\\\/\\\/capscrea.com\\\/#\\\/schema\\\/logo\\\/image\\\/\"},\"sameAs\":[\"https:\\\/\\\/capscrea.com\",\"https:\\\/\\\/x.com\\\/capscrea\"]}]}<\/script>\n<!-- \/ Yoast SEO plugin. -->","yoast_head_json":{"title":"SAC CAPSULES NADIA - CAPS CREA SAC CAPSULES NADIA","description":"Ecoresponsable le sac capsules Nadia est aussi tr\u00e8s l\u00e9ger. Lavage manuel \u00e0 basse temp\u00e9rature. Enti\u00e8rement fait main. Artisanat fran\u00e7ais.","robots":{"index":"index","follow":"follow","max-snippet":"max-snippet:-1","max-image-preview":"max-image-preview:large","max-video-preview":"max-video-preview:-1"},"canonical":"https:\/\/capscrea.com\/index.php\/produit\/sac-capsules-nadia\/","og_locale":"fr_FR","og_type":"article","og_title":"SAC CAPSULES NADIA - CAPS CREA SAC CAPSULES NADIA","og_description":"Ecoresponsable le sac capsules Nadia est aussi tr\u00e8s l\u00e9ger. Lavage manuel \u00e0 basse temp\u00e9rature. Enti\u00e8rement fait main. Artisanat fran\u00e7ais.","og_url":"https:\/\/capscrea.com\/index.php\/produit\/sac-capsules-nadia\/","og_site_name":"CAPS CREA","article_publisher":"https:\/\/capscrea.com","article_modified_time":"2025-12-26T14:45:24+00:00","og_image":[{"width":450,"height":600,"url":"https:\/\/capscrea.com\/wp-content\/uploads\/2024\/04\/NADIA-Vert-amnde-Beige-600-20240404_182334.jpg","type":"image\/jpeg"}],"twitter_card":"summary_large_image","twitter_site":"@capscrea","twitter_misc":{"Dur\u00e9e de lecture estim\u00e9e":"1 minute"},"schema":{"@context":"https:\/\/schema.org","@graph":[{"@type":"WebPage","@id":"https:\/\/capscrea.com\/index.php\/produit\/sac-capsules-nadia\/","url":"https:\/\/capscrea.com\/index.php\/produit\/sac-capsules-nadia\/","name":"SAC CAPSULES NADIA - CAPS CREA SAC CAPSULES NADIA","isPartOf":{"@id":"https:\/\/capscrea.com\/#website"},"primaryImageOfPage":{"@id":"https:\/\/capscrea.com\/index.php\/produit\/sac-capsules-nadia\/#primaryimage"},"image":{"@id":"https:\/\/capscrea.com\/index.php\/produit\/sac-capsules-nadia\/#primaryimage"},"thumbnailUrl":"https:\/\/capscrea.com\/wp-content\/uploads\/2024\/04\/NADIA-Vert-amnde-Beige-600-20240404_182334.jpg","datePublished":"2025-12-22T14:29:52+00:00","dateModified":"2025-12-26T14:45:24+00:00","description":"Ecoresponsable le sac capsules Nadia est aussi tr\u00e8s l\u00e9ger. Lavage manuel \u00e0 basse temp\u00e9rature. Enti\u00e8rement fait main. Artisanat fran\u00e7ais.","breadcrumb":{"@id":"https:\/\/capscrea.com\/index.php\/produit\/sac-capsules-nadia\/#breadcrumb"},"inLanguage":"fr-FR","potentialAction":[{"@type":"ReadAction","target":["https:\/\/capscrea.com\/index.php\/produit\/sac-capsules-nadia\/"]}]},{"@type":"ImageObject","inLanguage":"fr-FR","@id":"https:\/\/capscrea.com\/index.php\/produit\/sac-capsules-nadia\/#primaryimage","url":"https:\/\/capscrea.com\/wp-content\/uploads\/2024\/04\/NADIA-Vert-amnde-Beige-600-20240404_182334.jpg","contentUrl":"https:\/\/capscrea.com\/wp-content\/uploads\/2024\/04\/NADIA-Vert-amnde-Beige-600-20240404_182334.jpg","width":450,"height":600},{"@type":"BreadcrumbList","@id":"https:\/\/capscrea.com\/index.php\/produit\/sac-capsules-nadia\/#breadcrumb","itemListElement":[{"@type":"ListItem","position":1,"name":"Accueil","item":"https:\/\/capscrea.com\/"},{"@type":"ListItem","position":2,"name":"Boutique","item":"https:\/\/capscrea.com\/index.php\/boutique-s\/"},{"@type":"ListItem","position":3,"name":"SAC CAPSULES NADIA"}]},{"@type":"WebSite","@id":"https:\/\/capscrea.com\/#website","url":"https:\/\/capscrea.com\/","name":"CAPS CREA","description":"Rien ne se perd tout se transforme !","publisher":{"@id":"https:\/\/capscrea.com\/#organization"},"alternateName":"Sacs faits mains","potentialAction":[{"@type":"SearchAction","target":{"@type":"EntryPoint","urlTemplate":"https:\/\/capscrea.com\/?s={search_term_string}"},"query-input":{"@type":"PropertyValueSpecification","valueRequired":true,"valueName":"search_term_string"}}],"inLanguage":"fr-FR"},{"@type":"Organization","@id":"https:\/\/capscrea.com\/#organization","name":"CAPS CREA","url":"https:\/\/capscrea.com\/","logo":{"@type":"ImageObject","inLanguage":"fr-FR","@id":"https:\/\/capscrea.com\/#\/schema\/logo\/image\/","url":"https:\/\/capscrea.com\/wp-content\/uploads\/2024\/01\/cropped-Design-sans-titre-2.png","contentUrl":"https:\/\/capscrea.com\/wp-content\/uploads\/2024\/01\/cropped-Design-sans-titre-2.png","width":500,"height":450,"caption":"CAPS CREA"},"image":{"@id":"https:\/\/capscrea.com\/#\/schema\/logo\/image\/"},"sameAs":["https:\/\/capscrea.com","https:\/\/x.com\/capscrea"]}]}},"jetpack_sharing_enabled":true,"_links":{"self":[{"href":"https:\/\/capscrea.com\/index.php\/wp-json\/wp\/v2\/product\/1157","targetHints":{"allow":["GET"]}}],"collection":[{"href":"https:\/\/capscrea.com\/index.php\/wp-json\/wp\/v2\/product"}],"about":[{"href":"https:\/\/capscrea.com\/index.php\/wp-json\/wp\/v2\/types\/product"}],"replies":[{"embeddable":true,"href":"https:\/\/capscrea.com\/index.php\/wp-json\/wp\/v2\/comments?post=1157"}],"wp:featuredmedia":[{"embeddable":true,"href":"https:\/\/capscrea.com\/index.php\/wp-json\/wp\/v2\/media\/868"}],"wp:attachment":[{"href":"https:\/\/capscrea.com\/index.php\/wp-json\/wp\/v2\/media?parent=1157"}],"wp:term":[{"taxonomy":"product_brand","embeddable":true,"href":"https:\/\/capscrea.com\/index.php\/wp-json\/wp\/v2\/product_brand?post=1157"},{"taxonomy":"product_cat","embeddable":true,"href":"https:\/\/capscrea.com\/index.php\/wp-json\/wp\/v2\/product_cat?post=1157"},{"taxonomy":"product_tag","embeddable":true,"href":"https:\/\/capscrea.com\/index.php\/wp-json\/wp\/v2\/product_tag?post=1157"}],"curies":[{"name":"wp","href":"https:\/\/api.w.org\/{rel}","templated":true}]}}