{"id":1080,"date":"2025-08-16T16:17:20","date_gmt":"2025-08-16T14:17:20","guid":{"rendered":"https:\/\/capscrea.com\/?post_type=product&#038;p=1080"},"modified":"2025-08-16T16:17:20","modified_gmt":"2025-08-16T14:17:20","slug":"sac-capsules-celia-gris-perle","status":"publish","type":"product","link":"https:\/\/capscrea.com\/index.php\/produit\/sac-capsules-celia-gris-perle\/","title":{"rendered":"SAC CAPSULES &#8220;CELIA&#8221; Gris perle"},"content":{"rendered":"<p>Vous allez fondre pour ce sac au look \u00e9l\u00e9gant et intemporel.<\/p>\n<p>Compos\u00e9 de 1411 capsules de canettes recycl\u00e9es, lav\u00e9es d\u00e9sinfect\u00e9es, calibr\u00e9es, assembl\u00e9es au crochet avec du coton gris perle.<\/p>\n<p>Deux grandes anses vous permettront de le porter \u00e0 la main ou sur l&#8217;\u00e9paule.<\/p>\n<p>Con\u00e7u en 19 heures avec 1411 capsules alu.<\/p>\n<ul>\n<li>Fermeture \u00e0 glissi\u00e8re<\/li>\n<li>Tr\u00e8s l\u00e9ger = 508 gr<\/li>\n<li>Larg. 25 cm Ht 25 cm Epais. 5 cm Anses 40 cm<\/li>\n<li>Int\u00e9rieur doubl\u00e9<\/li>\n<\/ul>\n<p>Enti\u00e8rement fait main.<\/p>\n<p>Ne rouille pas.<\/p>\n","protected":false},"excerpt":{"rendered":"<p>Vous allez fondre pour ce sac au look \u00e9l\u00e9gant et intemporel. Compos\u00e9 de 1411 capsules de canettes recycl\u00e9es, lav\u00e9es d\u00e9sinfect\u00e9es, calibr\u00e9es, assembl\u00e9es au crochet avec du coton gris perle. Deux grandes anses vous permettront de le porter \u00e0 la main ou sur l&#8217;\u00e9paule. Con\u00e7u en 19 heures avec 1411 capsules alu. Fermeture \u00e0 glissi\u00e8re Tr\u00e8s [&hellip;]<\/p>\n","protected":false},"featured_media":1078,"comment_status":"open","ping_status":"closed","template":"","meta":[],"product_brand":[],"product_cat":[20],"product_tag":[],"class_list":{"0":"post-1080","1":"product","2":"type-product","3":"status-publish","4":"has-post-thumbnail","6":"product_cat-sacs-bandouliere","8":"first","9":"instock","10":"taxable","11":"shipping-taxable","12":"purchasable","13":"product-type-simple"},"yoast_head":"<!-- This site is optimized with the Yoast SEO plugin v27.4 - https:\/\/yoast.com\/product\/yoast-seo-wordpress\/ -->\n<title>SAC CAPSULES &quot;CELIA&quot; Gris perle - CAPS CREA<\/title>\n<meta name=\"description\" content=\"Associez CELIA \u00e0 une tenue branch\u00e9e et vous serez parfaite. Options de cr\u00e9ation : sur mesure avec choix de la couleur. Enti\u00e8rement fait main. Made in France\" \/>\n<meta name=\"robots\" content=\"index, follow, max-snippet:-1, max-image-preview:large, max-video-preview:-1\" \/>\n<link rel=\"canonical\" href=\"https:\/\/capscrea.com\/index.php\/produit\/sac-capsules-celia-gris-perle\/\" \/>\n<meta property=\"og:locale\" content=\"fr_FR\" \/>\n<meta property=\"og:type\" content=\"article\" \/>\n<meta property=\"og:title\" content=\"SAC CAPSULES &quot;CELIA&quot; Gris perle - CAPS CREA\" \/>\n<meta property=\"og:description\" content=\"Associez CELIA \u00e0 une tenue branch\u00e9e et vous serez parfaite. Options de cr\u00e9ation : sur mesure avec choix de la couleur. Enti\u00e8rement fait main. Made in France\" \/>\n<meta property=\"og:url\" content=\"https:\/\/capscrea.com\/index.php\/produit\/sac-capsules-celia-gris-perle\/\" \/>\n<meta property=\"og:site_name\" content=\"CAPS CREA\" \/>\n<meta property=\"article:publisher\" content=\"https:\/\/capscrea.com\" \/>\n<meta property=\"og:image\" content=\"https:\/\/capscrea.com\/wp-content\/uploads\/2025\/08\/CELIA-600.jpg\" \/>\n\t<meta property=\"og:image:width\" content=\"600\" \/>\n\t<meta property=\"og:image:height\" content=\"800\" \/>\n\t<meta property=\"og:image:type\" content=\"image\/jpeg\" \/>\n<meta name=\"twitter:card\" content=\"summary_large_image\" \/>\n<meta name=\"twitter:site\" content=\"@capscrea\" \/>\n<meta name=\"twitter:label1\" content=\"Dur\u00e9e de lecture estim\u00e9e\" \/>\n\t<meta name=\"twitter:data1\" content=\"1 minute\" \/>\n<script type=\"application\/ld+json\" class=\"yoast-schema-graph\">{\"@context\":\"https:\\\/\\\/schema.org\",\"@graph\":[{\"@type\":\"WebPage\",\"@id\":\"https:\\\/\\\/capscrea.com\\\/index.php\\\/produit\\\/sac-capsules-celia-gris-perle\\\/\",\"url\":\"https:\\\/\\\/capscrea.com\\\/index.php\\\/produit\\\/sac-capsules-celia-gris-perle\\\/\",\"name\":\"SAC CAPSULES \\\"CELIA\\\" Gris perle - CAPS CREA\",\"isPartOf\":{\"@id\":\"https:\\\/\\\/capscrea.com\\\/#website\"},\"primaryImageOfPage\":{\"@id\":\"https:\\\/\\\/capscrea.com\\\/index.php\\\/produit\\\/sac-capsules-celia-gris-perle\\\/#primaryimage\"},\"image\":{\"@id\":\"https:\\\/\\\/capscrea.com\\\/index.php\\\/produit\\\/sac-capsules-celia-gris-perle\\\/#primaryimage\"},\"thumbnailUrl\":\"https:\\\/\\\/capscrea.com\\\/wp-content\\\/uploads\\\/2025\\\/08\\\/CELIA-600.jpg\",\"datePublished\":\"2025-08-16T14:17:20+00:00\",\"description\":\"Associez CELIA \u00e0 une tenue branch\u00e9e et vous serez parfaite. Options de cr\u00e9ation : sur mesure avec choix de la couleur. Enti\u00e8rement fait main. Made in France\",\"breadcrumb\":{\"@id\":\"https:\\\/\\\/capscrea.com\\\/index.php\\\/produit\\\/sac-capsules-celia-gris-perle\\\/#breadcrumb\"},\"inLanguage\":\"fr-FR\",\"potentialAction\":[{\"@type\":\"ReadAction\",\"target\":[\"https:\\\/\\\/capscrea.com\\\/index.php\\\/produit\\\/sac-capsules-celia-gris-perle\\\/\"]}]},{\"@type\":\"ImageObject\",\"inLanguage\":\"fr-FR\",\"@id\":\"https:\\\/\\\/capscrea.com\\\/index.php\\\/produit\\\/sac-capsules-celia-gris-perle\\\/#primaryimage\",\"url\":\"https:\\\/\\\/capscrea.com\\\/wp-content\\\/uploads\\\/2025\\\/08\\\/CELIA-600.jpg\",\"contentUrl\":\"https:\\\/\\\/capscrea.com\\\/wp-content\\\/uploads\\\/2025\\\/08\\\/CELIA-600.jpg\",\"width\":600,\"height\":800},{\"@type\":\"BreadcrumbList\",\"@id\":\"https:\\\/\\\/capscrea.com\\\/index.php\\\/produit\\\/sac-capsules-celia-gris-perle\\\/#breadcrumb\",\"itemListElement\":[{\"@type\":\"ListItem\",\"position\":1,\"name\":\"Accueil\",\"item\":\"https:\\\/\\\/capscrea.com\\\/\"},{\"@type\":\"ListItem\",\"position\":2,\"name\":\"Boutique\",\"item\":\"https:\\\/\\\/capscrea.com\\\/index.php\\\/boutique-s\\\/\"},{\"@type\":\"ListItem\",\"position\":3,\"name\":\"SAC CAPSULES &#8220;CELIA&#8221; Gris perle\"}]},{\"@type\":\"WebSite\",\"@id\":\"https:\\\/\\\/capscrea.com\\\/#website\",\"url\":\"https:\\\/\\\/capscrea.com\\\/\",\"name\":\"CAPS CREA\",\"description\":\"Rien ne se perd tout se transforme !\",\"publisher\":{\"@id\":\"https:\\\/\\\/capscrea.com\\\/#organization\"},\"alternateName\":\"Sacs faits mains\",\"potentialAction\":[{\"@type\":\"SearchAction\",\"target\":{\"@type\":\"EntryPoint\",\"urlTemplate\":\"https:\\\/\\\/capscrea.com\\\/?s={search_term_string}\"},\"query-input\":{\"@type\":\"PropertyValueSpecification\",\"valueRequired\":true,\"valueName\":\"search_term_string\"}}],\"inLanguage\":\"fr-FR\"},{\"@type\":\"Organization\",\"@id\":\"https:\\\/\\\/capscrea.com\\\/#organization\",\"name\":\"CAPS CREA\",\"url\":\"https:\\\/\\\/capscrea.com\\\/\",\"logo\":{\"@type\":\"ImageObject\",\"inLanguage\":\"fr-FR\",\"@id\":\"https:\\\/\\\/capscrea.com\\\/#\\\/schema\\\/logo\\\/image\\\/\",\"url\":\"https:\\\/\\\/capscrea.com\\\/wp-content\\\/uploads\\\/2024\\\/01\\\/cropped-Design-sans-titre-2.png\",\"contentUrl\":\"https:\\\/\\\/capscrea.com\\\/wp-content\\\/uploads\\\/2024\\\/01\\\/cropped-Design-sans-titre-2.png\",\"width\":500,\"height\":450,\"caption\":\"CAPS CREA\"},\"image\":{\"@id\":\"https:\\\/\\\/capscrea.com\\\/#\\\/schema\\\/logo\\\/image\\\/\"},\"sameAs\":[\"https:\\\/\\\/capscrea.com\",\"https:\\\/\\\/x.com\\\/capscrea\"]}]}<\/script>\n<!-- \/ Yoast SEO plugin. -->","yoast_head_json":{"title":"SAC CAPSULES \"CELIA\" Gris perle - CAPS CREA","description":"Associez CELIA \u00e0 une tenue branch\u00e9e et vous serez parfaite. Options de cr\u00e9ation : sur mesure avec choix de la couleur. Enti\u00e8rement fait main. Made in France","robots":{"index":"index","follow":"follow","max-snippet":"max-snippet:-1","max-image-preview":"max-image-preview:large","max-video-preview":"max-video-preview:-1"},"canonical":"https:\/\/capscrea.com\/index.php\/produit\/sac-capsules-celia-gris-perle\/","og_locale":"fr_FR","og_type":"article","og_title":"SAC CAPSULES \"CELIA\" Gris perle - CAPS CREA","og_description":"Associez CELIA \u00e0 une tenue branch\u00e9e et vous serez parfaite. Options de cr\u00e9ation : sur mesure avec choix de la couleur. Enti\u00e8rement fait main. Made in France","og_url":"https:\/\/capscrea.com\/index.php\/produit\/sac-capsules-celia-gris-perle\/","og_site_name":"CAPS CREA","article_publisher":"https:\/\/capscrea.com","og_image":[{"width":600,"height":800,"url":"https:\/\/capscrea.com\/wp-content\/uploads\/2025\/08\/CELIA-600.jpg","type":"image\/jpeg"}],"twitter_card":"summary_large_image","twitter_site":"@capscrea","twitter_misc":{"Dur\u00e9e de lecture estim\u00e9e":"1 minute"},"schema":{"@context":"https:\/\/schema.org","@graph":[{"@type":"WebPage","@id":"https:\/\/capscrea.com\/index.php\/produit\/sac-capsules-celia-gris-perle\/","url":"https:\/\/capscrea.com\/index.php\/produit\/sac-capsules-celia-gris-perle\/","name":"SAC CAPSULES \"CELIA\" Gris perle - CAPS CREA","isPartOf":{"@id":"https:\/\/capscrea.com\/#website"},"primaryImageOfPage":{"@id":"https:\/\/capscrea.com\/index.php\/produit\/sac-capsules-celia-gris-perle\/#primaryimage"},"image":{"@id":"https:\/\/capscrea.com\/index.php\/produit\/sac-capsules-celia-gris-perle\/#primaryimage"},"thumbnailUrl":"https:\/\/capscrea.com\/wp-content\/uploads\/2025\/08\/CELIA-600.jpg","datePublished":"2025-08-16T14:17:20+00:00","description":"Associez CELIA \u00e0 une tenue branch\u00e9e et vous serez parfaite. Options de cr\u00e9ation : sur mesure avec choix de la couleur. Enti\u00e8rement fait main. Made in France","breadcrumb":{"@id":"https:\/\/capscrea.com\/index.php\/produit\/sac-capsules-celia-gris-perle\/#breadcrumb"},"inLanguage":"fr-FR","potentialAction":[{"@type":"ReadAction","target":["https:\/\/capscrea.com\/index.php\/produit\/sac-capsules-celia-gris-perle\/"]}]},{"@type":"ImageObject","inLanguage":"fr-FR","@id":"https:\/\/capscrea.com\/index.php\/produit\/sac-capsules-celia-gris-perle\/#primaryimage","url":"https:\/\/capscrea.com\/wp-content\/uploads\/2025\/08\/CELIA-600.jpg","contentUrl":"https:\/\/capscrea.com\/wp-content\/uploads\/2025\/08\/CELIA-600.jpg","width":600,"height":800},{"@type":"BreadcrumbList","@id":"https:\/\/capscrea.com\/index.php\/produit\/sac-capsules-celia-gris-perle\/#breadcrumb","itemListElement":[{"@type":"ListItem","position":1,"name":"Accueil","item":"https:\/\/capscrea.com\/"},{"@type":"ListItem","position":2,"name":"Boutique","item":"https:\/\/capscrea.com\/index.php\/boutique-s\/"},{"@type":"ListItem","position":3,"name":"SAC CAPSULES &#8220;CELIA&#8221; Gris perle"}]},{"@type":"WebSite","@id":"https:\/\/capscrea.com\/#website","url":"https:\/\/capscrea.com\/","name":"CAPS CREA","description":"Rien ne se perd tout se transforme !","publisher":{"@id":"https:\/\/capscrea.com\/#organization"},"alternateName":"Sacs faits mains","potentialAction":[{"@type":"SearchAction","target":{"@type":"EntryPoint","urlTemplate":"https:\/\/capscrea.com\/?s={search_term_string}"},"query-input":{"@type":"PropertyValueSpecification","valueRequired":true,"valueName":"search_term_string"}}],"inLanguage":"fr-FR"},{"@type":"Organization","@id":"https:\/\/capscrea.com\/#organization","name":"CAPS CREA","url":"https:\/\/capscrea.com\/","logo":{"@type":"ImageObject","inLanguage":"fr-FR","@id":"https:\/\/capscrea.com\/#\/schema\/logo\/image\/","url":"https:\/\/capscrea.com\/wp-content\/uploads\/2024\/01\/cropped-Design-sans-titre-2.png","contentUrl":"https:\/\/capscrea.com\/wp-content\/uploads\/2024\/01\/cropped-Design-sans-titre-2.png","width":500,"height":450,"caption":"CAPS CREA"},"image":{"@id":"https:\/\/capscrea.com\/#\/schema\/logo\/image\/"},"sameAs":["https:\/\/capscrea.com","https:\/\/x.com\/capscrea"]}]}},"jetpack_sharing_enabled":true,"_links":{"self":[{"href":"https:\/\/capscrea.com\/index.php\/wp-json\/wp\/v2\/product\/1080","targetHints":{"allow":["GET"]}}],"collection":[{"href":"https:\/\/capscrea.com\/index.php\/wp-json\/wp\/v2\/product"}],"about":[{"href":"https:\/\/capscrea.com\/index.php\/wp-json\/wp\/v2\/types\/product"}],"replies":[{"embeddable":true,"href":"https:\/\/capscrea.com\/index.php\/wp-json\/wp\/v2\/comments?post=1080"}],"wp:featuredmedia":[{"embeddable":true,"href":"https:\/\/capscrea.com\/index.php\/wp-json\/wp\/v2\/media\/1078"}],"wp:attachment":[{"href":"https:\/\/capscrea.com\/index.php\/wp-json\/wp\/v2\/media?parent=1080"}],"wp:term":[{"taxonomy":"product_brand","embeddable":true,"href":"https:\/\/capscrea.com\/index.php\/wp-json\/wp\/v2\/product_brand?post=1080"},{"taxonomy":"product_cat","embeddable":true,"href":"https:\/\/capscrea.com\/index.php\/wp-json\/wp\/v2\/product_cat?post=1080"},{"taxonomy":"product_tag","embeddable":true,"href":"https:\/\/capscrea.com\/index.php\/wp-json\/wp\/v2\/product_tag?post=1080"}],"curies":[{"name":"wp","href":"https:\/\/api.w.org\/{rel}","templated":true}]}}