{"id":1051,"date":"2025-05-20T19:15:40","date_gmt":"2025-05-20T17:15:40","guid":{"rendered":"https:\/\/capscrea.com\/?post_type=product&#038;p=1051"},"modified":"2025-05-20T19:26:17","modified_gmt":"2025-05-20T17:26:17","slug":"sac-capsules-bella-vert-gazon-vernis-anis","status":"publish","type":"product","link":"https:\/\/capscrea.com\/index.php\/produit\/sac-capsules-bella-vert-gazon-vernis-anis\/","title":{"rendered":"SAC CAPSULES &#8220;BELLA&#8221; Vert gazon\/Vert anis"},"content":{"rendered":"<p>Le sac BELLA est l&#8217;\u00e9l\u00e9gance r\u00e9invente avec l&#8217;association de la su\u00e9dine et des capsules en alu fix\u00e9es manuellement avec harmonie.<\/p>\n<p>Cela ajoutera une touche audacieuse \u00e0 votre style.<\/p>\n<p>Enti\u00e8rement fait main\u00a0 : R\u00e9alis\u00e9 en 10 heures<\/p>\n<ul>\n<li style=\"list-style-type: none;\">\n<ul>\n<li>Fermeture \u00e9clair<\/li>\n<li>enti\u00e8rement doubl\u00e9<\/li>\n<li>451\u00a0 capsules : lav\u00e9es, d\u00e9sinfect\u00e9es, calibr\u00e9es, assembl\u00e9es au crochet avec du coton vert anis sur la su\u00e9dine vert gazon<\/li>\n<li>Larg. 30 cm Ht 25 cm Epais.\u00a0 5.5 cm Bandouli\u00e8re 105 cm<\/li>\n<li>Poids = 125 gr<\/li>\n<\/ul>\n<\/li>\n<\/ul>\n<p>&nbsp;<\/p>\n","protected":false},"excerpt":{"rendered":"<p>Le sac BELLA est l&#8217;\u00e9l\u00e9gance r\u00e9invente avec l&#8217;association de la su\u00e9dine et des capsules en alu fix\u00e9es manuellement avec harmonie. Cela ajoutera une touche audacieuse \u00e0 votre style. Enti\u00e8rement fait main\u00a0 : R\u00e9alis\u00e9 en 10 heures Fermeture \u00e9clair enti\u00e8rement doubl\u00e9 451\u00a0 capsules : lav\u00e9es, d\u00e9sinfect\u00e9es, calibr\u00e9es, assembl\u00e9es au crochet avec du coton vert anis sur [&hellip;]<\/p>\n","protected":false},"featured_media":1050,"comment_status":"open","ping_status":"closed","template":"","meta":[],"product_brand":[],"product_cat":[20],"product_tag":[],"class_list":{"0":"post-1051","1":"product","2":"type-product","3":"status-publish","4":"has-post-thumbnail","6":"product_cat-sacs-bandouliere","8":"first","9":"instock","10":"taxable","11":"shipping-taxable","12":"purchasable","13":"product-type-simple"},"yoast_head":"<!-- This site is optimized with the Yoast SEO plugin v27.4 - https:\/\/yoast.com\/product\/yoast-seo-wordpress\/ -->\n<title>SAC CAPSULES &quot;BELLA&quot; Vert gazon\/Vert anis - CAPS CREA<\/title>\n<meta name=\"description\" content=\"BELLA........ C&#039;est le sac capsules qu&#039;il vous faut. Moderne, l\u00e9ger, styl\u00e9, fabrication unique. Lavage manuel \u00e0 basse temp\u00e9rature\" \/>\n<meta name=\"robots\" content=\"index, follow, max-snippet:-1, max-image-preview:large, max-video-preview:-1\" \/>\n<link rel=\"canonical\" href=\"https:\/\/capscrea.com\/index.php\/produit\/sac-capsules-bella-vert-gazon-vernis-anis\/\" \/>\n<meta property=\"og:locale\" content=\"fr_FR\" \/>\n<meta property=\"og:type\" content=\"article\" \/>\n<meta property=\"og:title\" content=\"SAC CAPSULES &quot;BELLA&quot; Vert gazon\/Vert anis - CAPS CREA\" \/>\n<meta property=\"og:description\" content=\"BELLA........ C&#039;est le sac capsules qu&#039;il vous faut. Moderne, l\u00e9ger, styl\u00e9, fabrication unique. Lavage manuel \u00e0 basse temp\u00e9rature\" \/>\n<meta property=\"og:url\" content=\"https:\/\/capscrea.com\/index.php\/produit\/sac-capsules-bella-vert-gazon-vernis-anis\/\" \/>\n<meta property=\"og:site_name\" content=\"CAPS CREA\" \/>\n<meta property=\"article:publisher\" content=\"https:\/\/capscrea.com\" \/>\n<meta property=\"article:modified_time\" content=\"2025-05-20T17:26:17+00:00\" \/>\n<meta property=\"og:image\" content=\"https:\/\/capscrea.com\/wp-content\/uploads\/2025\/05\/BELLA-VB-600-1.jpg\" \/>\n\t<meta property=\"og:image:width\" content=\"450\" \/>\n\t<meta property=\"og:image:height\" content=\"600\" \/>\n\t<meta property=\"og:image:type\" content=\"image\/jpeg\" \/>\n<meta name=\"twitter:card\" content=\"summary_large_image\" \/>\n<meta name=\"twitter:site\" content=\"@capscrea\" \/>\n<meta name=\"twitter:label1\" content=\"Dur\u00e9e de lecture estim\u00e9e\" \/>\n\t<meta name=\"twitter:data1\" content=\"1 minute\" \/>\n<script type=\"application\/ld+json\" class=\"yoast-schema-graph\">{\"@context\":\"https:\\\/\\\/schema.org\",\"@graph\":[{\"@type\":\"WebPage\",\"@id\":\"https:\\\/\\\/capscrea.com\\\/index.php\\\/produit\\\/sac-capsules-bella-vert-gazon-vernis-anis\\\/\",\"url\":\"https:\\\/\\\/capscrea.com\\\/index.php\\\/produit\\\/sac-capsules-bella-vert-gazon-vernis-anis\\\/\",\"name\":\"SAC CAPSULES \\\"BELLA\\\" Vert gazon\\\/Vert anis - CAPS CREA\",\"isPartOf\":{\"@id\":\"https:\\\/\\\/capscrea.com\\\/#website\"},\"primaryImageOfPage\":{\"@id\":\"https:\\\/\\\/capscrea.com\\\/index.php\\\/produit\\\/sac-capsules-bella-vert-gazon-vernis-anis\\\/#primaryimage\"},\"image\":{\"@id\":\"https:\\\/\\\/capscrea.com\\\/index.php\\\/produit\\\/sac-capsules-bella-vert-gazon-vernis-anis\\\/#primaryimage\"},\"thumbnailUrl\":\"https:\\\/\\\/capscrea.com\\\/wp-content\\\/uploads\\\/2025\\\/05\\\/BELLA-VB-600-1.jpg\",\"datePublished\":\"2025-05-20T17:15:40+00:00\",\"dateModified\":\"2025-05-20T17:26:17+00:00\",\"description\":\"BELLA........ C'est le sac capsules qu'il vous faut. Moderne, l\u00e9ger, styl\u00e9, fabrication unique. Lavage manuel \u00e0 basse temp\u00e9rature\",\"breadcrumb\":{\"@id\":\"https:\\\/\\\/capscrea.com\\\/index.php\\\/produit\\\/sac-capsules-bella-vert-gazon-vernis-anis\\\/#breadcrumb\"},\"inLanguage\":\"fr-FR\",\"potentialAction\":[{\"@type\":\"ReadAction\",\"target\":[\"https:\\\/\\\/capscrea.com\\\/index.php\\\/produit\\\/sac-capsules-bella-vert-gazon-vernis-anis\\\/\"]}]},{\"@type\":\"ImageObject\",\"inLanguage\":\"fr-FR\",\"@id\":\"https:\\\/\\\/capscrea.com\\\/index.php\\\/produit\\\/sac-capsules-bella-vert-gazon-vernis-anis\\\/#primaryimage\",\"url\":\"https:\\\/\\\/capscrea.com\\\/wp-content\\\/uploads\\\/2025\\\/05\\\/BELLA-VB-600-1.jpg\",\"contentUrl\":\"https:\\\/\\\/capscrea.com\\\/wp-content\\\/uploads\\\/2025\\\/05\\\/BELLA-VB-600-1.jpg\",\"width\":450,\"height\":600},{\"@type\":\"BreadcrumbList\",\"@id\":\"https:\\\/\\\/capscrea.com\\\/index.php\\\/produit\\\/sac-capsules-bella-vert-gazon-vernis-anis\\\/#breadcrumb\",\"itemListElement\":[{\"@type\":\"ListItem\",\"position\":1,\"name\":\"Accueil\",\"item\":\"https:\\\/\\\/capscrea.com\\\/\"},{\"@type\":\"ListItem\",\"position\":2,\"name\":\"Boutique\",\"item\":\"https:\\\/\\\/capscrea.com\\\/index.php\\\/boutique-s\\\/\"},{\"@type\":\"ListItem\",\"position\":3,\"name\":\"SAC CAPSULES &#8220;BELLA&#8221; Vert gazon\\\/Vert anis\"}]},{\"@type\":\"WebSite\",\"@id\":\"https:\\\/\\\/capscrea.com\\\/#website\",\"url\":\"https:\\\/\\\/capscrea.com\\\/\",\"name\":\"CAPS CREA\",\"description\":\"Rien ne se perd tout se transforme !\",\"publisher\":{\"@id\":\"https:\\\/\\\/capscrea.com\\\/#organization\"},\"alternateName\":\"Sacs faits mains\",\"potentialAction\":[{\"@type\":\"SearchAction\",\"target\":{\"@type\":\"EntryPoint\",\"urlTemplate\":\"https:\\\/\\\/capscrea.com\\\/?s={search_term_string}\"},\"query-input\":{\"@type\":\"PropertyValueSpecification\",\"valueRequired\":true,\"valueName\":\"search_term_string\"}}],\"inLanguage\":\"fr-FR\"},{\"@type\":\"Organization\",\"@id\":\"https:\\\/\\\/capscrea.com\\\/#organization\",\"name\":\"CAPS CREA\",\"url\":\"https:\\\/\\\/capscrea.com\\\/\",\"logo\":{\"@type\":\"ImageObject\",\"inLanguage\":\"fr-FR\",\"@id\":\"https:\\\/\\\/capscrea.com\\\/#\\\/schema\\\/logo\\\/image\\\/\",\"url\":\"https:\\\/\\\/capscrea.com\\\/wp-content\\\/uploads\\\/2024\\\/01\\\/cropped-Design-sans-titre-2.png\",\"contentUrl\":\"https:\\\/\\\/capscrea.com\\\/wp-content\\\/uploads\\\/2024\\\/01\\\/cropped-Design-sans-titre-2.png\",\"width\":500,\"height\":450,\"caption\":\"CAPS CREA\"},\"image\":{\"@id\":\"https:\\\/\\\/capscrea.com\\\/#\\\/schema\\\/logo\\\/image\\\/\"},\"sameAs\":[\"https:\\\/\\\/capscrea.com\",\"https:\\\/\\\/x.com\\\/capscrea\"]}]}<\/script>\n<!-- \/ Yoast SEO plugin. -->","yoast_head_json":{"title":"SAC CAPSULES \"BELLA\" Vert gazon\/Vert anis - CAPS CREA","description":"BELLA........ C'est le sac capsules qu'il vous faut. Moderne, l\u00e9ger, styl\u00e9, fabrication unique. Lavage manuel \u00e0 basse temp\u00e9rature","robots":{"index":"index","follow":"follow","max-snippet":"max-snippet:-1","max-image-preview":"max-image-preview:large","max-video-preview":"max-video-preview:-1"},"canonical":"https:\/\/capscrea.com\/index.php\/produit\/sac-capsules-bella-vert-gazon-vernis-anis\/","og_locale":"fr_FR","og_type":"article","og_title":"SAC CAPSULES \"BELLA\" Vert gazon\/Vert anis - CAPS CREA","og_description":"BELLA........ C'est le sac capsules qu'il vous faut. Moderne, l\u00e9ger, styl\u00e9, fabrication unique. Lavage manuel \u00e0 basse temp\u00e9rature","og_url":"https:\/\/capscrea.com\/index.php\/produit\/sac-capsules-bella-vert-gazon-vernis-anis\/","og_site_name":"CAPS CREA","article_publisher":"https:\/\/capscrea.com","article_modified_time":"2025-05-20T17:26:17+00:00","og_image":[{"width":450,"height":600,"url":"https:\/\/capscrea.com\/wp-content\/uploads\/2025\/05\/BELLA-VB-600-1.jpg","type":"image\/jpeg"}],"twitter_card":"summary_large_image","twitter_site":"@capscrea","twitter_misc":{"Dur\u00e9e de lecture estim\u00e9e":"1 minute"},"schema":{"@context":"https:\/\/schema.org","@graph":[{"@type":"WebPage","@id":"https:\/\/capscrea.com\/index.php\/produit\/sac-capsules-bella-vert-gazon-vernis-anis\/","url":"https:\/\/capscrea.com\/index.php\/produit\/sac-capsules-bella-vert-gazon-vernis-anis\/","name":"SAC CAPSULES \"BELLA\" Vert gazon\/Vert anis - CAPS CREA","isPartOf":{"@id":"https:\/\/capscrea.com\/#website"},"primaryImageOfPage":{"@id":"https:\/\/capscrea.com\/index.php\/produit\/sac-capsules-bella-vert-gazon-vernis-anis\/#primaryimage"},"image":{"@id":"https:\/\/capscrea.com\/index.php\/produit\/sac-capsules-bella-vert-gazon-vernis-anis\/#primaryimage"},"thumbnailUrl":"https:\/\/capscrea.com\/wp-content\/uploads\/2025\/05\/BELLA-VB-600-1.jpg","datePublished":"2025-05-20T17:15:40+00:00","dateModified":"2025-05-20T17:26:17+00:00","description":"BELLA........ C'est le sac capsules qu'il vous faut. Moderne, l\u00e9ger, styl\u00e9, fabrication unique. Lavage manuel \u00e0 basse temp\u00e9rature","breadcrumb":{"@id":"https:\/\/capscrea.com\/index.php\/produit\/sac-capsules-bella-vert-gazon-vernis-anis\/#breadcrumb"},"inLanguage":"fr-FR","potentialAction":[{"@type":"ReadAction","target":["https:\/\/capscrea.com\/index.php\/produit\/sac-capsules-bella-vert-gazon-vernis-anis\/"]}]},{"@type":"ImageObject","inLanguage":"fr-FR","@id":"https:\/\/capscrea.com\/index.php\/produit\/sac-capsules-bella-vert-gazon-vernis-anis\/#primaryimage","url":"https:\/\/capscrea.com\/wp-content\/uploads\/2025\/05\/BELLA-VB-600-1.jpg","contentUrl":"https:\/\/capscrea.com\/wp-content\/uploads\/2025\/05\/BELLA-VB-600-1.jpg","width":450,"height":600},{"@type":"BreadcrumbList","@id":"https:\/\/capscrea.com\/index.php\/produit\/sac-capsules-bella-vert-gazon-vernis-anis\/#breadcrumb","itemListElement":[{"@type":"ListItem","position":1,"name":"Accueil","item":"https:\/\/capscrea.com\/"},{"@type":"ListItem","position":2,"name":"Boutique","item":"https:\/\/capscrea.com\/index.php\/boutique-s\/"},{"@type":"ListItem","position":3,"name":"SAC CAPSULES &#8220;BELLA&#8221; Vert gazon\/Vert anis"}]},{"@type":"WebSite","@id":"https:\/\/capscrea.com\/#website","url":"https:\/\/capscrea.com\/","name":"CAPS CREA","description":"Rien ne se perd tout se transforme !","publisher":{"@id":"https:\/\/capscrea.com\/#organization"},"alternateName":"Sacs faits mains","potentialAction":[{"@type":"SearchAction","target":{"@type":"EntryPoint","urlTemplate":"https:\/\/capscrea.com\/?s={search_term_string}"},"query-input":{"@type":"PropertyValueSpecification","valueRequired":true,"valueName":"search_term_string"}}],"inLanguage":"fr-FR"},{"@type":"Organization","@id":"https:\/\/capscrea.com\/#organization","name":"CAPS CREA","url":"https:\/\/capscrea.com\/","logo":{"@type":"ImageObject","inLanguage":"fr-FR","@id":"https:\/\/capscrea.com\/#\/schema\/logo\/image\/","url":"https:\/\/capscrea.com\/wp-content\/uploads\/2024\/01\/cropped-Design-sans-titre-2.png","contentUrl":"https:\/\/capscrea.com\/wp-content\/uploads\/2024\/01\/cropped-Design-sans-titre-2.png","width":500,"height":450,"caption":"CAPS CREA"},"image":{"@id":"https:\/\/capscrea.com\/#\/schema\/logo\/image\/"},"sameAs":["https:\/\/capscrea.com","https:\/\/x.com\/capscrea"]}]}},"jetpack_sharing_enabled":true,"_links":{"self":[{"href":"https:\/\/capscrea.com\/index.php\/wp-json\/wp\/v2\/product\/1051","targetHints":{"allow":["GET"]}}],"collection":[{"href":"https:\/\/capscrea.com\/index.php\/wp-json\/wp\/v2\/product"}],"about":[{"href":"https:\/\/capscrea.com\/index.php\/wp-json\/wp\/v2\/types\/product"}],"replies":[{"embeddable":true,"href":"https:\/\/capscrea.com\/index.php\/wp-json\/wp\/v2\/comments?post=1051"}],"wp:featuredmedia":[{"embeddable":true,"href":"https:\/\/capscrea.com\/index.php\/wp-json\/wp\/v2\/media\/1050"}],"wp:attachment":[{"href":"https:\/\/capscrea.com\/index.php\/wp-json\/wp\/v2\/media?parent=1051"}],"wp:term":[{"taxonomy":"product_brand","embeddable":true,"href":"https:\/\/capscrea.com\/index.php\/wp-json\/wp\/v2\/product_brand?post=1051"},{"taxonomy":"product_cat","embeddable":true,"href":"https:\/\/capscrea.com\/index.php\/wp-json\/wp\/v2\/product_cat?post=1051"},{"taxonomy":"product_tag","embeddable":true,"href":"https:\/\/capscrea.com\/index.php\/wp-json\/wp\/v2\/product_tag?post=1051"}],"curies":[{"name":"wp","href":"https:\/\/api.w.org\/{rel}","templated":true}]}}