{"id":1048,"date":"2025-05-16T15:49:20","date_gmt":"2025-05-16T13:49:20","guid":{"rendered":"https:\/\/capscrea.com\/?post_type=product&#038;p=1048"},"modified":"2025-05-16T15:49:20","modified_gmt":"2025-05-16T13:49:20","slug":"sac-capsules-cynthia-gris-fonce-gris-clair","status":"publish","type":"product","link":"https:\/\/capscrea.com\/index.php\/produit\/sac-capsules-cynthia-gris-fonce-gris-clair\/","title":{"rendered":"SAC CAPSULES &#8220;CYNTHIA&#8221; Gris fonc\u00e9\/Gris clair"},"content":{"rendered":"<p><span style=\"\">Le sac capsules &#8220;CYNTHIA&#8221; est l&#8217;<\/span><span style=\"\">\u00e9l\u00e9gance<\/span><span style=\"\"> assur\u00e9e : son design sophistiqu\u00e9 ajoute\u00a0 \u00e0 votre style\u00a0 une touche intemporelle.<\/span><\/p>\n<p>Unique en son genre, vous aurez\u00a0 plaisir \u00e0 le porter, il compl\u00e9tera chacune des vos tenues : chics ou d\u00e9contract\u00e9es.<\/p>\n<p>R\u00e9alis\u00e9 en 19 heures avec 1.270 capsules de canettes recycl\u00e9es : lav\u00e9es, d\u00e9sinfect\u00e9es, calibr\u00e9es, assembl\u00e9es au crochet avec du coton.<\/p>\n<p>Larg. 30 cm Ht 20 cm Epais. 3 cm Bandouli\u00e8re 110 cm<\/p>\n<p>Poids 443 gr<\/p>\n<p>Fermeture \u00e9clair<\/p>\n<p>Enti\u00e8rement fait main<\/p>\n","protected":false},"excerpt":{"rendered":"<p>Le sac capsules &#8220;CYNTHIA&#8221; est l&#8217;\u00e9l\u00e9gance assur\u00e9e : son design sophistiqu\u00e9 ajoute\u00a0 \u00e0 votre style\u00a0 une touche intemporelle. Unique en son genre, vous aurez\u00a0 plaisir \u00e0 le porter, il compl\u00e9tera chacune des vos tenues : chics ou d\u00e9contract\u00e9es. R\u00e9alis\u00e9 en 19 heures avec 1.270 capsules de canettes recycl\u00e9es : lav\u00e9es, d\u00e9sinfect\u00e9es, calibr\u00e9es, assembl\u00e9es au crochet [&hellip;]<\/p>\n","protected":false},"featured_media":1047,"comment_status":"open","ping_status":"closed","template":"","meta":[],"product_brand":[],"product_cat":[20],"product_tag":[],"class_list":{"0":"post-1048","1":"product","2":"type-product","3":"status-publish","4":"has-post-thumbnail","6":"product_cat-sacs-bandouliere","8":"first","9":"instock","10":"shipping-taxable","11":"purchasable","12":"product-type-simple"},"yoast_head":"<!-- This site is optimized with the Yoast SEO plugin v27.4 - https:\/\/yoast.com\/product\/yoast-seo-wordpress\/ -->\n<title>SAC CAPSULES &quot;CYNTHIA&quot; Gris fonc\u00e9\/Gris clair - CAPS CREA<\/title>\n<meta name=\"description\" content=\"SAC CAPSULES &quot;CYNTHIA&quot; Enti\u00e8rement fait main . Artisanat fran\u00e7ais. Travail soign\u00e9. Lavage manuel \u00e0 basse temp\u00e9rature. Il valorisera toutes vos tenues.\" \/>\n<meta name=\"robots\" content=\"index, follow, max-snippet:-1, max-image-preview:large, max-video-preview:-1\" \/>\n<link rel=\"canonical\" href=\"https:\/\/capscrea.com\/index.php\/produit\/sac-capsules-cynthia-gris-fonce-gris-clair\/\" \/>\n<meta property=\"og:locale\" content=\"fr_FR\" \/>\n<meta property=\"og:type\" content=\"article\" \/>\n<meta property=\"og:title\" content=\"SAC CAPSULES &quot;CYNTHIA&quot; Gris fonc\u00e9\/Gris clair - CAPS CREA\" \/>\n<meta property=\"og:description\" content=\"SAC CAPSULES &quot;CYNTHIA&quot; Enti\u00e8rement fait main . Artisanat fran\u00e7ais. Travail soign\u00e9. Lavage manuel \u00e0 basse temp\u00e9rature. Il valorisera toutes vos tenues.\" \/>\n<meta property=\"og:url\" content=\"https:\/\/capscrea.com\/index.php\/produit\/sac-capsules-cynthia-gris-fonce-gris-clair\/\" \/>\n<meta property=\"og:site_name\" content=\"CAPS CREA\" \/>\n<meta property=\"article:publisher\" content=\"https:\/\/capscrea.com\" \/>\n<meta property=\"og:image\" content=\"https:\/\/capscrea.com\/wp-content\/uploads\/2025\/05\/Cynthia-600.jpg\" \/>\n\t<meta property=\"og:image:width\" content=\"375\" \/>\n\t<meta property=\"og:image:height\" content=\"500\" \/>\n\t<meta property=\"og:image:type\" content=\"image\/jpeg\" \/>\n<meta name=\"twitter:card\" content=\"summary_large_image\" \/>\n<meta name=\"twitter:site\" content=\"@capscrea\" \/>\n<meta name=\"twitter:label1\" content=\"Dur\u00e9e de lecture estim\u00e9e\" \/>\n\t<meta name=\"twitter:data1\" content=\"1 minute\" \/>\n<script type=\"application\/ld+json\" class=\"yoast-schema-graph\">{\"@context\":\"https:\\\/\\\/schema.org\",\"@graph\":[{\"@type\":\"WebPage\",\"@id\":\"https:\\\/\\\/capscrea.com\\\/index.php\\\/produit\\\/sac-capsules-cynthia-gris-fonce-gris-clair\\\/\",\"url\":\"https:\\\/\\\/capscrea.com\\\/index.php\\\/produit\\\/sac-capsules-cynthia-gris-fonce-gris-clair\\\/\",\"name\":\"SAC CAPSULES \\\"CYNTHIA\\\" Gris fonc\u00e9\\\/Gris clair - CAPS CREA\",\"isPartOf\":{\"@id\":\"https:\\\/\\\/capscrea.com\\\/#website\"},\"primaryImageOfPage\":{\"@id\":\"https:\\\/\\\/capscrea.com\\\/index.php\\\/produit\\\/sac-capsules-cynthia-gris-fonce-gris-clair\\\/#primaryimage\"},\"image\":{\"@id\":\"https:\\\/\\\/capscrea.com\\\/index.php\\\/produit\\\/sac-capsules-cynthia-gris-fonce-gris-clair\\\/#primaryimage\"},\"thumbnailUrl\":\"https:\\\/\\\/capscrea.com\\\/wp-content\\\/uploads\\\/2025\\\/05\\\/Cynthia-600.jpg\",\"datePublished\":\"2025-05-16T13:49:20+00:00\",\"description\":\"SAC CAPSULES \\\"CYNTHIA\\\" Enti\u00e8rement fait main . Artisanat fran\u00e7ais. Travail soign\u00e9. Lavage manuel \u00e0 basse temp\u00e9rature. Il valorisera toutes vos tenues.\",\"breadcrumb\":{\"@id\":\"https:\\\/\\\/capscrea.com\\\/index.php\\\/produit\\\/sac-capsules-cynthia-gris-fonce-gris-clair\\\/#breadcrumb\"},\"inLanguage\":\"fr-FR\",\"potentialAction\":[{\"@type\":\"ReadAction\",\"target\":[\"https:\\\/\\\/capscrea.com\\\/index.php\\\/produit\\\/sac-capsules-cynthia-gris-fonce-gris-clair\\\/\"]}]},{\"@type\":\"ImageObject\",\"inLanguage\":\"fr-FR\",\"@id\":\"https:\\\/\\\/capscrea.com\\\/index.php\\\/produit\\\/sac-capsules-cynthia-gris-fonce-gris-clair\\\/#primaryimage\",\"url\":\"https:\\\/\\\/capscrea.com\\\/wp-content\\\/uploads\\\/2025\\\/05\\\/Cynthia-600.jpg\",\"contentUrl\":\"https:\\\/\\\/capscrea.com\\\/wp-content\\\/uploads\\\/2025\\\/05\\\/Cynthia-600.jpg\",\"width\":375,\"height\":500},{\"@type\":\"BreadcrumbList\",\"@id\":\"https:\\\/\\\/capscrea.com\\\/index.php\\\/produit\\\/sac-capsules-cynthia-gris-fonce-gris-clair\\\/#breadcrumb\",\"itemListElement\":[{\"@type\":\"ListItem\",\"position\":1,\"name\":\"Accueil\",\"item\":\"https:\\\/\\\/capscrea.com\\\/\"},{\"@type\":\"ListItem\",\"position\":2,\"name\":\"Boutique\",\"item\":\"https:\\\/\\\/capscrea.com\\\/index.php\\\/boutique-s\\\/\"},{\"@type\":\"ListItem\",\"position\":3,\"name\":\"SAC CAPSULES &#8220;CYNTHIA&#8221; Gris fonc\u00e9\\\/Gris clair\"}]},{\"@type\":\"WebSite\",\"@id\":\"https:\\\/\\\/capscrea.com\\\/#website\",\"url\":\"https:\\\/\\\/capscrea.com\\\/\",\"name\":\"CAPS CREA\",\"description\":\"Rien ne se perd tout se transforme !\",\"publisher\":{\"@id\":\"https:\\\/\\\/capscrea.com\\\/#organization\"},\"alternateName\":\"Sacs faits mains\",\"potentialAction\":[{\"@type\":\"SearchAction\",\"target\":{\"@type\":\"EntryPoint\",\"urlTemplate\":\"https:\\\/\\\/capscrea.com\\\/?s={search_term_string}\"},\"query-input\":{\"@type\":\"PropertyValueSpecification\",\"valueRequired\":true,\"valueName\":\"search_term_string\"}}],\"inLanguage\":\"fr-FR\"},{\"@type\":\"Organization\",\"@id\":\"https:\\\/\\\/capscrea.com\\\/#organization\",\"name\":\"CAPS CREA\",\"url\":\"https:\\\/\\\/capscrea.com\\\/\",\"logo\":{\"@type\":\"ImageObject\",\"inLanguage\":\"fr-FR\",\"@id\":\"https:\\\/\\\/capscrea.com\\\/#\\\/schema\\\/logo\\\/image\\\/\",\"url\":\"https:\\\/\\\/capscrea.com\\\/wp-content\\\/uploads\\\/2024\\\/01\\\/cropped-Design-sans-titre-2.png\",\"contentUrl\":\"https:\\\/\\\/capscrea.com\\\/wp-content\\\/uploads\\\/2024\\\/01\\\/cropped-Design-sans-titre-2.png\",\"width\":500,\"height\":450,\"caption\":\"CAPS CREA\"},\"image\":{\"@id\":\"https:\\\/\\\/capscrea.com\\\/#\\\/schema\\\/logo\\\/image\\\/\"},\"sameAs\":[\"https:\\\/\\\/capscrea.com\",\"https:\\\/\\\/x.com\\\/capscrea\"]}]}<\/script>\n<!-- \/ Yoast SEO plugin. -->","yoast_head_json":{"title":"SAC CAPSULES \"CYNTHIA\" Gris fonc\u00e9\/Gris clair - CAPS CREA","description":"SAC CAPSULES \"CYNTHIA\" Enti\u00e8rement fait main . Artisanat fran\u00e7ais. Travail soign\u00e9. Lavage manuel \u00e0 basse temp\u00e9rature. Il valorisera toutes vos tenues.","robots":{"index":"index","follow":"follow","max-snippet":"max-snippet:-1","max-image-preview":"max-image-preview:large","max-video-preview":"max-video-preview:-1"},"canonical":"https:\/\/capscrea.com\/index.php\/produit\/sac-capsules-cynthia-gris-fonce-gris-clair\/","og_locale":"fr_FR","og_type":"article","og_title":"SAC CAPSULES \"CYNTHIA\" Gris fonc\u00e9\/Gris clair - CAPS CREA","og_description":"SAC CAPSULES \"CYNTHIA\" Enti\u00e8rement fait main . Artisanat fran\u00e7ais. Travail soign\u00e9. Lavage manuel \u00e0 basse temp\u00e9rature. Il valorisera toutes vos tenues.","og_url":"https:\/\/capscrea.com\/index.php\/produit\/sac-capsules-cynthia-gris-fonce-gris-clair\/","og_site_name":"CAPS CREA","article_publisher":"https:\/\/capscrea.com","og_image":[{"width":375,"height":500,"url":"https:\/\/capscrea.com\/wp-content\/uploads\/2025\/05\/Cynthia-600.jpg","type":"image\/jpeg"}],"twitter_card":"summary_large_image","twitter_site":"@capscrea","twitter_misc":{"Dur\u00e9e de lecture estim\u00e9e":"1 minute"},"schema":{"@context":"https:\/\/schema.org","@graph":[{"@type":"WebPage","@id":"https:\/\/capscrea.com\/index.php\/produit\/sac-capsules-cynthia-gris-fonce-gris-clair\/","url":"https:\/\/capscrea.com\/index.php\/produit\/sac-capsules-cynthia-gris-fonce-gris-clair\/","name":"SAC CAPSULES \"CYNTHIA\" Gris fonc\u00e9\/Gris clair - CAPS CREA","isPartOf":{"@id":"https:\/\/capscrea.com\/#website"},"primaryImageOfPage":{"@id":"https:\/\/capscrea.com\/index.php\/produit\/sac-capsules-cynthia-gris-fonce-gris-clair\/#primaryimage"},"image":{"@id":"https:\/\/capscrea.com\/index.php\/produit\/sac-capsules-cynthia-gris-fonce-gris-clair\/#primaryimage"},"thumbnailUrl":"https:\/\/capscrea.com\/wp-content\/uploads\/2025\/05\/Cynthia-600.jpg","datePublished":"2025-05-16T13:49:20+00:00","description":"SAC CAPSULES \"CYNTHIA\" Enti\u00e8rement fait main . Artisanat fran\u00e7ais. Travail soign\u00e9. Lavage manuel \u00e0 basse temp\u00e9rature. Il valorisera toutes vos tenues.","breadcrumb":{"@id":"https:\/\/capscrea.com\/index.php\/produit\/sac-capsules-cynthia-gris-fonce-gris-clair\/#breadcrumb"},"inLanguage":"fr-FR","potentialAction":[{"@type":"ReadAction","target":["https:\/\/capscrea.com\/index.php\/produit\/sac-capsules-cynthia-gris-fonce-gris-clair\/"]}]},{"@type":"ImageObject","inLanguage":"fr-FR","@id":"https:\/\/capscrea.com\/index.php\/produit\/sac-capsules-cynthia-gris-fonce-gris-clair\/#primaryimage","url":"https:\/\/capscrea.com\/wp-content\/uploads\/2025\/05\/Cynthia-600.jpg","contentUrl":"https:\/\/capscrea.com\/wp-content\/uploads\/2025\/05\/Cynthia-600.jpg","width":375,"height":500},{"@type":"BreadcrumbList","@id":"https:\/\/capscrea.com\/index.php\/produit\/sac-capsules-cynthia-gris-fonce-gris-clair\/#breadcrumb","itemListElement":[{"@type":"ListItem","position":1,"name":"Accueil","item":"https:\/\/capscrea.com\/"},{"@type":"ListItem","position":2,"name":"Boutique","item":"https:\/\/capscrea.com\/index.php\/boutique-s\/"},{"@type":"ListItem","position":3,"name":"SAC CAPSULES &#8220;CYNTHIA&#8221; Gris fonc\u00e9\/Gris clair"}]},{"@type":"WebSite","@id":"https:\/\/capscrea.com\/#website","url":"https:\/\/capscrea.com\/","name":"CAPS CREA","description":"Rien ne se perd tout se transforme !","publisher":{"@id":"https:\/\/capscrea.com\/#organization"},"alternateName":"Sacs faits mains","potentialAction":[{"@type":"SearchAction","target":{"@type":"EntryPoint","urlTemplate":"https:\/\/capscrea.com\/?s={search_term_string}"},"query-input":{"@type":"PropertyValueSpecification","valueRequired":true,"valueName":"search_term_string"}}],"inLanguage":"fr-FR"},{"@type":"Organization","@id":"https:\/\/capscrea.com\/#organization","name":"CAPS CREA","url":"https:\/\/capscrea.com\/","logo":{"@type":"ImageObject","inLanguage":"fr-FR","@id":"https:\/\/capscrea.com\/#\/schema\/logo\/image\/","url":"https:\/\/capscrea.com\/wp-content\/uploads\/2024\/01\/cropped-Design-sans-titre-2.png","contentUrl":"https:\/\/capscrea.com\/wp-content\/uploads\/2024\/01\/cropped-Design-sans-titre-2.png","width":500,"height":450,"caption":"CAPS CREA"},"image":{"@id":"https:\/\/capscrea.com\/#\/schema\/logo\/image\/"},"sameAs":["https:\/\/capscrea.com","https:\/\/x.com\/capscrea"]}]}},"jetpack_sharing_enabled":true,"_links":{"self":[{"href":"https:\/\/capscrea.com\/index.php\/wp-json\/wp\/v2\/product\/1048","targetHints":{"allow":["GET"]}}],"collection":[{"href":"https:\/\/capscrea.com\/index.php\/wp-json\/wp\/v2\/product"}],"about":[{"href":"https:\/\/capscrea.com\/index.php\/wp-json\/wp\/v2\/types\/product"}],"replies":[{"embeddable":true,"href":"https:\/\/capscrea.com\/index.php\/wp-json\/wp\/v2\/comments?post=1048"}],"wp:featuredmedia":[{"embeddable":true,"href":"https:\/\/capscrea.com\/index.php\/wp-json\/wp\/v2\/media\/1047"}],"wp:attachment":[{"href":"https:\/\/capscrea.com\/index.php\/wp-json\/wp\/v2\/media?parent=1048"}],"wp:term":[{"taxonomy":"product_brand","embeddable":true,"href":"https:\/\/capscrea.com\/index.php\/wp-json\/wp\/v2\/product_brand?post=1048"},{"taxonomy":"product_cat","embeddable":true,"href":"https:\/\/capscrea.com\/index.php\/wp-json\/wp\/v2\/product_cat?post=1048"},{"taxonomy":"product_tag","embeddable":true,"href":"https:\/\/capscrea.com\/index.php\/wp-json\/wp\/v2\/product_tag?post=1048"}],"curies":[{"name":"wp","href":"https:\/\/api.w.org\/{rel}","templated":true}]}}