{"id":1041,"date":"2025-03-21T10:40:03","date_gmt":"2025-03-21T09:40:03","guid":{"rendered":"https:\/\/capscrea.com\/?post_type=product&#038;p=1041"},"modified":"2025-03-21T10:40:03","modified_gmt":"2025-03-21T09:40:03","slug":"sac-capsules-sandra","status":"publish","type":"product","link":"https:\/\/capscrea.com\/index.php\/produit\/sac-capsules-sandra\/","title":{"rendered":"SAC CAPSULES &#8220;SANDRA&#8221;"},"content":{"rendered":"<p>SANDRA est r\u00e9alis\u00e9 en 13 heures avec des capsules de canettes recycl\u00e9es, lav\u00e9es, d\u00e9sinfect\u00e9es, calibr\u00e9es, assembl\u00e9es au crochet avec du coton bleu azur.<\/p>\n<p>Il viendra \u00e9gayer vos tenues, en ville, en soir\u00e9e, en plein air : il s&#8217;adapte \u00e0 toutes les situations.<\/p>\n<p>Larg. 27 cm Ht 20 cm Epais. 4 cm Poids 235 gr Bandouli\u00e8re 125 cm<\/p>\n<p>Fermeture \u00e9clair<\/p>\n<p>Chainette inox r\u00e9glable sur mousquetons<\/p>\n<p>Int\u00e9rieur doubl\u00e9.<\/p>\n<p>Lavage manuel \u00e0 basse temp\u00e9rature<\/p>\n","protected":false},"excerpt":{"rendered":"<p>SANDRA est r\u00e9alis\u00e9 en 13 heures avec des capsules de canettes recycl\u00e9es, lav\u00e9es, d\u00e9sinfect\u00e9es, calibr\u00e9es, assembl\u00e9es au crochet avec du coton bleu azur. Il viendra \u00e9gayer vos tenues, en ville, en soir\u00e9e, en plein air : il s&#8217;adapte \u00e0 toutes les situations. Larg. 27 cm Ht 20 cm Epais. 4 cm Poids 235 gr Bandouli\u00e8re [&hellip;]<\/p>\n","protected":false},"featured_media":976,"comment_status":"open","ping_status":"closed","template":"","meta":[],"product_brand":[],"product_cat":[20],"product_tag":[],"class_list":{"0":"post-1041","1":"product","2":"type-product","3":"status-publish","4":"has-post-thumbnail","6":"product_cat-sacs-bandouliere","8":"first","9":"instock","10":"taxable","11":"shipping-taxable","12":"purchasable","13":"product-type-simple"},"yoast_head":"<!-- This site is optimized with the Yoast SEO plugin v27.4 - https:\/\/yoast.com\/product\/yoast-seo-wordpress\/ -->\n<title>SAC CAPSULES &quot;SANDRA&quot; - CAPS CREA<\/title>\n<meta name=\"description\" content=\"El\u00e9gant, pratique, Sandra sera votre accessoire id\u00e9al en toutes circonstances ; Vous ne le quitterez plus. Il saura sublimer vos tenues.\" \/>\n<meta name=\"robots\" content=\"index, follow, max-snippet:-1, max-image-preview:large, max-video-preview:-1\" \/>\n<link rel=\"canonical\" href=\"https:\/\/capscrea.com\/index.php\/produit\/sac-capsules-sandra\/\" \/>\n<meta property=\"og:locale\" content=\"fr_FR\" \/>\n<meta property=\"og:type\" content=\"article\" \/>\n<meta property=\"og:title\" content=\"SAC CAPSULES &quot;SANDRA&quot; - CAPS CREA\" \/>\n<meta property=\"og:description\" content=\"El\u00e9gant, pratique, Sandra sera votre accessoire id\u00e9al en toutes circonstances ; Vous ne le quitterez plus. Il saura sublimer vos tenues.\" \/>\n<meta property=\"og:url\" content=\"https:\/\/capscrea.com\/index.php\/produit\/sac-capsules-sandra\/\" \/>\n<meta property=\"og:site_name\" content=\"CAPS CREA\" \/>\n<meta property=\"article:publisher\" content=\"https:\/\/capscrea.com\" \/>\n<meta property=\"og:image\" content=\"https:\/\/capscrea.com\/wp-content\/uploads\/2024\/08\/600-Sandra-bleu-.jpg\" \/>\n\t<meta property=\"og:image:width\" content=\"600\" \/>\n\t<meta property=\"og:image:height\" content=\"450\" \/>\n\t<meta property=\"og:image:type\" content=\"image\/jpeg\" \/>\n<meta name=\"twitter:card\" content=\"summary_large_image\" \/>\n<meta name=\"twitter:site\" content=\"@capscrea\" \/>\n<meta name=\"twitter:label1\" content=\"Dur\u00e9e de lecture estim\u00e9e\" \/>\n\t<meta name=\"twitter:data1\" content=\"1 minute\" \/>\n<script type=\"application\/ld+json\" class=\"yoast-schema-graph\">{\"@context\":\"https:\\\/\\\/schema.org\",\"@graph\":[{\"@type\":\"WebPage\",\"@id\":\"https:\\\/\\\/capscrea.com\\\/index.php\\\/produit\\\/sac-capsules-sandra\\\/\",\"url\":\"https:\\\/\\\/capscrea.com\\\/index.php\\\/produit\\\/sac-capsules-sandra\\\/\",\"name\":\"SAC CAPSULES \\\"SANDRA\\\" - CAPS CREA\",\"isPartOf\":{\"@id\":\"https:\\\/\\\/capscrea.com\\\/#website\"},\"primaryImageOfPage\":{\"@id\":\"https:\\\/\\\/capscrea.com\\\/index.php\\\/produit\\\/sac-capsules-sandra\\\/#primaryimage\"},\"image\":{\"@id\":\"https:\\\/\\\/capscrea.com\\\/index.php\\\/produit\\\/sac-capsules-sandra\\\/#primaryimage\"},\"thumbnailUrl\":\"https:\\\/\\\/capscrea.com\\\/wp-content\\\/uploads\\\/2024\\\/08\\\/600-Sandra-bleu-.jpg\",\"datePublished\":\"2025-03-21T09:40:03+00:00\",\"description\":\"El\u00e9gant, pratique, Sandra sera votre accessoire id\u00e9al en toutes circonstances ; Vous ne le quitterez plus. Il saura sublimer vos tenues.\",\"breadcrumb\":{\"@id\":\"https:\\\/\\\/capscrea.com\\\/index.php\\\/produit\\\/sac-capsules-sandra\\\/#breadcrumb\"},\"inLanguage\":\"fr-FR\",\"potentialAction\":[{\"@type\":\"ReadAction\",\"target\":[\"https:\\\/\\\/capscrea.com\\\/index.php\\\/produit\\\/sac-capsules-sandra\\\/\"]}]},{\"@type\":\"ImageObject\",\"inLanguage\":\"fr-FR\",\"@id\":\"https:\\\/\\\/capscrea.com\\\/index.php\\\/produit\\\/sac-capsules-sandra\\\/#primaryimage\",\"url\":\"https:\\\/\\\/capscrea.com\\\/wp-content\\\/uploads\\\/2024\\\/08\\\/600-Sandra-bleu-.jpg\",\"contentUrl\":\"https:\\\/\\\/capscrea.com\\\/wp-content\\\/uploads\\\/2024\\\/08\\\/600-Sandra-bleu-.jpg\",\"width\":600,\"height\":450},{\"@type\":\"BreadcrumbList\",\"@id\":\"https:\\\/\\\/capscrea.com\\\/index.php\\\/produit\\\/sac-capsules-sandra\\\/#breadcrumb\",\"itemListElement\":[{\"@type\":\"ListItem\",\"position\":1,\"name\":\"Accueil\",\"item\":\"https:\\\/\\\/capscrea.com\\\/\"},{\"@type\":\"ListItem\",\"position\":2,\"name\":\"Boutique\",\"item\":\"https:\\\/\\\/capscrea.com\\\/index.php\\\/boutique-s\\\/\"},{\"@type\":\"ListItem\",\"position\":3,\"name\":\"SAC CAPSULES &#8220;SANDRA&#8221;\"}]},{\"@type\":\"WebSite\",\"@id\":\"https:\\\/\\\/capscrea.com\\\/#website\",\"url\":\"https:\\\/\\\/capscrea.com\\\/\",\"name\":\"CAPS CREA\",\"description\":\"Rien ne se perd tout se transforme !\",\"publisher\":{\"@id\":\"https:\\\/\\\/capscrea.com\\\/#organization\"},\"alternateName\":\"Sacs faits mains\",\"potentialAction\":[{\"@type\":\"SearchAction\",\"target\":{\"@type\":\"EntryPoint\",\"urlTemplate\":\"https:\\\/\\\/capscrea.com\\\/?s={search_term_string}\"},\"query-input\":{\"@type\":\"PropertyValueSpecification\",\"valueRequired\":true,\"valueName\":\"search_term_string\"}}],\"inLanguage\":\"fr-FR\"},{\"@type\":\"Organization\",\"@id\":\"https:\\\/\\\/capscrea.com\\\/#organization\",\"name\":\"CAPS CREA\",\"url\":\"https:\\\/\\\/capscrea.com\\\/\",\"logo\":{\"@type\":\"ImageObject\",\"inLanguage\":\"fr-FR\",\"@id\":\"https:\\\/\\\/capscrea.com\\\/#\\\/schema\\\/logo\\\/image\\\/\",\"url\":\"https:\\\/\\\/capscrea.com\\\/wp-content\\\/uploads\\\/2024\\\/01\\\/cropped-Design-sans-titre-2.png\",\"contentUrl\":\"https:\\\/\\\/capscrea.com\\\/wp-content\\\/uploads\\\/2024\\\/01\\\/cropped-Design-sans-titre-2.png\",\"width\":500,\"height\":450,\"caption\":\"CAPS CREA\"},\"image\":{\"@id\":\"https:\\\/\\\/capscrea.com\\\/#\\\/schema\\\/logo\\\/image\\\/\"},\"sameAs\":[\"https:\\\/\\\/capscrea.com\",\"https:\\\/\\\/x.com\\\/capscrea\"]}]}<\/script>\n<!-- \/ Yoast SEO plugin. -->","yoast_head_json":{"title":"SAC CAPSULES \"SANDRA\" - CAPS CREA","description":"El\u00e9gant, pratique, Sandra sera votre accessoire id\u00e9al en toutes circonstances ; Vous ne le quitterez plus. Il saura sublimer vos tenues.","robots":{"index":"index","follow":"follow","max-snippet":"max-snippet:-1","max-image-preview":"max-image-preview:large","max-video-preview":"max-video-preview:-1"},"canonical":"https:\/\/capscrea.com\/index.php\/produit\/sac-capsules-sandra\/","og_locale":"fr_FR","og_type":"article","og_title":"SAC CAPSULES \"SANDRA\" - CAPS CREA","og_description":"El\u00e9gant, pratique, Sandra sera votre accessoire id\u00e9al en toutes circonstances ; Vous ne le quitterez plus. Il saura sublimer vos tenues.","og_url":"https:\/\/capscrea.com\/index.php\/produit\/sac-capsules-sandra\/","og_site_name":"CAPS CREA","article_publisher":"https:\/\/capscrea.com","og_image":[{"width":600,"height":450,"url":"https:\/\/capscrea.com\/wp-content\/uploads\/2024\/08\/600-Sandra-bleu-.jpg","type":"image\/jpeg"}],"twitter_card":"summary_large_image","twitter_site":"@capscrea","twitter_misc":{"Dur\u00e9e de lecture estim\u00e9e":"1 minute"},"schema":{"@context":"https:\/\/schema.org","@graph":[{"@type":"WebPage","@id":"https:\/\/capscrea.com\/index.php\/produit\/sac-capsules-sandra\/","url":"https:\/\/capscrea.com\/index.php\/produit\/sac-capsules-sandra\/","name":"SAC CAPSULES \"SANDRA\" - CAPS CREA","isPartOf":{"@id":"https:\/\/capscrea.com\/#website"},"primaryImageOfPage":{"@id":"https:\/\/capscrea.com\/index.php\/produit\/sac-capsules-sandra\/#primaryimage"},"image":{"@id":"https:\/\/capscrea.com\/index.php\/produit\/sac-capsules-sandra\/#primaryimage"},"thumbnailUrl":"https:\/\/capscrea.com\/wp-content\/uploads\/2024\/08\/600-Sandra-bleu-.jpg","datePublished":"2025-03-21T09:40:03+00:00","description":"El\u00e9gant, pratique, Sandra sera votre accessoire id\u00e9al en toutes circonstances ; Vous ne le quitterez plus. Il saura sublimer vos tenues.","breadcrumb":{"@id":"https:\/\/capscrea.com\/index.php\/produit\/sac-capsules-sandra\/#breadcrumb"},"inLanguage":"fr-FR","potentialAction":[{"@type":"ReadAction","target":["https:\/\/capscrea.com\/index.php\/produit\/sac-capsules-sandra\/"]}]},{"@type":"ImageObject","inLanguage":"fr-FR","@id":"https:\/\/capscrea.com\/index.php\/produit\/sac-capsules-sandra\/#primaryimage","url":"https:\/\/capscrea.com\/wp-content\/uploads\/2024\/08\/600-Sandra-bleu-.jpg","contentUrl":"https:\/\/capscrea.com\/wp-content\/uploads\/2024\/08\/600-Sandra-bleu-.jpg","width":600,"height":450},{"@type":"BreadcrumbList","@id":"https:\/\/capscrea.com\/index.php\/produit\/sac-capsules-sandra\/#breadcrumb","itemListElement":[{"@type":"ListItem","position":1,"name":"Accueil","item":"https:\/\/capscrea.com\/"},{"@type":"ListItem","position":2,"name":"Boutique","item":"https:\/\/capscrea.com\/index.php\/boutique-s\/"},{"@type":"ListItem","position":3,"name":"SAC CAPSULES &#8220;SANDRA&#8221;"}]},{"@type":"WebSite","@id":"https:\/\/capscrea.com\/#website","url":"https:\/\/capscrea.com\/","name":"CAPS CREA","description":"Rien ne se perd tout se transforme !","publisher":{"@id":"https:\/\/capscrea.com\/#organization"},"alternateName":"Sacs faits mains","potentialAction":[{"@type":"SearchAction","target":{"@type":"EntryPoint","urlTemplate":"https:\/\/capscrea.com\/?s={search_term_string}"},"query-input":{"@type":"PropertyValueSpecification","valueRequired":true,"valueName":"search_term_string"}}],"inLanguage":"fr-FR"},{"@type":"Organization","@id":"https:\/\/capscrea.com\/#organization","name":"CAPS CREA","url":"https:\/\/capscrea.com\/","logo":{"@type":"ImageObject","inLanguage":"fr-FR","@id":"https:\/\/capscrea.com\/#\/schema\/logo\/image\/","url":"https:\/\/capscrea.com\/wp-content\/uploads\/2024\/01\/cropped-Design-sans-titre-2.png","contentUrl":"https:\/\/capscrea.com\/wp-content\/uploads\/2024\/01\/cropped-Design-sans-titre-2.png","width":500,"height":450,"caption":"CAPS CREA"},"image":{"@id":"https:\/\/capscrea.com\/#\/schema\/logo\/image\/"},"sameAs":["https:\/\/capscrea.com","https:\/\/x.com\/capscrea"]}]}},"jetpack_sharing_enabled":true,"_links":{"self":[{"href":"https:\/\/capscrea.com\/index.php\/wp-json\/wp\/v2\/product\/1041","targetHints":{"allow":["GET"]}}],"collection":[{"href":"https:\/\/capscrea.com\/index.php\/wp-json\/wp\/v2\/product"}],"about":[{"href":"https:\/\/capscrea.com\/index.php\/wp-json\/wp\/v2\/types\/product"}],"replies":[{"embeddable":true,"href":"https:\/\/capscrea.com\/index.php\/wp-json\/wp\/v2\/comments?post=1041"}],"wp:featuredmedia":[{"embeddable":true,"href":"https:\/\/capscrea.com\/index.php\/wp-json\/wp\/v2\/media\/976"}],"wp:attachment":[{"href":"https:\/\/capscrea.com\/index.php\/wp-json\/wp\/v2\/media?parent=1041"}],"wp:term":[{"taxonomy":"product_brand","embeddable":true,"href":"https:\/\/capscrea.com\/index.php\/wp-json\/wp\/v2\/product_brand?post=1041"},{"taxonomy":"product_cat","embeddable":true,"href":"https:\/\/capscrea.com\/index.php\/wp-json\/wp\/v2\/product_cat?post=1041"},{"taxonomy":"product_tag","embeddable":true,"href":"https:\/\/capscrea.com\/index.php\/wp-json\/wp\/v2\/product_tag?post=1041"}],"curies":[{"name":"wp","href":"https:\/\/api.w.org\/{rel}","templated":true}]}}