{"id":1018,"date":"2025-03-11T11:33:59","date_gmt":"2025-03-11T10:33:59","guid":{"rendered":"https:\/\/capscrea.com\/?post_type=product&#038;p=1018"},"modified":"2025-03-11T11:55:28","modified_gmt":"2025-03-11T10:55:28","slug":"sac-capsules-audrey-marron-fait-main","status":"publish","type":"product","link":"https:\/\/capscrea.com\/index.php\/produit\/sac-capsules-audrey-marron-fait-main\/","title":{"rendered":"SAC CAPSULES &#8220;AUDREY&#8221; Marron"},"content":{"rendered":"<p><strong>Sac capsules Audrey Marron<\/strong> :<\/p>\n<p>El\u00e9gant, intemporel r\u00e9alis\u00e9 en 22 heures avec 785 capsules de canettes recycl\u00e9es assembl\u00e9es au crochet avec du coton et associ\u00e9es \u00e0 de la su\u00e9dine . Tr\u00e8s doux ,l\u00e9ger,(670gr), ne rouille pas, finitions soign\u00e9es, vous aurez beaucoup de plaisir \u00e0 le porter.<\/p>\n<p>Son originalit\u00e9 fera la diff\u00e9rence.<\/p>\n<p>.\u00a0 \u00a0 \u00a0 \u00a0 -Int\u00e9rieur doubl\u00e9<\/p>\n<ul>\n<li>Fermeture \u00e9clair<\/li>\n<li>Enti\u00e8rement fait main. Artisanal fran\u00e7ais.<\/li>\n<li>lavage manuel \u00e0 basse temp\u00e9rature<\/li>\n<\/ul>\n<p>&nbsp;<\/p>\n","protected":false},"excerpt":{"rendered":"<p>Sac capsules Audrey Marron : El\u00e9gant, intemporel r\u00e9alis\u00e9 en 22 heures avec 785 capsules de canettes recycl\u00e9es assembl\u00e9es au crochet avec du coton et associ\u00e9es \u00e0 de la su\u00e9dine . Tr\u00e8s doux ,l\u00e9ger,(670gr), ne rouille pas, finitions soign\u00e9es, vous aurez beaucoup de plaisir \u00e0 le porter. Son originalit\u00e9 fera la diff\u00e9rence. .\u00a0 \u00a0 \u00a0 \u00a0 [&hellip;]<\/p>\n","protected":false},"featured_media":1012,"comment_status":"open","ping_status":"closed","template":"","meta":[],"product_brand":[],"product_cat":[20],"product_tag":[25],"class_list":{"0":"post-1018","1":"product","2":"type-product","3":"status-publish","4":"has-post-thumbnail","6":"product_cat-sacs-bandouliere","7":"product_tag-150-e","9":"first","10":"instock","11":"taxable","12":"shipping-taxable","13":"purchasable","14":"product-type-simple"},"yoast_head":"<!-- This site is optimized with the Yoast SEO plugin v27.4 - https:\/\/yoast.com\/product\/yoast-seo-wordpress\/ -->\n<title>SAC-CAPSULES-FAIT-MAINSAC CAPSULES &quot;AUDREY&quot; Marron - CAPS CREA<\/title>\n<meta name=\"description\" content=\"Sac capsules Audrey Marron : El\u00e9gant, intemporel r\u00e9alis\u00e9 en 22 heures avec 785 capsules de canettes recycl\u00e9es assembl\u00e9es au crochet avec du coton et associ\u00e9es \u00e0 de la su\u00e9dine . Tr\u00e8s doux ,l\u00e9ger,(670gr), finitions soign\u00e9es, vous aurez beaucoup de plaisir \u00e0 le porter. -Int\u00e9rieur doubl\u00e9, &lt;fermeture \u00e9clair : Son originalit\u00e9 fera toute la diff\u00e9rence.\" \/>\n<meta name=\"robots\" content=\"index, follow, max-snippet:-1, max-image-preview:large, max-video-preview:-1\" \/>\n<link rel=\"canonical\" href=\"https:\/\/capscrea.com\/index.php\/produit\/sac-capsules-audrey-marron-fait-main\/\" \/>\n<meta property=\"og:locale\" content=\"fr_FR\" \/>\n<meta property=\"og:type\" content=\"article\" \/>\n<meta property=\"og:title\" content=\"SAC-CAPSULES-FAIT-MAINSAC CAPSULES &quot;AUDREY&quot; Marron - CAPS CREA\" \/>\n<meta property=\"og:description\" content=\"Sac capsules Audrey Marron : El\u00e9gant, intemporel r\u00e9alis\u00e9 en 22 heures avec 785 capsules de canettes recycl\u00e9es assembl\u00e9es au crochet avec du coton et associ\u00e9es \u00e0 de la su\u00e9dine . Tr\u00e8s doux ,l\u00e9ger,(670gr), finitions soign\u00e9es, vous aurez beaucoup de plaisir \u00e0 le porter. -Int\u00e9rieur doubl\u00e9, &lt;fermeture \u00e9clair : Son originalit\u00e9 fera toute la diff\u00e9rence.\" \/>\n<meta property=\"og:url\" content=\"https:\/\/capscrea.com\/index.php\/produit\/sac-capsules-audrey-marron-fait-main\/\" \/>\n<meta property=\"og:site_name\" content=\"CAPS CREA\" \/>\n<meta property=\"article:publisher\" content=\"https:\/\/capscrea.com\" \/>\n<meta property=\"article:modified_time\" content=\"2025-03-11T10:55:28+00:00\" \/>\n<meta property=\"og:image\" content=\"https:\/\/capscrea.com\/wp-content\/uploads\/2025\/03\/AUDREY-Marron-600.jpg\" \/>\n\t<meta property=\"og:image:width\" content=\"450\" \/>\n\t<meta property=\"og:image:height\" content=\"600\" \/>\n\t<meta property=\"og:image:type\" content=\"image\/jpeg\" \/>\n<meta name=\"twitter:card\" content=\"summary_large_image\" \/>\n<meta name=\"twitter:site\" content=\"@capscrea\" \/>\n<meta name=\"twitter:label1\" content=\"Dur\u00e9e de lecture estim\u00e9e\" \/>\n\t<meta name=\"twitter:data1\" content=\"1 minute\" \/>\n<script type=\"application\/ld+json\" class=\"yoast-schema-graph\">{\"@context\":\"https:\\\/\\\/schema.org\",\"@graph\":[{\"@type\":\"WebPage\",\"@id\":\"https:\\\/\\\/capscrea.com\\\/index.php\\\/produit\\\/sac-capsules-audrey-marron-fait-main\\\/\",\"url\":\"https:\\\/\\\/capscrea.com\\\/index.php\\\/produit\\\/sac-capsules-audrey-marron-fait-main\\\/\",\"name\":\"SAC-CAPSULES-FAIT-MAINSAC CAPSULES \\\"AUDREY\\\" Marron - CAPS CREA\",\"isPartOf\":{\"@id\":\"https:\\\/\\\/capscrea.com\\\/#website\"},\"primaryImageOfPage\":{\"@id\":\"https:\\\/\\\/capscrea.com\\\/index.php\\\/produit\\\/sac-capsules-audrey-marron-fait-main\\\/#primaryimage\"},\"image\":{\"@id\":\"https:\\\/\\\/capscrea.com\\\/index.php\\\/produit\\\/sac-capsules-audrey-marron-fait-main\\\/#primaryimage\"},\"thumbnailUrl\":\"https:\\\/\\\/capscrea.com\\\/wp-content\\\/uploads\\\/2025\\\/03\\\/AUDREY-Marron-600.jpg\",\"datePublished\":\"2025-03-11T10:33:59+00:00\",\"dateModified\":\"2025-03-11T10:55:28+00:00\",\"description\":\"Sac capsules Audrey Marron : El\u00e9gant, intemporel r\u00e9alis\u00e9 en 22 heures avec 785 capsules de canettes recycl\u00e9es assembl\u00e9es au crochet avec du coton et associ\u00e9es \u00e0 de la su\u00e9dine . Tr\u00e8s doux ,l\u00e9ger,(670gr), finitions soign\u00e9es, vous aurez beaucoup de plaisir \u00e0 le porter. -Int\u00e9rieur doubl\u00e9, &lt;fermeture \u00e9clair : Son originalit\u00e9 fera toute la diff\u00e9rence.\",\"breadcrumb\":{\"@id\":\"https:\\\/\\\/capscrea.com\\\/index.php\\\/produit\\\/sac-capsules-audrey-marron-fait-main\\\/#breadcrumb\"},\"inLanguage\":\"fr-FR\",\"potentialAction\":[{\"@type\":\"ReadAction\",\"target\":[\"https:\\\/\\\/capscrea.com\\\/index.php\\\/produit\\\/sac-capsules-audrey-marron-fait-main\\\/\"]}]},{\"@type\":\"ImageObject\",\"inLanguage\":\"fr-FR\",\"@id\":\"https:\\\/\\\/capscrea.com\\\/index.php\\\/produit\\\/sac-capsules-audrey-marron-fait-main\\\/#primaryimage\",\"url\":\"https:\\\/\\\/capscrea.com\\\/wp-content\\\/uploads\\\/2025\\\/03\\\/AUDREY-Marron-600.jpg\",\"contentUrl\":\"https:\\\/\\\/capscrea.com\\\/wp-content\\\/uploads\\\/2025\\\/03\\\/AUDREY-Marron-600.jpg\",\"width\":450,\"height\":600},{\"@type\":\"BreadcrumbList\",\"@id\":\"https:\\\/\\\/capscrea.com\\\/index.php\\\/produit\\\/sac-capsules-audrey-marron-fait-main\\\/#breadcrumb\",\"itemListElement\":[{\"@type\":\"ListItem\",\"position\":1,\"name\":\"Accueil\",\"item\":\"https:\\\/\\\/capscrea.com\\\/\"},{\"@type\":\"ListItem\",\"position\":2,\"name\":\"Boutique\",\"item\":\"https:\\\/\\\/capscrea.com\\\/index.php\\\/boutique-s\\\/\"},{\"@type\":\"ListItem\",\"position\":3,\"name\":\"SAC CAPSULES &#8220;AUDREY&#8221; Marron\"}]},{\"@type\":\"WebSite\",\"@id\":\"https:\\\/\\\/capscrea.com\\\/#website\",\"url\":\"https:\\\/\\\/capscrea.com\\\/\",\"name\":\"CAPS CREA\",\"description\":\"Rien ne se perd tout se transforme !\",\"publisher\":{\"@id\":\"https:\\\/\\\/capscrea.com\\\/#organization\"},\"alternateName\":\"Sacs faits mains\",\"potentialAction\":[{\"@type\":\"SearchAction\",\"target\":{\"@type\":\"EntryPoint\",\"urlTemplate\":\"https:\\\/\\\/capscrea.com\\\/?s={search_term_string}\"},\"query-input\":{\"@type\":\"PropertyValueSpecification\",\"valueRequired\":true,\"valueName\":\"search_term_string\"}}],\"inLanguage\":\"fr-FR\"},{\"@type\":\"Organization\",\"@id\":\"https:\\\/\\\/capscrea.com\\\/#organization\",\"name\":\"CAPS CREA\",\"url\":\"https:\\\/\\\/capscrea.com\\\/\",\"logo\":{\"@type\":\"ImageObject\",\"inLanguage\":\"fr-FR\",\"@id\":\"https:\\\/\\\/capscrea.com\\\/#\\\/schema\\\/logo\\\/image\\\/\",\"url\":\"https:\\\/\\\/capscrea.com\\\/wp-content\\\/uploads\\\/2024\\\/01\\\/cropped-Design-sans-titre-2.png\",\"contentUrl\":\"https:\\\/\\\/capscrea.com\\\/wp-content\\\/uploads\\\/2024\\\/01\\\/cropped-Design-sans-titre-2.png\",\"width\":500,\"height\":450,\"caption\":\"CAPS CREA\"},\"image\":{\"@id\":\"https:\\\/\\\/capscrea.com\\\/#\\\/schema\\\/logo\\\/image\\\/\"},\"sameAs\":[\"https:\\\/\\\/capscrea.com\",\"https:\\\/\\\/x.com\\\/capscrea\"]}]}<\/script>\n<!-- \/ Yoast SEO plugin. -->","yoast_head_json":{"title":"SAC-CAPSULES-FAIT-MAINSAC CAPSULES \"AUDREY\" Marron - CAPS CREA","description":"Sac capsules Audrey Marron : El\u00e9gant, intemporel r\u00e9alis\u00e9 en 22 heures avec 785 capsules de canettes recycl\u00e9es assembl\u00e9es au crochet avec du coton et associ\u00e9es \u00e0 de la su\u00e9dine . Tr\u00e8s doux ,l\u00e9ger,(670gr), finitions soign\u00e9es, vous aurez beaucoup de plaisir \u00e0 le porter. -Int\u00e9rieur doubl\u00e9, &lt;fermeture \u00e9clair : Son originalit\u00e9 fera toute la diff\u00e9rence.","robots":{"index":"index","follow":"follow","max-snippet":"max-snippet:-1","max-image-preview":"max-image-preview:large","max-video-preview":"max-video-preview:-1"},"canonical":"https:\/\/capscrea.com\/index.php\/produit\/sac-capsules-audrey-marron-fait-main\/","og_locale":"fr_FR","og_type":"article","og_title":"SAC-CAPSULES-FAIT-MAINSAC CAPSULES \"AUDREY\" Marron - CAPS CREA","og_description":"Sac capsules Audrey Marron : El\u00e9gant, intemporel r\u00e9alis\u00e9 en 22 heures avec 785 capsules de canettes recycl\u00e9es assembl\u00e9es au crochet avec du coton et associ\u00e9es \u00e0 de la su\u00e9dine . Tr\u00e8s doux ,l\u00e9ger,(670gr), finitions soign\u00e9es, vous aurez beaucoup de plaisir \u00e0 le porter. -Int\u00e9rieur doubl\u00e9, &lt;fermeture \u00e9clair : Son originalit\u00e9 fera toute la diff\u00e9rence.","og_url":"https:\/\/capscrea.com\/index.php\/produit\/sac-capsules-audrey-marron-fait-main\/","og_site_name":"CAPS CREA","article_publisher":"https:\/\/capscrea.com","article_modified_time":"2025-03-11T10:55:28+00:00","og_image":[{"width":450,"height":600,"url":"https:\/\/capscrea.com\/wp-content\/uploads\/2025\/03\/AUDREY-Marron-600.jpg","type":"image\/jpeg"}],"twitter_card":"summary_large_image","twitter_site":"@capscrea","twitter_misc":{"Dur\u00e9e de lecture estim\u00e9e":"1 minute"},"schema":{"@context":"https:\/\/schema.org","@graph":[{"@type":"WebPage","@id":"https:\/\/capscrea.com\/index.php\/produit\/sac-capsules-audrey-marron-fait-main\/","url":"https:\/\/capscrea.com\/index.php\/produit\/sac-capsules-audrey-marron-fait-main\/","name":"SAC-CAPSULES-FAIT-MAINSAC CAPSULES \"AUDREY\" Marron - CAPS CREA","isPartOf":{"@id":"https:\/\/capscrea.com\/#website"},"primaryImageOfPage":{"@id":"https:\/\/capscrea.com\/index.php\/produit\/sac-capsules-audrey-marron-fait-main\/#primaryimage"},"image":{"@id":"https:\/\/capscrea.com\/index.php\/produit\/sac-capsules-audrey-marron-fait-main\/#primaryimage"},"thumbnailUrl":"https:\/\/capscrea.com\/wp-content\/uploads\/2025\/03\/AUDREY-Marron-600.jpg","datePublished":"2025-03-11T10:33:59+00:00","dateModified":"2025-03-11T10:55:28+00:00","description":"Sac capsules Audrey Marron : El\u00e9gant, intemporel r\u00e9alis\u00e9 en 22 heures avec 785 capsules de canettes recycl\u00e9es assembl\u00e9es au crochet avec du coton et associ\u00e9es \u00e0 de la su\u00e9dine . Tr\u00e8s doux ,l\u00e9ger,(670gr), finitions soign\u00e9es, vous aurez beaucoup de plaisir \u00e0 le porter. -Int\u00e9rieur doubl\u00e9, &lt;fermeture \u00e9clair : Son originalit\u00e9 fera toute la diff\u00e9rence.","breadcrumb":{"@id":"https:\/\/capscrea.com\/index.php\/produit\/sac-capsules-audrey-marron-fait-main\/#breadcrumb"},"inLanguage":"fr-FR","potentialAction":[{"@type":"ReadAction","target":["https:\/\/capscrea.com\/index.php\/produit\/sac-capsules-audrey-marron-fait-main\/"]}]},{"@type":"ImageObject","inLanguage":"fr-FR","@id":"https:\/\/capscrea.com\/index.php\/produit\/sac-capsules-audrey-marron-fait-main\/#primaryimage","url":"https:\/\/capscrea.com\/wp-content\/uploads\/2025\/03\/AUDREY-Marron-600.jpg","contentUrl":"https:\/\/capscrea.com\/wp-content\/uploads\/2025\/03\/AUDREY-Marron-600.jpg","width":450,"height":600},{"@type":"BreadcrumbList","@id":"https:\/\/capscrea.com\/index.php\/produit\/sac-capsules-audrey-marron-fait-main\/#breadcrumb","itemListElement":[{"@type":"ListItem","position":1,"name":"Accueil","item":"https:\/\/capscrea.com\/"},{"@type":"ListItem","position":2,"name":"Boutique","item":"https:\/\/capscrea.com\/index.php\/boutique-s\/"},{"@type":"ListItem","position":3,"name":"SAC CAPSULES &#8220;AUDREY&#8221; Marron"}]},{"@type":"WebSite","@id":"https:\/\/capscrea.com\/#website","url":"https:\/\/capscrea.com\/","name":"CAPS CREA","description":"Rien ne se perd tout se transforme !","publisher":{"@id":"https:\/\/capscrea.com\/#organization"},"alternateName":"Sacs faits mains","potentialAction":[{"@type":"SearchAction","target":{"@type":"EntryPoint","urlTemplate":"https:\/\/capscrea.com\/?s={search_term_string}"},"query-input":{"@type":"PropertyValueSpecification","valueRequired":true,"valueName":"search_term_string"}}],"inLanguage":"fr-FR"},{"@type":"Organization","@id":"https:\/\/capscrea.com\/#organization","name":"CAPS CREA","url":"https:\/\/capscrea.com\/","logo":{"@type":"ImageObject","inLanguage":"fr-FR","@id":"https:\/\/capscrea.com\/#\/schema\/logo\/image\/","url":"https:\/\/capscrea.com\/wp-content\/uploads\/2024\/01\/cropped-Design-sans-titre-2.png","contentUrl":"https:\/\/capscrea.com\/wp-content\/uploads\/2024\/01\/cropped-Design-sans-titre-2.png","width":500,"height":450,"caption":"CAPS CREA"},"image":{"@id":"https:\/\/capscrea.com\/#\/schema\/logo\/image\/"},"sameAs":["https:\/\/capscrea.com","https:\/\/x.com\/capscrea"]}]}},"jetpack_sharing_enabled":true,"_links":{"self":[{"href":"https:\/\/capscrea.com\/index.php\/wp-json\/wp\/v2\/product\/1018","targetHints":{"allow":["GET"]}}],"collection":[{"href":"https:\/\/capscrea.com\/index.php\/wp-json\/wp\/v2\/product"}],"about":[{"href":"https:\/\/capscrea.com\/index.php\/wp-json\/wp\/v2\/types\/product"}],"replies":[{"embeddable":true,"href":"https:\/\/capscrea.com\/index.php\/wp-json\/wp\/v2\/comments?post=1018"}],"wp:featuredmedia":[{"embeddable":true,"href":"https:\/\/capscrea.com\/index.php\/wp-json\/wp\/v2\/media\/1012"}],"wp:attachment":[{"href":"https:\/\/capscrea.com\/index.php\/wp-json\/wp\/v2\/media?parent=1018"}],"wp:term":[{"taxonomy":"product_brand","embeddable":true,"href":"https:\/\/capscrea.com\/index.php\/wp-json\/wp\/v2\/product_brand?post=1018"},{"taxonomy":"product_cat","embeddable":true,"href":"https:\/\/capscrea.com\/index.php\/wp-json\/wp\/v2\/product_cat?post=1018"},{"taxonomy":"product_tag","embeddable":true,"href":"https:\/\/capscrea.com\/index.php\/wp-json\/wp\/v2\/product_tag?post=1018"}],"curies":[{"name":"wp","href":"https:\/\/api.w.org\/{rel}","templated":true}]}}