{"id":487,"date":"2024-02-12T09:59:37","date_gmt":"2024-02-12T08:59:37","guid":{"rendered":"https:\/\/capscrea.com\/?page_id=487"},"modified":"2024-02-19T16:04:16","modified_gmt":"2024-02-19T15:04:16","slug":"contacts","status":"publish","type":"page","link":"https:\/\/capscrea.com\/index.php\/contacts\/","title":{"rendered":"Contacts"},"content":{"rendered":"\t\t<div data-elementor-type=\"wp-page\" data-elementor-id=\"487\" class=\"elementor elementor-487\">\n\t\t\t\t<div class=\"elementor-element elementor-element-06d647e e-flex e-con-boxed e-con e-parent\" data-id=\"06d647e\" data-element_type=\"container\" data-settings=\"{&quot;background_background&quot;:&quot;classic&quot;}\">\n\t\t\t\t\t<div class=\"e-con-inner\">\n\t\t\t\t<div class=\"elementor-element elementor-element-aaaf9d5 elementor-widget__width-inherit elementor-widget elementor-widget-spacer\" data-id=\"aaaf9d5\" data-element_type=\"widget\" data-widget_type=\"spacer.default\">\n\t\t\t\t<div class=\"elementor-widget-container\">\n\t\t\t\t\t<div class=\"elementor-spacer\">\n\t\t\t<div class=\"elementor-spacer-inner\"><\/div>\n\t\t<\/div>\n\t\t\t\t<\/div>\n\t\t\t\t<\/div>\n\t\t\t\t<div class=\"elementor-element elementor-element-290eb0b elementor-widget elementor-widget-spacer\" data-id=\"290eb0b\" data-element_type=\"widget\" data-widget_type=\"spacer.default\">\n\t\t\t\t<div class=\"elementor-widget-container\">\n\t\t\t\t\t<div class=\"elementor-spacer\">\n\t\t\t<div class=\"elementor-spacer-inner\"><\/div>\n\t\t<\/div>\n\t\t\t\t<\/div>\n\t\t\t\t<\/div>\n\t\t\t\t\t<\/div>\n\t\t\t\t<\/div>\n\t\t<div class=\"elementor-element elementor-element-09b2fec e-flex e-con-boxed e-con e-parent\" data-id=\"09b2fec\" data-element_type=\"container\">\n\t\t\t\t\t<div class=\"e-con-inner\">\n\t\t\t\t<div class=\"elementor-element elementor-element-faf4b1e elementor-widget elementor-widget-spacer\" data-id=\"faf4b1e\" data-element_type=\"widget\" data-widget_type=\"spacer.default\">\n\t\t\t\t<div class=\"elementor-widget-container\">\n\t\t\t\t\t<div class=\"elementor-spacer\">\n\t\t\t<div class=\"elementor-spacer-inner\"><\/div>\n\t\t<\/div>\n\t\t\t\t<\/div>\n\t\t\t\t<\/div>\n\t\t\t\t<div class=\"elementor-element elementor-element-84bb5f9 elementor-widget elementor-widget-heading\" data-id=\"84bb5f9\" data-element_type=\"widget\" data-widget_type=\"heading.default\">\n\t\t\t\t<div class=\"elementor-widget-container\">\n\t\t\t<h2 class=\"elementor-heading-title elementor-size-default\">Formulaire de contact<\/h2>\t\t<\/div>\n\t\t\t\t<\/div>\n\t\t\t\t\t<\/div>\n\t\t\t\t<\/div>\n\t\t<div class=\"elementor-element elementor-element-4264ca8 e-flex e-con-boxed e-con e-parent\" data-id=\"4264ca8\" data-element_type=\"container\">\n\t\t\t\t\t<div class=\"e-con-inner\">\n\t\t\t\t<div class=\"elementor-element elementor-element-1fd29c6 elementor-widget elementor-widget-spacer\" data-id=\"1fd29c6\" data-element_type=\"widget\" data-widget_type=\"spacer.default\">\n\t\t\t\t<div class=\"elementor-widget-container\">\n\t\t\t\t\t<div class=\"elementor-spacer\">\n\t\t\t<div class=\"elementor-spacer-inner\"><\/div>\n\t\t<\/div>\n\t\t\t\t<\/div>\n\t\t\t\t<\/div>\n\t\t\t\t\t<\/div>\n\t\t\t\t<\/div>\n\t\t<div class=\"elementor-element elementor-element-e8c2972 e-flex e-con-boxed e-con e-parent\" data-id=\"e8c2972\" data-element_type=\"container\" data-settings=\"{&quot;background_background&quot;:&quot;classic&quot;}\">\n\t\t\t\t\t<div class=\"e-con-inner\">\n\t\t<div class=\"elementor-element elementor-element-c3e07bc e-con-full e-flex e-con e-child\" data-id=\"c3e07bc\" data-element_type=\"container\">\n\t\t\t\t<div class=\"elementor-element elementor-element-e6d5c44 elementor-widget elementor-widget-spacer\" data-id=\"e6d5c44\" data-element_type=\"widget\" data-widget_type=\"spacer.default\">\n\t\t\t\t<div class=\"elementor-widget-container\">\n\t\t\t\t\t<div class=\"elementor-spacer\">\n\t\t\t<div class=\"elementor-spacer-inner\"><\/div>\n\t\t<\/div>\n\t\t\t\t<\/div>\n\t\t\t\t<\/div>\n\t\t\t\t<div class=\"elementor-element elementor-element-49acb60 elementor-widget elementor-widget-image\" data-id=\"49acb60\" data-element_type=\"widget\" data-widget_type=\"image.default\">\n\t\t\t\t<div class=\"elementor-widget-container\">\n\t\t\t\t\t\t\t\t\t\t\t\t\t<img decoding=\"async\" width=\"150\" height=\"150\" src=\"https:\/\/capscrea.com\/wp-content\/uploads\/2024\/01\/Design-sans-titre-2-150x150.png\" class=\"attachment-thumbnail size-thumbnail wp-image-38\" alt=\"\" srcset=\"https:\/\/capscrea.com\/wp-content\/uploads\/2024\/01\/Design-sans-titre-2-150x150.png 150w, https:\/\/capscrea.com\/wp-content\/uploads\/2024\/01\/Design-sans-titre-2-300x300.png 300w, https:\/\/capscrea.com\/wp-content\/uploads\/2024\/01\/Design-sans-titre-2-100x100.png 100w, https:\/\/capscrea.com\/wp-content\/uploads\/2024\/01\/Design-sans-titre-2.png 500w\" sizes=\"(max-width: 150px) 100vw, 150px\" \/>\t\t\t\t\t\t\t\t\t\t\t\t\t<\/div>\n\t\t\t\t<\/div>\n\t\t\t\t<div class=\"elementor-element elementor-element-314443d elementor-widget elementor-widget-heading\" data-id=\"314443d\" data-element_type=\"widget\" data-widget_type=\"heading.default\">\n\t\t\t\t<div class=\"elementor-widget-container\">\n\t\t\t<h2 class=\"elementor-heading-title elementor-size-default\">CAPS CREA<\/h2>\t\t<\/div>\n\t\t\t\t<\/div>\n\t\t\t\t<div class=\"elementor-element elementor-element-9aff108 elementor-widget elementor-widget-text-editor\" data-id=\"9aff108\" data-element_type=\"widget\" data-widget_type=\"text-editor.default\">\n\t\t\t\t<div class=\"elementor-widget-container\">\n\t\t\t\t\t\t\t<p>60 Rue Emile Rimbaud<br \/>83400 Hy\u00e8res<\/p><p><strong>T\u00e9l\u00e9phone<\/strong><br \/>06.60.66.51.92<\/p><p><strong>Email<\/strong><br \/>contacts@capscrea.com<\/p>\t\t\t\t\t\t<\/div>\n\t\t\t\t<\/div>\n\t\t\t\t<\/div>\n\t\t<div class=\"elementor-element elementor-element-af1e290 e-con-full e-flex e-con e-child\" data-id=\"af1e290\" data-element_type=\"container\">\n\t\t\t\t<div class=\"elementor-element elementor-element-871b119 elementor-widget elementor-widget-text-editor\" data-id=\"871b119\" data-element_type=\"widget\" data-widget_type=\"text-editor.default\">\n\t\t\t\t<div class=\"elementor-widget-container\">\n\t\t\t\t\t\t\t<div class=\"wpforms-container wpforms-container-full wpforms-render-modern\" id=\"wpforms-481\"><form id=\"wpforms-form-481\" class=\"wpforms-validate wpforms-form wpforms-ajax-form\" data-formid=\"481\" method=\"post\" enctype=\"multipart\/form-data\" action=\"\/index.php\/wp-json\/wp\/v2\/pages\/487\" data-token=\"e3d91e7e5399de47d46c5645a460bef2\" data-token-time=\"1776312984\"><noscript class=\"wpforms-error-noscript\">Veuillez activer JavaScript dans votre navigateur pour remplir ce formulaire.<\/noscript><div class=\"wpforms-hidden\" id=\"wpforms-error-noscript\">Veuillez activer JavaScript dans votre navigateur pour remplir ce formulaire.<\/div><div class=\"wpforms-field-container\"><div id=\"wpforms-481-field_0-container\" class=\"wpforms-field wpforms-field-name\" data-field-id=\"0\"><fieldset><legend class=\"wpforms-field-label\">Nom <span class=\"wpforms-required-label\" aria-hidden=\"true\">*<\/span><\/legend><div class=\"wpforms-field-row wpforms-field-medium\"><div class=\"wpforms-field-row-block wpforms-first wpforms-one-half\"><input type=\"text\" id=\"wpforms-481-field_0\" class=\"wpforms-field-name-first wpforms-field-required\" name=\"wpforms[fields][0][first]\" aria-errormessage=\"wpforms-481-field_0-error\" required><label for=\"wpforms-481-field_0\" class=\"wpforms-field-sublabel after\">Pr\u00e9nom<\/label><\/div><div class=\"wpforms-field-row-block wpforms-one-half\"><input type=\"text\" id=\"wpforms-481-field_0-last\" class=\"wpforms-field-name-last wpforms-field-required\" name=\"wpforms[fields][0][last]\" aria-errormessage=\"wpforms-481-field_0-last-error\" required><label for=\"wpforms-481-field_0-last\" class=\"wpforms-field-sublabel after\">Nom<\/label><\/div><\/div><\/fieldset><\/div><div id=\"wpforms-481-field_4-container\" class=\"wpforms-field wpforms-field-number\" data-field-id=\"4\"><label class=\"wpforms-field-label\" for=\"wpforms-481-field_4\">T\u00e9l\u00e9phone <span class=\"wpforms-required-label\" aria-hidden=\"true\">*<\/span><\/label><input type=\"number\" id=\"wpforms-481-field_4\" class=\"wpforms-field-medium wpforms-field-required\" name=\"wpforms[fields][4]\" aria-errormessage=\"wpforms-481-field_4-error\" required><\/div><div id=\"wpforms-481-field_1-container\" class=\"wpforms-field wpforms-field-email\" data-field-id=\"1\"><label class=\"wpforms-field-label\" for=\"wpforms-481-field_1\">E-mail <span class=\"wpforms-required-label\" aria-hidden=\"true\">*<\/span><\/label><input type=\"email\" id=\"wpforms-481-field_1\" class=\"wpforms-field-medium wpforms-field-required\" name=\"wpforms[fields][1]\" spellcheck=\"false\" aria-errormessage=\"wpforms-481-field_1-error\" required><\/div><div id=\"wpforms-481-field_2-container\" class=\"wpforms-field wpforms-field-textarea\" data-field-id=\"2\"><label class=\"wpforms-field-label\" for=\"wpforms-481-field_2\">Commentaire ou message<\/label><textarea id=\"wpforms-481-field_2\" class=\"wpforms-field-medium\" name=\"wpforms[fields][2]\" aria-errormessage=\"wpforms-481-field_2-error\" ><\/textarea><\/div><div id=\"wpforms-481-field_5-container\" class=\"wpforms-field wpforms-field-checkbox\" data-field-id=\"5\"><fieldset><legend class=\"wpforms-field-label\">Comment nous avez-vous connu?<\/legend><ul id=\"wpforms-481-field_5\"><li class=\"choice-1 depth-1\"><input type=\"checkbox\" id=\"wpforms-481-field_5_1\" name=\"wpforms[fields][5][]\" value=\"March\u00e9s de cr\u00e9ateurs\" aria-errormessage=\"wpforms-481-field_5_1-error\"  ><label class=\"wpforms-field-label-inline\" for=\"wpforms-481-field_5_1\">March\u00e9s de cr\u00e9ateurs<\/label><\/li><li class=\"choice-2 depth-1\"><input type=\"checkbox\" id=\"wpforms-481-field_5_2\" name=\"wpforms[fields][5][]\" value=\"R\u00e9seaux sociaux\" aria-errormessage=\"wpforms-481-field_5_2-error\"  ><label class=\"wpforms-field-label-inline\" for=\"wpforms-481-field_5_2\">R\u00e9seaux sociaux<\/label><\/li><li class=\"choice-3 depth-1\"><input type=\"checkbox\" id=\"wpforms-481-field_5_3\" name=\"wpforms[fields][5][]\" value=\"Google\" aria-errormessage=\"wpforms-481-field_5_3-error\"  ><label class=\"wpforms-field-label-inline\" for=\"wpforms-481-field_5_3\">Google<\/label><\/li><li class=\"choice-4 depth-1\"><input type=\"checkbox\" id=\"wpforms-481-field_5_4\" name=\"wpforms[fields][5][]\" value=\"Comit\u00e9s d&#039;entreprise\" aria-errormessage=\"wpforms-481-field_5_4-error\"  ><label class=\"wpforms-field-label-inline\" for=\"wpforms-481-field_5_4\">Comit\u00e9s d&#8217;entreprise<\/label><\/li><\/ul><\/fieldset><\/div><\/div><!-- .wpforms-field-container --><div class=\"wpforms-recaptcha-container wpforms-is-recaptcha wpforms-is-recaptcha-type-v2\" ><div class=\"g-recaptcha\" data-sitekey=\"6Le2uG8pAAAAALD0EhuT1npS7NKj5x2O0fZtLfNz\"><\/div><input type=\"text\" name=\"g-recaptcha-hidden\" class=\"wpforms-recaptcha-hidden\" style=\"position:absolute!important;clip:rect(0,0,0,0)!important;height:1px!important;width:1px!important;border:0!important;overflow:hidden!important;padding:0!important;margin:0!important;\" data-rule-recaptcha=\"1\"><\/div><div class=\"wpforms-submit-container\" ><input type=\"hidden\" name=\"wpforms[id]\" value=\"481\"><input type=\"hidden\" name=\"page_title\" value=\"\"><input type=\"hidden\" name=\"page_url\" value=\"https:\/\/capscrea.com\/index.php\/wp-json\/wp\/v2\/pages\/487\"><button type=\"submit\" name=\"wpforms[submit]\" id=\"wpforms-submit-481\" class=\"wpforms-submit\" data-alt-text=\"Envoi...\" data-submit-text=\"Envoyer\" aria-live=\"assertive\" value=\"wpforms-submit\">Envoyer<\/button><img decoding=\"async\" src=\"https:\/\/capscrea.com\/wp-content\/plugins\/wpforms-lite\/assets\/images\/submit-spin.svg\" class=\"wpforms-submit-spinner\" style=\"display: none;\" width=\"26\" height=\"26\" alt=\"Chargement en cours\"><\/div><\/form><\/div>  <!-- .wpforms-container -->\t\t\t\t\t\t<\/div>\n\t\t\t\t<\/div>\n\t\t\t\t<\/div>\n\t\t\t\t\t<\/div>\n\t\t\t\t<\/div>\n\t\t<div class=\"elementor-element elementor-element-12d37aa e-flex e-con-boxed e-con e-parent\" data-id=\"12d37aa\" data-element_type=\"container\">\n\t\t\t\t\t<div class=\"e-con-inner\">\n\t\t\t\t<div class=\"elementor-element elementor-element-6b6de3b elementor-widget elementor-widget-spacer\" data-id=\"6b6de3b\" data-element_type=\"widget\" data-widget_type=\"spacer.default\">\n\t\t\t\t<div class=\"elementor-widget-container\">\n\t\t\t\t\t<div class=\"elementor-spacer\">\n\t\t\t<div class=\"elementor-spacer-inner\"><\/div>\n\t\t<\/div>\n\t\t\t\t<\/div>\n\t\t\t\t<\/div>\n\t\t\t\t\t<\/div>\n\t\t\t\t<\/div>\n\t\t<div class=\"elementor-element elementor-element-1787626 e-flex e-con-boxed e-con e-parent\" data-id=\"1787626\" data-element_type=\"container\">\n\t\t\t\t\t<div class=\"e-con-inner\">\n\t\t\t\t<div class=\"elementor-element elementor-element-0f31d77 elementor-widget elementor-widget-heading\" data-id=\"0f31d77\" data-element_type=\"widget\" data-widget_type=\"heading.default\">\n\t\t\t\t<div class=\"elementor-widget-container\">\n\t\t\t<h2 class=\"elementor-heading-title elementor-size-default\">O\u00f9 nous trouver?<\/h2>\t\t<\/div>\n\t\t\t\t<\/div>\n\t\t\t\t<div class=\"elementor-element elementor-element-5222c1c elementor-widget elementor-widget-spacer\" data-id=\"5222c1c\" data-element_type=\"widget\" data-widget_type=\"spacer.default\">\n\t\t\t\t<div class=\"elementor-widget-container\">\n\t\t\t\t\t<div class=\"elementor-spacer\">\n\t\t\t<div class=\"elementor-spacer-inner\"><\/div>\n\t\t<\/div>\n\t\t\t\t<\/div>\n\t\t\t\t<\/div>\n\t\t\t\t\t<\/div>\n\t\t\t\t<\/div>\n\t\t<div class=\"elementor-element elementor-element-44f8409 e-flex e-con-boxed e-con e-parent\" data-id=\"44f8409\" data-element_type=\"container\">\n\t\t\t\t\t<div class=\"e-con-inner\">\n\t\t\t\t<div class=\"elementor-element elementor-element-35eb2af elementor-widget elementor-widget-google_maps\" data-id=\"35eb2af\" data-element_type=\"widget\" data-widget_type=\"google_maps.default\">\n\t\t\t\t<div class=\"elementor-widget-container\">\n\t\t\t\t\t<div class=\"elementor-custom-embed\">\n\t\t\t<iframe loading=\"lazy\"\n\t\t\t\t\tsrc=\"https:\/\/maps.google.com\/maps?q=PARIS&#038;t=m&#038;z=10&#038;output=embed&#038;iwloc=near\"\n\t\t\t\t\ttitle=\"PARIS\"\n\t\t\t\t\taria-label=\"PARIS\"\n\t\t\t><\/iframe>\n\t\t<\/div>\n\t\t\t\t<\/div>\n\t\t\t\t<\/div>\n\t\t\t\t\t<\/div>\n\t\t\t\t<\/div>\n\t\t<div class=\"elementor-element elementor-element-d46801a e-flex e-con-boxed e-con e-parent\" data-id=\"d46801a\" data-element_type=\"container\">\n\t\t\t\t\t<div class=\"e-con-inner\">\n\t\t\t\t<div class=\"elementor-element elementor-element-31d64dd elementor-widget elementor-widget-spacer\" data-id=\"31d64dd\" data-element_type=\"widget\" data-widget_type=\"spacer.default\">\n\t\t\t\t<div class=\"elementor-widget-container\">\n\t\t\t\t\t<div class=\"elementor-spacer\">\n\t\t\t<div class=\"elementor-spacer-inner\"><\/div>\n\t\t<\/div>\n\t\t\t\t<\/div>\n\t\t\t\t<\/div>\n\t\t\t\t\t<\/div>\n\t\t\t\t<\/div>\n\t\t<div class=\"elementor-element elementor-element-fbf8243 e-flex e-con-boxed e-con e-parent\" data-id=\"fbf8243\" data-element_type=\"container\">\n\t\t\t\t\t<div class=\"e-con-inner\">\n\t\t\t\t<div class=\"elementor-element elementor-element-45b5873 elementor-widget elementor-widget-spacer\" data-id=\"45b5873\" data-element_type=\"widget\" data-widget_type=\"spacer.default\">\n\t\t\t\t<div class=\"elementor-widget-container\">\n\t\t\t\t\t<div class=\"elementor-spacer\">\n\t\t\t<div class=\"elementor-spacer-inner\"><\/div>\n\t\t<\/div>\n\t\t\t\t<\/div>\n\t\t\t\t<\/div>\n\t\t\t\t\t<\/div>\n\t\t\t\t<\/div>\n\t\t\t\t<\/div>\n\t\t","protected":false},"excerpt":{"rendered":"<p>Formulaire de contact CAPS CREA 60 Rue Emile Rimbaud83400 Hy\u00e8res T\u00e9l\u00e9phone06.60.66.51.92 Emailcontacts@capscrea.com O\u00f9 nous trouver?<\/p>\n","protected":false},"author":1,"featured_media":0,"parent":0,"menu_order":0,"comment_status":"closed","ping_status":"closed","template":"","meta":{"footnotes":""},"class_list":["post-487","page","type-page","status-publish","hentry"],"yoast_head":"<!-- This site is optimized with the Yoast SEO plugin v27.4 - https:\/\/yoast.com\/product\/yoast-seo-wordpress\/ -->\n<title>Contacts - CAPS CREA<\/title>\n<meta name=\"robots\" content=\"index, follow, max-snippet:-1, max-image-preview:large, max-video-preview:-1\" \/>\n<link rel=\"canonical\" href=\"https:\/\/capscrea.com\/index.php\/contacts\/\" \/>\n<meta property=\"og:locale\" content=\"fr_FR\" \/>\n<meta property=\"og:type\" content=\"article\" \/>\n<meta property=\"og:title\" content=\"Contacts - CAPS CREA\" \/>\n<meta property=\"og:description\" content=\"Formulaire de contact CAPS CREA 60 Rue Emile Rimbaud83400 Hy\u00e8res T\u00e9l\u00e9phone06.60.66.51.92 Emailcontacts@capscrea.com O\u00f9 nous trouver?\" \/>\n<meta property=\"og:url\" content=\"https:\/\/capscrea.com\/index.php\/contacts\/\" \/>\n<meta property=\"og:site_name\" content=\"CAPS CREA\" \/>\n<meta property=\"article:publisher\" content=\"https:\/\/capscrea.com\" \/>\n<meta property=\"article:modified_time\" content=\"2024-02-19T15:04:16+00:00\" \/>\n<meta property=\"og:image\" content=\"https:\/\/capscrea.com\/wp-content\/uploads\/2024\/01\/Design-sans-titre-2-150x150.png\" \/>\n<meta name=\"twitter:card\" content=\"summary_large_image\" \/>\n<meta name=\"twitter:site\" content=\"@capscrea\" \/>\n<meta name=\"twitter:label1\" content=\"Dur\u00e9e de lecture estim\u00e9e\" \/>\n\t<meta name=\"twitter:data1\" content=\"1 minute\" \/>\n<script type=\"application\/ld+json\" class=\"yoast-schema-graph\">{\"@context\":\"https:\\\/\\\/schema.org\",\"@graph\":[{\"@type\":\"WebPage\",\"@id\":\"https:\\\/\\\/capscrea.com\\\/index.php\\\/contacts\\\/\",\"url\":\"https:\\\/\\\/capscrea.com\\\/index.php\\\/contacts\\\/\",\"name\":\"Contacts - CAPS CREA\",\"isPartOf\":{\"@id\":\"https:\\\/\\\/capscrea.com\\\/#website\"},\"primaryImageOfPage\":{\"@id\":\"https:\\\/\\\/capscrea.com\\\/index.php\\\/contacts\\\/#primaryimage\"},\"image\":{\"@id\":\"https:\\\/\\\/capscrea.com\\\/index.php\\\/contacts\\\/#primaryimage\"},\"thumbnailUrl\":\"https:\\\/\\\/capscrea.com\\\/wp-content\\\/uploads\\\/2024\\\/01\\\/Design-sans-titre-2-150x150.png\",\"datePublished\":\"2024-02-12T08:59:37+00:00\",\"dateModified\":\"2024-02-19T15:04:16+00:00\",\"breadcrumb\":{\"@id\":\"https:\\\/\\\/capscrea.com\\\/index.php\\\/contacts\\\/#breadcrumb\"},\"inLanguage\":\"fr-FR\",\"potentialAction\":[{\"@type\":\"ReadAction\",\"target\":[\"https:\\\/\\\/capscrea.com\\\/index.php\\\/contacts\\\/\"]}]},{\"@type\":\"ImageObject\",\"inLanguage\":\"fr-FR\",\"@id\":\"https:\\\/\\\/capscrea.com\\\/index.php\\\/contacts\\\/#primaryimage\",\"url\":\"https:\\\/\\\/capscrea.com\\\/wp-content\\\/uploads\\\/2024\\\/01\\\/Design-sans-titre-2.png\",\"contentUrl\":\"https:\\\/\\\/capscrea.com\\\/wp-content\\\/uploads\\\/2024\\\/01\\\/Design-sans-titre-2.png\",\"width\":500,\"height\":500,\"caption\":\"LOGO-CAPS-CREA\"},{\"@type\":\"BreadcrumbList\",\"@id\":\"https:\\\/\\\/capscrea.com\\\/index.php\\\/contacts\\\/#breadcrumb\",\"itemListElement\":[{\"@type\":\"ListItem\",\"position\":1,\"name\":\"Accueil\",\"item\":\"https:\\\/\\\/capscrea.com\\\/\"},{\"@type\":\"ListItem\",\"position\":2,\"name\":\"Contacts\"}]},{\"@type\":\"WebSite\",\"@id\":\"https:\\\/\\\/capscrea.com\\\/#website\",\"url\":\"https:\\\/\\\/capscrea.com\\\/\",\"name\":\"CAPS CREA\",\"description\":\"Rien ne se perd tout se transforme !\",\"publisher\":{\"@id\":\"https:\\\/\\\/capscrea.com\\\/#organization\"},\"alternateName\":\"Sacs faits mains\",\"potentialAction\":[{\"@type\":\"SearchAction\",\"target\":{\"@type\":\"EntryPoint\",\"urlTemplate\":\"https:\\\/\\\/capscrea.com\\\/?s={search_term_string}\"},\"query-input\":{\"@type\":\"PropertyValueSpecification\",\"valueRequired\":true,\"valueName\":\"search_term_string\"}}],\"inLanguage\":\"fr-FR\"},{\"@type\":\"Organization\",\"@id\":\"https:\\\/\\\/capscrea.com\\\/#organization\",\"name\":\"CAPS CREA\",\"url\":\"https:\\\/\\\/capscrea.com\\\/\",\"logo\":{\"@type\":\"ImageObject\",\"inLanguage\":\"fr-FR\",\"@id\":\"https:\\\/\\\/capscrea.com\\\/#\\\/schema\\\/logo\\\/image\\\/\",\"url\":\"https:\\\/\\\/capscrea.com\\\/wp-content\\\/uploads\\\/2024\\\/01\\\/cropped-Design-sans-titre-2.png\",\"contentUrl\":\"https:\\\/\\\/capscrea.com\\\/wp-content\\\/uploads\\\/2024\\\/01\\\/cropped-Design-sans-titre-2.png\",\"width\":500,\"height\":450,\"caption\":\"CAPS CREA\"},\"image\":{\"@id\":\"https:\\\/\\\/capscrea.com\\\/#\\\/schema\\\/logo\\\/image\\\/\"},\"sameAs\":[\"https:\\\/\\\/capscrea.com\",\"https:\\\/\\\/x.com\\\/capscrea\"]}]}<\/script>\n<!-- \/ Yoast SEO plugin. -->","yoast_head_json":{"title":"Contacts - CAPS CREA","robots":{"index":"index","follow":"follow","max-snippet":"max-snippet:-1","max-image-preview":"max-image-preview:large","max-video-preview":"max-video-preview:-1"},"canonical":"https:\/\/capscrea.com\/index.php\/contacts\/","og_locale":"fr_FR","og_type":"article","og_title":"Contacts - CAPS CREA","og_description":"Formulaire de contact CAPS CREA 60 Rue Emile Rimbaud83400 Hy\u00e8res T\u00e9l\u00e9phone06.60.66.51.92 Emailcontacts@capscrea.com O\u00f9 nous trouver?","og_url":"https:\/\/capscrea.com\/index.php\/contacts\/","og_site_name":"CAPS CREA","article_publisher":"https:\/\/capscrea.com","article_modified_time":"2024-02-19T15:04:16+00:00","og_image":[{"url":"https:\/\/capscrea.com\/wp-content\/uploads\/2024\/01\/Design-sans-titre-2-150x150.png","type":"","width":"","height":""}],"twitter_card":"summary_large_image","twitter_site":"@capscrea","twitter_misc":{"Dur\u00e9e de lecture estim\u00e9e":"1 minute"},"schema":{"@context":"https:\/\/schema.org","@graph":[{"@type":"WebPage","@id":"https:\/\/capscrea.com\/index.php\/contacts\/","url":"https:\/\/capscrea.com\/index.php\/contacts\/","name":"Contacts - CAPS CREA","isPartOf":{"@id":"https:\/\/capscrea.com\/#website"},"primaryImageOfPage":{"@id":"https:\/\/capscrea.com\/index.php\/contacts\/#primaryimage"},"image":{"@id":"https:\/\/capscrea.com\/index.php\/contacts\/#primaryimage"},"thumbnailUrl":"https:\/\/capscrea.com\/wp-content\/uploads\/2024\/01\/Design-sans-titre-2-150x150.png","datePublished":"2024-02-12T08:59:37+00:00","dateModified":"2024-02-19T15:04:16+00:00","breadcrumb":{"@id":"https:\/\/capscrea.com\/index.php\/contacts\/#breadcrumb"},"inLanguage":"fr-FR","potentialAction":[{"@type":"ReadAction","target":["https:\/\/capscrea.com\/index.php\/contacts\/"]}]},{"@type":"ImageObject","inLanguage":"fr-FR","@id":"https:\/\/capscrea.com\/index.php\/contacts\/#primaryimage","url":"https:\/\/capscrea.com\/wp-content\/uploads\/2024\/01\/Design-sans-titre-2.png","contentUrl":"https:\/\/capscrea.com\/wp-content\/uploads\/2024\/01\/Design-sans-titre-2.png","width":500,"height":500,"caption":"LOGO-CAPS-CREA"},{"@type":"BreadcrumbList","@id":"https:\/\/capscrea.com\/index.php\/contacts\/#breadcrumb","itemListElement":[{"@type":"ListItem","position":1,"name":"Accueil","item":"https:\/\/capscrea.com\/"},{"@type":"ListItem","position":2,"name":"Contacts"}]},{"@type":"WebSite","@id":"https:\/\/capscrea.com\/#website","url":"https:\/\/capscrea.com\/","name":"CAPS CREA","description":"Rien ne se perd tout se transforme !","publisher":{"@id":"https:\/\/capscrea.com\/#organization"},"alternateName":"Sacs faits mains","potentialAction":[{"@type":"SearchAction","target":{"@type":"EntryPoint","urlTemplate":"https:\/\/capscrea.com\/?s={search_term_string}"},"query-input":{"@type":"PropertyValueSpecification","valueRequired":true,"valueName":"search_term_string"}}],"inLanguage":"fr-FR"},{"@type":"Organization","@id":"https:\/\/capscrea.com\/#organization","name":"CAPS CREA","url":"https:\/\/capscrea.com\/","logo":{"@type":"ImageObject","inLanguage":"fr-FR","@id":"https:\/\/capscrea.com\/#\/schema\/logo\/image\/","url":"https:\/\/capscrea.com\/wp-content\/uploads\/2024\/01\/cropped-Design-sans-titre-2.png","contentUrl":"https:\/\/capscrea.com\/wp-content\/uploads\/2024\/01\/cropped-Design-sans-titre-2.png","width":500,"height":450,"caption":"CAPS CREA"},"image":{"@id":"https:\/\/capscrea.com\/#\/schema\/logo\/image\/"},"sameAs":["https:\/\/capscrea.com","https:\/\/x.com\/capscrea"]}]}},"jetpack_sharing_enabled":true,"_links":{"self":[{"href":"https:\/\/capscrea.com\/index.php\/wp-json\/wp\/v2\/pages\/487","targetHints":{"allow":["GET"]}}],"collection":[{"href":"https:\/\/capscrea.com\/index.php\/wp-json\/wp\/v2\/pages"}],"about":[{"href":"https:\/\/capscrea.com\/index.php\/wp-json\/wp\/v2\/types\/page"}],"author":[{"embeddable":true,"href":"https:\/\/capscrea.com\/index.php\/wp-json\/wp\/v2\/users\/1"}],"replies":[{"embeddable":true,"href":"https:\/\/capscrea.com\/index.php\/wp-json\/wp\/v2\/comments?post=487"}],"version-history":[{"count":76,"href":"https:\/\/capscrea.com\/index.php\/wp-json\/wp\/v2\/pages\/487\/revisions"}],"predecessor-version":[{"id":670,"href":"https:\/\/capscrea.com\/index.php\/wp-json\/wp\/v2\/pages\/487\/revisions\/670"}],"wp:attachment":[{"href":"https:\/\/capscrea.com\/index.php\/wp-json\/wp\/v2\/media?parent=487"}],"curies":[{"name":"wp","href":"https:\/\/api.w.org\/{rel}","templated":true}]}}